{"id":75515,"date":"2025-11-24T16:11:55","date_gmt":"2025-11-24T15:11:55","guid":{"rendered":"https:\/\/specialspex.com\/product\/flow\/"},"modified":"2025-11-24T16:11:55","modified_gmt":"2025-11-24T15:11:55","slug":"flow","status":"publish","type":"product","link":"https:\/\/www.specialspex.com\/de\/sportbrille\/wintersport\/ski-und-snowboardbrillen\/bliz-flow\/","title":{"rendered":"Flow"},"content":{"rendered":"<p data-start=\"146\" data-end=\"683\">Die Bliz Flow ist eine hochwertige Skibrille f\u00fcr Wintersportler, die eine Kombination aus Komfort, Stabilit\u00e4t und klarer Sicht suchen. Die flexible Goggle-Konstruktion schmiegt sich bequem an das Gesicht an und passt gut unter eine Vielzahl von Helmen. Dank der effektiven Bel\u00fcftungskan\u00e4le und der Anti-Fog-Beschichtung bleibt die Scheibe auch bei intensiven Abfahrten, feuchtem Schnee oder pl\u00f6tzlichen Wetterumschw\u00fcngen klar. Die Flow bietet ein weites Sichtfeld und zuverl\u00e4ssigen Schutz, ideal f\u00fcr den Einsatz auf und abseits der Piste.   <\/p>\n<p data-start=\"685\" data-end=\"1080\">- Flexible Brillenkonstruktion f\u00fcr einen bequemen und stabilen Sitz<br data-start=\"757\" data-end=\"760\">- Gut bel\u00fcftete Scheibe mit starken Anti-Beschlag-Eigenschaften<br data-start=\"818\" data-end=\"821\">- Breites Sichtfeld f\u00fcr klare und zuverl\u00e4ssige Sicht unter allen Bedingungen<br data-start=\"896\" data-end=\"899\">- Helmkompatibles elastisches Band mit festem Halt<br data-start=\"949\" data-end=\"952\">- Korrekturgl\u00e4ser k\u00f6nnen \u00fcber einen Einsatzclip mit Korrekturgl\u00e4sern erhalten werden<\/p>\n","protected":false},"excerpt":{"rendered":"<p data-start=\"146\" data-end=\"683\">Die Bliz Flow ist eine hochwertige Skibrille f\u00fcr Wintersportler, die eine Kombination aus Komfort, Stabilit\u00e4t und klarer Sicht suchen. Die flexible Goggle-Konstruktion schmiegt sich bequem an das Gesicht an und passt gut unter eine Vielzahl von Helmen. Dank der effektiven Bel\u00fcftungskan\u00e4le und der Anti-Fog-Beschichtung bleibt die Scheibe auch bei intensiven Abfahrten, feuchtem Schnee oder pl\u00f6tzlichen Wetterumschw\u00fcngen klar. Die Flow bietet ein weites Sichtfeld und zuverl\u00e4ssigen Schutz, ideal f\u00fcr den Einsatz auf und abseits der Piste.   <\/p>\n<p data-start=\"685\" data-end=\"1080\">- Flexible Brillenkonstruktion f\u00fcr einen bequemen und stabilen Sitz<br data-start=\"757\" data-end=\"760\">- Gut bel\u00fcftete Scheibe mit starken Anti-Beschlag-Eigenschaften<br data-start=\"818\" data-end=\"821\">- Breites Sichtfeld f\u00fcr klare und zuverl\u00e4ssige Sicht unter allen Bedingungen<br data-start=\"896\" data-end=\"899\">- Helmkompatibles elastisches Band mit festem Halt<br data-start=\"949\" data-end=\"952\">- Korrekturgl\u00e4ser k\u00f6nnen \u00fcber einen Einsatzclip mit Korrekturgl\u00e4sern erhalten werden<\/p>\n","protected":false},"featured_media":66053,"template":"","meta":[],"product_brand":[820],"product_cat":[584,698,700],"product_tag":[],"class_list":{"0":"post-75515","1":"product","2":"type-product","3":"status-publish","4":"has-post-thumbnail","6":"product_brand-bliz","7":"product_cat-sportbrille","8":"product_cat-ski-und-snowboardbrillen","9":"product_cat-wintersport","10":"pa_geschikt-voor-frauen","11":"pa_geschikt-voor-manner","12":"pa_kleur-montuur-grau","13":"pa_kleur-montuur-schwarz","14":"pa_maat-montuur-gross","15":"pa_soort-bril-op-sterkte-ohne-sehstaerke","16":"pa_soort-bril-op-sterkte-with-prescription-insert","18":"first","19":"instock","20":"sale","21":"shipping-taxable","22":"purchasable","23":"product-type-variable"},"_links":{"self":[{"href":"https:\/\/www.specialspex.com\/de\/wp-json\/wp\/v2\/product\/75515","targetHints":{"allow":["GET"]}}],"collection":[{"href":"https:\/\/www.specialspex.com\/de\/wp-json\/wp\/v2\/product"}],"about":[{"href":"https:\/\/www.specialspex.com\/de\/wp-json\/wp\/v2\/types\/product"}],"wp:featuredmedia":[{"embeddable":true,"href":"https:\/\/www.specialspex.com\/de\/wp-json\/wp\/v2\/media\/66053"}],"wp:attachment":[{"href":"https:\/\/www.specialspex.com\/de\/wp-json\/wp\/v2\/media?parent=75515"}],"wp:term":[{"taxonomy":"product_brand","embeddable":true,"href":"https:\/\/www.specialspex.com\/de\/wp-json\/wp\/v2\/product_brand?post=75515"},{"taxonomy":"product_cat","embeddable":true,"href":"https:\/\/www.specialspex.com\/de\/wp-json\/wp\/v2\/product_cat?post=75515"},{"taxonomy":"product_tag","embeddable":true,"href":"https:\/\/www.specialspex.com\/de\/wp-json\/wp\/v2\/product_tag?post=75515"}],"curies":[{"name":"wp","href":"https:\/\/api.w.org\/{rel}","templated":true}]}}