{"id":75526,"date":"2025-11-21T13:55:41","date_gmt":"2025-11-21T12:55:41","guid":{"rendered":"https:\/\/specialspex.com\/product\/mantra-black-vzum-plasma\/"},"modified":"2025-11-21T13:55:41","modified_gmt":"2025-11-21T12:55:41","slug":"mantra-black-vzum-plasma","status":"publish","type":"product","link":"https:\/\/www.specialspex.com\/de\/sportbrille\/radfahrerbrille\/gravelbiker-radfahren\/alba-optics-mantra-black-vzum-plasma\/","title":{"rendered":"Mantra Black VZUM Plasma"},"content":{"rendered":"<p>Die Mantra Black VZUM Plasma von Alba Optics ist eine ultraleichte, rahmenlose Sportbrille, die f\u00fcr Radfahrer und andere Ausdauersportler entwickelt wurde, die maximale Leistung und Stil suchen. Die Herstellung in Italien war schon immer eine Priorit\u00e4t und ein grundlegender Wert f\u00fcr Alba Optics, und das spiegelt sich in der hochwertigen Verarbeitung und dem durchdachten Design wider. Das rahmenlose Design bietet ein breites und ungehindertes Sichtfeld, w\u00e4hrend die ergonomische Passform und die hervorragende Bel\u00fcftung f\u00fcr Komfort auf langen Fahrten sorgen. Die VZUM Plasma-Scheibe sorgt f\u00fcr klare Sicht, verbesserten Kontrast und pr\u00e4zise Detailwiedergabe.   <\/p>\n<p>- Ultraleichtes, rahmenloses Design f\u00fcr ein weites, ungehindertes Sichtfeld<br \/>\n- VZUM Plasma Linse f\u00fcr verbesserten Kontrast, Klarheit und Details<br \/>\n- Italienische Handwerkskunst mit langlebigen, hochwertigen Materialien<br \/>\n- Hervorragende Bel\u00fcftung zur Minimierung von Kondenswasser<br \/>\n- Kann mit Hilfe eines Einsatzclips in Korrekturgl\u00e4sern erhalten werden<br \/>\n- Schutzetui im Lieferumfang enthalten<\/p>\n","protected":false},"excerpt":{"rendered":"<p>Die Mantra Black VZUM Plasma von Alba Optics ist eine ultraleichte, rahmenlose Sportbrille, die f\u00fcr Radfahrer und andere Ausdauersportler entwickelt wurde, die maximale Leistung und Stil suchen. Die Herstellung in Italien war schon immer eine Priorit\u00e4t und ein grundlegender Wert f\u00fcr Alba Optics, und das spiegelt sich in der hochwertigen Verarbeitung und dem durchdachten Design wider. Das rahmenlose Design bietet ein breites und ungehindertes Sichtfeld, w\u00e4hrend die ergonomische Passform und die hervorragende Bel\u00fcftung f\u00fcr Komfort auf langen Fahrten sorgen. Die VZUM Plasma-Scheibe sorgt f\u00fcr klare Sicht, verbesserten Kontrast und pr\u00e4zise Detailwiedergabe.   <\/p>\n<p>- Ultraleichtes, rahmenloses Design f\u00fcr ein weites, ungehindertes Sichtfeld<br \/>\n- VZUM Plasma Linse f\u00fcr verbesserten Kontrast, Klarheit und Details<br \/>\n- Italienische Handwerkskunst mit langlebigen, hochwertigen Materialien<br \/>\n- Hervorragende Bel\u00fcftung zur Minimierung von Kondenswasser<br \/>\n- Kann mit Hilfe eines Einsatzclips in Korrekturgl\u00e4sern erhalten werden<br \/>\n- Schutzetui im Lieferumfang enthalten<\/p>\n","protected":false},"featured_media":65925,"template":"","meta":[],"product_brand":[821],"product_cat":[584,639,560,638,561,559,662],"product_tag":[],"class_list":{"0":"post-75526","1":"product","2":"type-product","3":"status-publish","4":"has-post-thumbnail","6":"product_brand-alba-optics","7":"product_cat-sportbrille","8":"product_cat-gravelbiker-radfahren","9":"product_cat-laufen","10":"product_cat-mountainbiking","11":"product_cat-radfahren","12":"product_cat-radfahrerbrille","13":"product_cat-trailrunning","14":"pa_geschikt-voor-frauen","15":"pa_geschikt-voor-manner","16":"pa_kleur-montuur-schwarz-2","17":"pa_kleur-montuur-schwarz-3","18":"pa_kleur-montuur-schwarz","19":"pa_maat-montuur-gross","20":"pa_maat-montuur-medium","21":"pa_soort-bril-op-sterkte-ohne-sehstaerke","22":"pa_soort-bril-op-sterkte-with-prescription-insert","24":"first","25":"instock","26":"shipping-taxable","27":"purchasable","28":"product-type-simple"},"_links":{"self":[{"href":"https:\/\/www.specialspex.com\/de\/wp-json\/wp\/v2\/product\/75526","targetHints":{"allow":["GET"]}}],"collection":[{"href":"https:\/\/www.specialspex.com\/de\/wp-json\/wp\/v2\/product"}],"about":[{"href":"https:\/\/www.specialspex.com\/de\/wp-json\/wp\/v2\/types\/product"}],"wp:featuredmedia":[{"embeddable":true,"href":"https:\/\/www.specialspex.com\/de\/wp-json\/wp\/v2\/media\/65925"}],"wp:attachment":[{"href":"https:\/\/www.specialspex.com\/de\/wp-json\/wp\/v2\/media?parent=75526"}],"wp:term":[{"taxonomy":"product_brand","embeddable":true,"href":"https:\/\/www.specialspex.com\/de\/wp-json\/wp\/v2\/product_brand?post=75526"},{"taxonomy":"product_cat","embeddable":true,"href":"https:\/\/www.specialspex.com\/de\/wp-json\/wp\/v2\/product_cat?post=75526"},{"taxonomy":"product_tag","embeddable":true,"href":"https:\/\/www.specialspex.com\/de\/wp-json\/wp\/v2\/product_tag?post=75526"}],"curies":[{"name":"wp","href":"https:\/\/api.w.org\/{rel}","templated":true}]}}