{"id":75529,"date":"2025-11-20T11:57:33","date_gmt":"2025-11-20T10:57:33","guid":{"rendered":"https:\/\/specialspex.com\/product\/evil-eye-trace-s\/"},"modified":"2025-11-20T11:57:33","modified_gmt":"2025-11-20T10:57:33","slug":"evil-eye-trace-s","status":"publish","type":"product","link":"https:\/\/www.specialspex.com\/de\/sportbrille\/bergsteigerbrille\/evil-eye-trace-s\/","title":{"rendered":"Trace XS"},"content":{"rendered":"<p data-start=\"141\" data-end=\"655\">Die Evil Eye Trace xS ist eine hochwertige Sportbrille, die speziell f\u00fcr Radfahrer, L\u00e4ufer und andere Ausdauersportler entwickelt wurde, die eine kompakte Passform ben\u00f6tigen. Die XS-Variante wurde f\u00fcr kleinere Gesichtsformen entwickelt und bietet eine stabile, eng anliegende Passform. Das leichte, aber robuste Design sorgt daf\u00fcr, dass die Brille auch bei langen Trainingseinheiten und wechselnden Bedingungen bequem sitzt. Die Wrap-around-Scheibenkonstruktion bietet ein weites Sichtfeld und einen hervorragenden Schutz vor Wind, Staub und grellem Licht.   <\/p>\n<p data-start=\"657\" data-end=\"1125\">- Leichtes und robustes Design f\u00fcr langanhaltenden Tragekomfort<br data-start=\"717\" data-end=\"720\">- Kompakte XS-Passform, ideal f\u00fcr kleinere Gesichtsformen<br data-start=\"777\" data-end=\"780\">- Wrap-around-Glasform f\u00fcr ein weites Sichtfeld und guten Windschutz<br data-start=\"854\" data-end=\"857\">- Verstellbare Nasenpads und Beinenden f\u00fcr optimalen Halt bei intensivem Sport<br data-start=\"941\" data-end=\"944\">- Erh\u00e4ltlich mit verschreibungspflichtigen Gl\u00e4sern mit hochwertigen Gl\u00e4sern von Specialspex oder originalen optischen L\u00f6sungen von Evil Eye (je nach Version)<br data-start=\"1085\" data-end=\"1088\">- Inklusive sch\u00fctzendem Aufbewahrungsetui<\/p>\n","protected":false},"excerpt":{"rendered":"<p data-start=\"141\" data-end=\"655\">Die Evil Eye Trace XS ist eine hochwertige Sportbrille, die speziell f\u00fcr Radfahrer, L\u00e4ufer und andere Ausdauersportler entwickelt wurde, die eine kompakte Passform ben\u00f6tigen. Die XS-Variante wurde f\u00fcr kleinere Gesichtsformen entwickelt und bietet eine stabile, eng anliegende Passform. Das leichte, aber robuste Design sorgt daf\u00fcr, dass die Brille auch bei langen Trainingseinheiten und wechselnden Bedingungen bequem sitzt. Die Wrap-around-Scheibenkonstruktion bietet ein weites Sichtfeld und einen hervorragenden Schutz vor Wind, Staub und grellem Licht.   <\/p>\n<p data-start=\"657\" data-end=\"1125\">- Leichtes und robustes Design f\u00fcr langanhaltenden Tragekomfort<br data-start=\"717\" data-end=\"720\">- Kompakte XS-Passform, ideal f\u00fcr kleinere Gesichtsformen<br data-start=\"777\" data-end=\"780\">- Wrap-around-Glasform f\u00fcr ein weites Sichtfeld und guten Windschutz<br data-start=\"854\" data-end=\"857\">- Verstellbare Nasenpads und Beinenden f\u00fcr optimalen Halt bei intensivem Sport<br data-start=\"941\" data-end=\"944\">- Erh\u00e4ltlich mit verschreibungspflichtigen Gl\u00e4sern mit hochwertigen Gl\u00e4sern von Specialspex oder originalen optischen L\u00f6sungen von Evil Eye (je nach Version)<br data-start=\"1085\" data-end=\"1088\">- Inklusive sch\u00fctzendem Aufbewahrungsetui<\/p>\n","protected":false},"featured_media":60208,"template":"","meta":[],"product_brand":[808],"product_cat":[584,658,660,560,638,561,559,664,665,662,661,700],"product_tag":[],"class_list":{"0":"post-75529","1":"product","2":"type-product","3":"status-publish","4":"has-post-thumbnail","6":"product_brand-evil-eye","7":"product_cat-sportbrille","8":"product_cat-bergsteigerbrille","9":"product_cat-golfbrille","10":"product_cat-laufen","11":"product_cat-mountainbiking","12":"product_cat-radfahren","13":"product_cat-radfahrerbrille","14":"product_cat-schlittschuhe","15":"product_cat-skilanglauf","16":"product_cat-trailrunning","17":"product_cat-wandern","18":"product_cat-wintersport","19":"pa_geschikt-voor-frauen","20":"pa_geschikt-voor-manner","21":"pa_kleur-montuur-grun","22":"pa_kleur-montuur-rot","23":"pa_kleur-montuur-schwarz","24":"pa_maat-montuur-extra-klein","25":"pa_maat-montuur-kinder-von-8-12-jahren","26":"pa_maat-montuur-klein","27":"pa_soort-bril-op-sterkte-mit-sehstaerke","28":"pa_soort-bril-op-sterkte-ohne-sehstaerke","29":"pa_soort-bril-op-sterkte-with-prescription-insert","31":"first","32":"instock","33":"sale","34":"shipping-taxable","35":"purchasable","36":"product-type-variable"},"_links":{"self":[{"href":"https:\/\/www.specialspex.com\/de\/wp-json\/wp\/v2\/product\/75529","targetHints":{"allow":["GET"]}}],"collection":[{"href":"https:\/\/www.specialspex.com\/de\/wp-json\/wp\/v2\/product"}],"about":[{"href":"https:\/\/www.specialspex.com\/de\/wp-json\/wp\/v2\/types\/product"}],"wp:featuredmedia":[{"embeddable":true,"href":"https:\/\/www.specialspex.com\/de\/wp-json\/wp\/v2\/media\/60208"}],"wp:attachment":[{"href":"https:\/\/www.specialspex.com\/de\/wp-json\/wp\/v2\/media?parent=75529"}],"wp:term":[{"taxonomy":"product_brand","embeddable":true,"href":"https:\/\/www.specialspex.com\/de\/wp-json\/wp\/v2\/product_brand?post=75529"},{"taxonomy":"product_cat","embeddable":true,"href":"https:\/\/www.specialspex.com\/de\/wp-json\/wp\/v2\/product_cat?post=75529"},{"taxonomy":"product_tag","embeddable":true,"href":"https:\/\/www.specialspex.com\/de\/wp-json\/wp\/v2\/product_tag?post=75529"}],"curies":[{"name":"wp","href":"https:\/\/api.w.org\/{rel}","templated":true}]}}