{"id":75628,"date":"2025-12-03T15:30:21","date_gmt":"2025-12-03T14:30:21","guid":{"rendered":"https:\/\/specialspex.com\/product\/radar-ev-s-path\/"},"modified":"2026-04-18T12:08:03","modified_gmt":"2026-04-18T10:08:03","slug":"radar-ev-s-path","status":"publish","type":"product","link":"https:\/\/www.specialspex.com\/de\/sportbrille\/bergsteigerbrille\/oakley-radar-ev-s-path\/","title":{"rendered":"Radar\u00ae EV S Path"},"content":{"rendered":"<p data-start=\"232\" data-end=\"677\">Die Oakley Radar EV S Path ist die kompakte Version der bekannten Radar EV-Serie und wurde speziell f\u00fcr jugendliche Sportler und Menschen mit einem schmaleren Gesicht entwickelt. Das gro\u00dfe Schilddesign bietet ein breites und klares Sichtfeld, w\u00e4hrend die S Path-Form verhindert, dass die Scheibe die Wangen ber\u00fchrt. Dadurch eignet sich die Brille hervorragend f\u00fcr junge Radfahrer, L\u00e4ufer und andere Sportler, die einen leichten, stabilen Rahmen ben\u00f6tigen, der perfekt sitzt.  <\/p>\n<p data-start=\"679\" data-end=\"934\">Der leichte O Matter-Rahmen sorgt f\u00fcr lang anhaltenden Tragekomfort und die Unobtainium-Nasenpads und -Ohrst\u00f6psel bieten auch beim Schwitzen einen festen Halt. Bel\u00fcftungs\u00f6ffnungen in Scheibe und Rahmen reduzieren das Beschlagen bei intensiven Trainingseinheiten. <\/p>\n<p data-start=\"936\" data-end=\"1416\">- Kompaktes Sportdesign f\u00fcr Jugendliche und kleine Gesichtsformen<br data-start=\"997\" data-end=\"1000\">- Shield-Glas mit zus\u00e4tzlicher Sicht am oberen Rand f\u00fcr optimalen \u00dcberblick<br data-start=\"1063\" data-end=\"1066\">- S-Pfad-Glasform, die die Wangen nicht ber\u00fchrt<br data-start=\"1113\" data-end=\"1116\">- Leichter und strapazierf\u00e4higer O Matter-Rahmen<br data-start=\"1159\" data-end=\"1162\">- Nasenpads und Ohrst\u00f6psel aus Unobtainium f\u00fcr besseren Halt bei Schwei\u00df<br data-start=\"1222\" data-end=\"1225\">- Bel\u00fcftungs\u00f6ffnungen zur Reduzierung von Kondenswasser<br data-start=\"1276\" data-end=\"1279\">- Erh\u00e4ltlich mit Prizm-Gl\u00e4sern f\u00fcr bessere Kontrast- und Detailsicht<br data-start=\"1345\" data-end=\"1348\">- Nicht verschreibungspflichtig<br data-start=\"1376\" data-end=\"1379\">- Inklusive Schutzh\u00fclle<\/p>\n","protected":false},"excerpt":{"rendered":"<p data-start=\"232\" data-end=\"677\">Die Oakley Radar EV S Path ist die kompakte Version der bekannten Radar EV-Serie und wurde speziell f\u00fcr jugendliche Sportler und Menschen mit einem schmaleren Gesicht entwickelt. Das gro\u00dfe Schilddesign bietet ein breites und klares Sichtfeld, w\u00e4hrend die S Path-Form verhindert, dass die Scheibe die Wangen ber\u00fchrt. Dadurch eignet sich die Brille hervorragend f\u00fcr junge Radfahrer, L\u00e4ufer und andere Sportler, die einen leichten, stabilen Rahmen ben\u00f6tigen, der perfekt sitzt.  <\/p>\n<p data-start=\"679\" data-end=\"934\">Der leichte O Matter-Rahmen sorgt f\u00fcr lang anhaltenden Tragekomfort und die Unobtainium-Nasenpads und -Ohrst\u00f6psel bieten auch beim Schwitzen einen festen Halt. Bel\u00fcftungs\u00f6ffnungen in Scheibe und Rahmen reduzieren das Beschlagen bei intensiven Trainingseinheiten. <\/p>\n<p data-start=\"936\" data-end=\"1416\">- Kompaktes Sportdesign f\u00fcr Jugendliche und kleine Gesichtsformen<br data-start=\"997\" data-end=\"1000\">- Shield-Glas mit zus\u00e4tzlicher Sicht am oberen Rand f\u00fcr optimalen \u00dcberblick<br data-start=\"1063\" data-end=\"1066\">- S-Pfad-Glasform, die die Wangen nicht ber\u00fchrt<br data-start=\"1113\" data-end=\"1116\">- Leichter und strapazierf\u00e4higer O Matter-Rahmen<br data-start=\"1159\" data-end=\"1162\">- Nasenpads und Ohrst\u00f6psel aus Unobtainium f\u00fcr besseren Halt bei Schwei\u00df<br data-start=\"1222\" data-end=\"1225\">- Bel\u00fcftungs\u00f6ffnungen zur Reduzierung von Kondenswasser<br data-start=\"1276\" data-end=\"1279\">- Erh\u00e4ltlich mit Prizm-Gl\u00e4sern f\u00fcr bessere Kontrast- und Detailsicht<br data-start=\"1345\" data-end=\"1348\">- Nicht verschreibungspflichtig<br data-start=\"1376\" data-end=\"1379\">- Inklusive Schutzh\u00fclle<\/p>\n","protected":false},"featured_media":71381,"template":"","meta":[],"product_brand":[806],"product_cat":[584,658,660,639,560,638,561,559,663,662,661,688],"product_tag":[],"class_list":{"0":"post-75628","1":"product","2":"type-product","3":"status-publish","4":"has-post-thumbnail","6":"product_brand-oakley","7":"product_cat-sportbrille","8":"product_cat-bergsteigerbrille","9":"product_cat-golfbrille","10":"product_cat-gravelbiker-radfahren","11":"product_cat-laufen","12":"product_cat-mountainbiking","13":"product_cat-radfahren","14":"product_cat-radfahrerbrille","15":"product_cat-segeln","16":"product_cat-trailrunning","17":"product_cat-wandern","18":"product_cat-wassersport","19":"pa_geschikt-voor-frauen","20":"pa_geschikt-voor-sportbrillen-fuer-kinder","21":"pa_kleur-montuur-grau","22":"pa_kleur-montuur-schwarz","23":"pa_kleur-montuur-schwarz-2","24":"pa_kleur-montuur-schwarz-3","25":"pa_kleur-montuur-weiss","26":"pa_maat-montuur-extra-klein","27":"pa_maat-montuur-junge-erwachsene-10-16-jahre","28":"pa_soort-bril-op-sterkte-mit-korrektionsglaesern-im-visier","29":"pa_soort-bril-op-sterkte-ohne-sehstaerke","31":"first","32":"instock","33":"sale","34":"shipping-taxable","35":"purchasable","36":"product-type-variable"},"_links":{"self":[{"href":"https:\/\/www.specialspex.com\/de\/wp-json\/wp\/v2\/product\/75628","targetHints":{"allow":["GET"]}}],"collection":[{"href":"https:\/\/www.specialspex.com\/de\/wp-json\/wp\/v2\/product"}],"about":[{"href":"https:\/\/www.specialspex.com\/de\/wp-json\/wp\/v2\/types\/product"}],"wp:featuredmedia":[{"embeddable":true,"href":"https:\/\/www.specialspex.com\/de\/wp-json\/wp\/v2\/media\/71381"}],"wp:attachment":[{"href":"https:\/\/www.specialspex.com\/de\/wp-json\/wp\/v2\/media?parent=75628"}],"wp:term":[{"taxonomy":"product_brand","embeddable":true,"href":"https:\/\/www.specialspex.com\/de\/wp-json\/wp\/v2\/product_brand?post=75628"},{"taxonomy":"product_cat","embeddable":true,"href":"https:\/\/www.specialspex.com\/de\/wp-json\/wp\/v2\/product_cat?post=75628"},{"taxonomy":"product_tag","embeddable":true,"href":"https:\/\/www.specialspex.com\/de\/wp-json\/wp\/v2\/product_tag?post=75628"}],"curies":[{"name":"wp","href":"https:\/\/api.w.org\/{rel}","templated":true}]}}