{"id":75637,"date":"2025-12-03T16:13:50","date_gmt":"2025-12-03T15:13:50","guid":{"rendered":"https:\/\/specialspex.com\/product\/oakley-meta-vanguard\/"},"modified":"2025-12-03T16:13:50","modified_gmt":"2025-12-03T15:13:50","slug":"oakley-meta-vanguard","status":"publish","type":"product","link":"https:\/\/www.specialspex.com\/de\/sportbrille\/golfbrille\/oakley-meta-vanguard\/","title":{"rendered":"Vanguard Meta"},"content":{"rendered":"<p data-start=\"196\" data-end=\"453\">Die Oakley Meta Vanguard ist keine gew\u00f6hnliche Sonnenbrille - sie ist eine Hightech-All-in-One &#8222;Performance AI&#8220;-Brille, die Sport, Technologie und Lifestyle miteinander verbindet. Sie ist ideal f\u00fcr Sportler, die Wert auf Funktionalit\u00e4t, Konnektivit\u00e4t und Leistung legen. <\/p>\n<hr data-start=\"455\" data-end=\"458\">\n<h3 data-start=\"460\" data-end=\"501\">Hauptmerkmale &amp; Technologie<\/h3>\n<p data-start=\"503\" data-end=\"671\">- Smarte Funktionen &amp; Kamera - Ausgestattet mit einer zentrierten 12 MP Weitwinkelkamera mit ultraweitem Sichtfeld f\u00fcr freih\u00e4ndige Fotos und Videos mit bis zu 3K Aufl\u00f6sung<\/p>\n<p data-start=\"673\" data-end=\"863\">- Audio- und Sprachsteuerung - Integrierte offene Lautsprecher und ein Array aus f\u00fcnf Mikrofonen f\u00fcr Musik, Anrufe und Sprachbefehle, ohne dass du dein Telefon in die Hand nehmen musst<\/p>\n<p data-start=\"865\" data-end=\"1017\">- Konnektivit\u00e4t und App-Integration - Wifi und Bluetooth f\u00fcr die Verbindung mit deinem Smartphone, einschlie\u00dflich der Integration mit verschiedenen Trainings- und Lifestyle-Apps<\/p>\n<p data-start=\"1019\" data-end=\"1179\">- Langlebiger Akku + Ladekoffer - Bis zu 9 Stunden t\u00e4glicher Gebrauch oder 6 Stunden ununterbrochene Audiowiedergabe; der mitgelieferte Ladekoffer verl\u00e4ngert die Nutzungszeit um etwa 36 Stunden<\/p>\n<p data-start=\"1181\" data-end=\"1384\">- Leistungsstarke Gl\u00e4ser und Rahmen - Mit Prizm-Gl\u00e4sern f\u00fcr bessere Farb- und Kontrastsicht; der O Matter-Rahmen ist schwei\u00df-, staub- und wasserabweisend und f\u00fcr intensive Sportbedingungen geeignet<\/p>\n<p data-start=\"1386\" data-end=\"1554\">- Komfort und Stabilit\u00e4t - Entwickelt, um auch bei intensiver Bewegung stabil zu bleiben; geeignet f\u00fcr die Verwendung mit Helm oder M\u00fctze und mit IP67-Widerstand<\/p>\n<hr data-start=\"1556\" data-end=\"1559\">\n<h3 data-start=\"1561\" data-end=\"1578\">Geeignet f\u00fcr<\/h3>\n<p data-start=\"1580\" data-end=\"1905\">- Radfahren, Mountainbiken, Laufen und Trailrunning<br data-start=\"1634\" data-end=\"1637\">- Outdoor-Aktivit\u00e4ten wie Wandern, Klettern und Wintersport<br data-start=\"1694\" data-end=\"1697\">- Sportler, die ihre Fahrten, Strecken oder Trainingseinheiten filmen wollen<br data-start=\"1758\" data-end=\"1761\">- Nutzer, die Musik h\u00f6ren oder ohne Ohrh\u00f6rer telefonieren wollen<br data-start=\"1828\" data-end=\"1831\">- Fitness- und Wearable-Enthusiasten, die Daten und Medien miteinander verbinden wollen<\/p>\n<hr data-start=\"1907\" data-end=\"1910\">\n<h3 data-start=\"1912\" data-end=\"1932\">Im Paket<\/h3>\n<p data-start=\"1934\" data-end=\"2170\">- Oakley Meta Vanguard Smart Glasses<br data-start=\"1966\" data-end=\"1969\">- Ladeetui mit Powerbank-Funktion<br data-start=\"2002\" data-end=\"2005\">- Verstellbare Nasenpads f\u00fcr optimalen Sitz<br data-start=\"2049\" data-end=\"2052\">- Reinigungstuch<br data-start=\"2070\" data-end=\"2073\">- Benutzerhandbuch<br data-start=\"2096\" data-end=\"2099\">- Zugang zur Meta App f\u00fcr Einstellungen, Medien und Smart Features<\/p>\n","protected":false},"excerpt":{"rendered":"<p data-start=\"196\" data-end=\"453\">Die Oakley Meta Vanguard ist keine gew\u00f6hnliche Sonnenbrille - sie ist eine Hightech-All-in-One &#8222;Performance AI&#8220;-Brille, die Sport, Technologie und Lifestyle miteinander verbindet. Sie ist ideal f\u00fcr Sportler, die Wert auf Funktionalit\u00e4t, Konnektivit\u00e4t und Leistung legen. <\/p>\n<hr data-start=\"455\" data-end=\"458\">\n<h3 data-start=\"460\" data-end=\"501\">Hauptmerkmale &amp; Technologie<\/h3>\n<p data-start=\"503\" data-end=\"671\">- Smarte Funktionen &amp; Kamera - Ausgestattet mit einer zentrierten 12 MP Weitwinkelkamera mit ultraweitem Sichtfeld f\u00fcr freih\u00e4ndige Fotos und Videos mit bis zu 3K Aufl\u00f6sung<\/p>\n<p data-start=\"673\" data-end=\"863\">- Audio- und Sprachsteuerung - Integrierte offene Lautsprecher und ein Array aus f\u00fcnf Mikrofonen f\u00fcr Musik, Anrufe und Sprachbefehle, ohne dass du dein Telefon in die Hand nehmen musst<\/p>\n<p data-start=\"865\" data-end=\"1017\">- Konnektivit\u00e4t und App-Integration - Wifi und Bluetooth f\u00fcr die Verbindung mit deinem Smartphone, einschlie\u00dflich der Integration mit verschiedenen Trainings- und Lifestyle-Apps<\/p>\n<p data-start=\"1019\" data-end=\"1179\">- Langlebiger Akku + Ladekoffer - Bis zu 9 Stunden t\u00e4glicher Gebrauch oder 6 Stunden ununterbrochene Audiowiedergabe; der mitgelieferte Ladekoffer verl\u00e4ngert die Nutzungszeit um etwa 36 Stunden<\/p>\n<p data-start=\"1181\" data-end=\"1384\">- Leistungsstarke Gl\u00e4ser und Rahmen - Mit Prizm-Gl\u00e4sern f\u00fcr bessere Farb- und Kontrastsicht; der O Matter-Rahmen ist schwei\u00df-, staub- und wasserabweisend und f\u00fcr intensive Sportbedingungen geeignet<\/p>\n<p data-start=\"1386\" data-end=\"1554\">- Komfort und Stabilit\u00e4t - Entwickelt, um auch bei intensiver Bewegung stabil zu bleiben; geeignet f\u00fcr die Verwendung mit Helm oder M\u00fctze und mit IP67-Widerstand<\/p>\n<hr data-start=\"1556\" data-end=\"1559\">\n<h3 data-start=\"1561\" data-end=\"1578\">Geeignet f\u00fcr<\/h3>\n<p data-start=\"1580\" data-end=\"1905\">- Radfahren, Mountainbiken, Laufen und Trailrunning<br data-start=\"1634\" data-end=\"1637\">- Outdoor-Aktivit\u00e4ten wie Wandern, Klettern und Wintersport<br data-start=\"1694\" data-end=\"1697\">- Sportler, die ihre Fahrten, Strecken oder Trainingseinheiten filmen wollen<br data-start=\"1758\" data-end=\"1761\">- Nutzer, die Musik h\u00f6ren oder ohne Ohrh\u00f6rer telefonieren wollen<br data-start=\"1828\" data-end=\"1831\">- Fitness- und Wearable-Enthusiasten, die Daten und Medien miteinander verbinden wollen<\/p>\n<hr data-start=\"1907\" data-end=\"1910\">\n<h3 data-start=\"1912\" data-end=\"1932\">Im Paket<\/h3>\n<p data-start=\"1934\" data-end=\"2170\">- Oakley Meta Vanguard Smart Glasses<br data-start=\"1966\" data-end=\"1969\">- Ladeetui mit Powerbank-Funktion<br data-start=\"2002\" data-end=\"2005\">- Verstellbare Nasenpads f\u00fcr optimalen Sitz<br data-start=\"2049\" data-end=\"2052\">- Reinigungstuch<br data-start=\"2070\" data-end=\"2073\">- Benutzerhandbuch<br data-start=\"2096\" data-end=\"2099\">- Zugang zur Meta App f\u00fcr Einstellungen, Medien und Smart Features<\/p>\n","protected":false},"featured_media":71451,"template":"","meta":[],"product_brand":[806],"product_cat":[584,660,639,560,638,561,559,662],"product_tag":[],"class_list":{"0":"post-75637","1":"product","2":"type-product","3":"status-publish","4":"has-post-thumbnail","6":"product_brand-oakley","7":"product_cat-sportbrille","8":"product_cat-golfbrille","9":"product_cat-gravelbiker-radfahren","10":"product_cat-laufen","11":"product_cat-mountainbiking","12":"product_cat-radfahren","13":"product_cat-radfahrerbrille","14":"product_cat-trailrunning","15":"pa_geschikt-voor-frauen","16":"pa_geschikt-voor-manner","17":"pa_kleur-montuur-schwarz","18":"pa_kleur-montuur-schwarz-2","19":"pa_kleur-montuur-weiss-3","20":"pa_kleur-montuur-weiss","21":"pa_maat-montuur-extra-gros","22":"pa_maat-montuur-gross","23":"pa_soort-bril-op-sterkte-ohne-sehstaerke","25":"first","26":"instock","27":"sale","28":"shipping-taxable","29":"purchasable","30":"product-type-variable"},"_links":{"self":[{"href":"https:\/\/www.specialspex.com\/de\/wp-json\/wp\/v2\/product\/75637","targetHints":{"allow":["GET"]}}],"collection":[{"href":"https:\/\/www.specialspex.com\/de\/wp-json\/wp\/v2\/product"}],"about":[{"href":"https:\/\/www.specialspex.com\/de\/wp-json\/wp\/v2\/types\/product"}],"wp:featuredmedia":[{"embeddable":true,"href":"https:\/\/www.specialspex.com\/de\/wp-json\/wp\/v2\/media\/71451"}],"wp:attachment":[{"href":"https:\/\/www.specialspex.com\/de\/wp-json\/wp\/v2\/media?parent=75637"}],"wp:term":[{"taxonomy":"product_brand","embeddable":true,"href":"https:\/\/www.specialspex.com\/de\/wp-json\/wp\/v2\/product_brand?post=75637"},{"taxonomy":"product_cat","embeddable":true,"href":"https:\/\/www.specialspex.com\/de\/wp-json\/wp\/v2\/product_cat?post=75637"},{"taxonomy":"product_tag","embeddable":true,"href":"https:\/\/www.specialspex.com\/de\/wp-json\/wp\/v2\/product_tag?post=75637"}],"curies":[{"name":"wp","href":"https:\/\/api.w.org\/{rel}","templated":true}]}}