{"id":75649,"date":"2025-12-03T14:41:32","date_gmt":"2025-12-03T13:41:32","guid":{"rendered":"https:\/\/specialspex.com\/product\/wheelhouse-rx-54\/"},"modified":"2026-04-18T12:08:04","modified_gmt":"2026-04-18T10:08:04","slug":"wheelhouse-rx-54","status":"publish","type":"product","link":"https:\/\/www.specialspex.com\/de\/sport-laessig\/oakley-wheelhouse-rx-54\/","title":{"rendered":"Wheelhouse RX 54"},"content":{"rendered":"<p data-start=\"196\" data-end=\"643\">Die Oakley Wheel House RX 54 ist eine schlanke und moderne Brillenfassung, die f\u00fcr t\u00e4glichen Komfort und klare Funktionalit\u00e4t entwickelt wurde. Das leichte O Matter-Material sorgt f\u00fcr eine langlebige und bequeme Passform, w\u00e4hrend die Metallakzente und die klaren Linien der Fassung einen zeitlosen, sportlichen Look verleihen. Der Drei-Punkt-Sitz von Oakley sorgt daf\u00fcr, dass die Gl\u00e4ser pr\u00e4zise ausgerichtet sind und den ganzen Tag \u00fcber optimalen Sehkomfort bieten.  <\/p>\n<p data-start=\"645\" data-end=\"807\">Mit ihrer mittleren bis gr\u00f6\u00dferen Passform ist die Wheel House RX 54 f\u00fcr eine Vielzahl von Tr\u00e4gern geeignet, die eine Kombination aus Stil, Komfort und Zuverl\u00e4ssigkeit suchen.<\/p>\n<p data-start=\"809\" data-end=\"1218\">- Leichte und robuste O Matter-Fassung<br data-start=\"852\" data-end=\"855\">- Schlankes, modernes Design mit dezenten Oakley-Details<br data-start=\"912\" data-end=\"915\">- Drei-Punkt-Sitz f\u00fcr eine stabile und pr\u00e4zise Ausrichtung der Gl\u00e4ser<br data-start=\"983\" data-end=\"986\">- Bequemer Tragekomfort f\u00fcr den t\u00e4glichen Gebrauch<br data-start=\"1032\" data-end=\"1035\">- Geeignet f\u00fcr mittlere bis gr\u00f6\u00dfere Gesichtsformen<br data-start=\"1089\" data-end=\"1092\">- Kann mit hochwertigen Specialspex-Gl\u00e4sern erworben werden <br data-start=\"1178\" data-end=\"1181\">- Inklusive Schutzetui<\/p>\n","protected":false},"excerpt":{"rendered":"<p data-start=\"196\" data-end=\"643\">Die Oakley Wheel House RX 54 ist eine schlanke und moderne Brillenfassung, die f\u00fcr t\u00e4glichen Komfort und klare Funktionalit\u00e4t entwickelt wurde. Das leichte O Matter-Material sorgt f\u00fcr eine langlebige und bequeme Passform, w\u00e4hrend die Metallakzente und die klaren Linien der Fassung einen zeitlosen, sportlichen Look verleihen. Der Drei-Punkt-Sitz von Oakley sorgt daf\u00fcr, dass die Gl\u00e4ser pr\u00e4zise ausgerichtet sind und den ganzen Tag \u00fcber optimalen Sehkomfort bieten.  <\/p>\n<p data-start=\"645\" data-end=\"807\">Mit ihrer mittleren bis gr\u00f6\u00dferen Passform ist die Wheel House RX 54 f\u00fcr eine Vielzahl von Tr\u00e4gern geeignet, die eine Kombination aus Stil, Komfort und Zuverl\u00e4ssigkeit suchen.<\/p>\n<p data-start=\"809\" data-end=\"1218\">- Leichte und robuste O Matter-Fassung<br data-start=\"852\" data-end=\"855\">- Schlankes, modernes Design mit dezenten Oakley-Details<br data-start=\"912\" data-end=\"915\">- Drei-Punkt-Sitz f\u00fcr eine stabile und pr\u00e4zise Ausrichtung der Gl\u00e4ser<br data-start=\"983\" data-end=\"986\">- Bequemer Tragekomfort bei l\u00e4ngerem t\u00e4glichen Gebrauch<br data-start=\"1032\" data-end=\"1035\">- Geeignet f\u00fcr mittlere bis gr\u00f6\u00dfere Gesichtsformen<br data-start=\"1089\" data-end=\"1092\">- Kann mit hochwertigen Specialspex-Gl\u00e4sern erworben werden <br data-start=\"1178\" data-end=\"1181\">- Schutzetui im Lieferumfang enthalten<\/p>\n","protected":false},"featured_media":71254,"template":"","meta":[],"product_brand":[806],"product_cat":[696],"product_tag":[],"class_list":{"0":"post-75649","1":"product","2":"type-product","3":"status-publish","4":"has-post-thumbnail","6":"product_brand-oakley","7":"product_cat-sport-laessig","8":"pa_geschikt-voor-frauen","9":"pa_geschikt-voor-manner","10":"pa_kleur-montuur-grau","11":"pa_kleur-montuur-schwarz","12":"pa_maat-montuur-extra-gros","13":"pa_soort-bril-op-sterkte-mit-sehstaerke","15":"first","16":"instock","17":"shipping-taxable","18":"purchasable","19":"product-type-variable"},"_links":{"self":[{"href":"https:\/\/www.specialspex.com\/de\/wp-json\/wp\/v2\/product\/75649","targetHints":{"allow":["GET"]}}],"collection":[{"href":"https:\/\/www.specialspex.com\/de\/wp-json\/wp\/v2\/product"}],"about":[{"href":"https:\/\/www.specialspex.com\/de\/wp-json\/wp\/v2\/types\/product"}],"wp:featuredmedia":[{"embeddable":true,"href":"https:\/\/www.specialspex.com\/de\/wp-json\/wp\/v2\/media\/71254"}],"wp:attachment":[{"href":"https:\/\/www.specialspex.com\/de\/wp-json\/wp\/v2\/media?parent=75649"}],"wp:term":[{"taxonomy":"product_brand","embeddable":true,"href":"https:\/\/www.specialspex.com\/de\/wp-json\/wp\/v2\/product_brand?post=75649"},{"taxonomy":"product_cat","embeddable":true,"href":"https:\/\/www.specialspex.com\/de\/wp-json\/wp\/v2\/product_cat?post=75649"},{"taxonomy":"product_tag","embeddable":true,"href":"https:\/\/www.specialspex.com\/de\/wp-json\/wp\/v2\/product_tag?post=75649"}],"curies":[{"name":"wp","href":"https:\/\/api.w.org\/{rel}","templated":true}]}}