{"id":75658,"date":"2025-11-28T10:12:55","date_gmt":"2025-11-28T09:12:55","guid":{"rendered":"https:\/\/specialspex.com\/product\/trajectory\/"},"modified":"2026-04-18T12:08:32","modified_gmt":"2026-04-18T10:08:32","slug":"trajectory","status":"publish","type":"product","link":"https:\/\/www.specialspex.com\/de\/sport-laessig\/oakley-trajectory\/","title":{"rendered":"Trajectory"},"content":{"rendered":"<p data-start=\"263\" data-end=\"833\">Die Oakley Trajectory ist ein auff\u00e4lliger und technischer Sportrahmen, der die Leistung von Oakleys Sportbrillen auf die n\u00e4chste Stufe hebt. Das coole Design mit 6-Base-Wrap bietet ein breites Sichtfeld und optimale Abdeckung, ideal f\u00fcr eine Vielzahl von Sportarten. Dank der Kombination aus einer NanO-Matter-Front und Premium-Titan-Glasfedern ist die Trajectory leicht, langlebig und perfekt ausbalanciert. Die verstellbare Passform mit TruBridge-Nasenpads aus Unobtainium sorgt daf\u00fcr, dass die Brille auch bei intensivem Training immer stabil bleibt.   <\/p>\n<p data-start=\"835\" data-end=\"1282\">- Funktionelles Sportdesign mit breiter Abdeckung und weitem Sichtfeld<br data-start=\"900\" data-end=\"903\">- Front aus ultraleichtem NanO-Matter mit hochwertigen Titanscheibenfedern<br data-start=\"968\" data-end=\"971\">- Verstellbare Titanscheibenfedern, die bequem hinter den Ohren sitzen<br data-start=\"1041\" data-end=\"1044\">- Unobtainium-Ohrst\u00f6psel f\u00fcr zus\u00e4tzlichen Halt, auch wenn du schwitzt<br data-start=\"1105\" data-end=\"1108\">- TruBridge Unobtainium-Nasenpads f\u00fcr einen individuellen, rutschfesten Sitz<br data-start=\"1180\" data-end=\"1183\">- Kann mit hochwertigen Specialspex-Gl\u00e4sern erworben werden<br data-start=\"1242\" data-end=\"1245\">- Schutzetui im Lieferumfang enthalten<\/p>\n","protected":false},"excerpt":{"rendered":"<p data-start=\"263\" data-end=\"833\">Die Oakley Trajectory ist ein auff\u00e4lliger und technischer Sportrahmen, der die Leistung von Oakleys Sportbrillen auf die n\u00e4chste Stufe hebt. Das coole Design mit 6-Base-Wrap bietet ein breites Sichtfeld und optimale Abdeckung, ideal f\u00fcr eine Vielzahl von Sportarten. Dank der Kombination aus einer NanO-Matter-Front und Premium-Titan-Glasfedern ist die Trajectory leicht, langlebig und perfekt ausbalanciert. Die verstellbare Passform mit TruBridge-Nasenpads aus Unobtainium sorgt daf\u00fcr, dass die Brille auch bei intensivem Training immer stabil bleibt.   <\/p>\n<p data-start=\"835\" data-end=\"1282\">- Funktionelles Sportdesign mit breiter Abdeckung und weitem Sichtfeld<br data-start=\"900\" data-end=\"903\">- Front aus ultraleichtem NanO-Matter mit hochwertigen Titanscheibenfedern<br data-start=\"968\" data-end=\"971\">- Verstellbare Titanscheibenfedern, die bequem hinter den Ohren sitzen<br data-start=\"1041\" data-end=\"1044\">- Unobtainium-Ohrst\u00f6psel f\u00fcr zus\u00e4tzlichen Halt, auch wenn du schwitzt<br data-start=\"1105\" data-end=\"1108\">- TruBridge Unobtainium-Nasenpads f\u00fcr einen individuellen, rutschfesten Sitz<br data-start=\"1180\" data-end=\"1183\">- Kann mit hochwertigen Specialspex-Gl\u00e4sern erworben werden<br data-start=\"1242\" data-end=\"1245\">- Schutzetui im Lieferumfang enthalten<\/p>\n","protected":false},"featured_media":67769,"template":"","meta":[],"product_brand":[806],"product_cat":[584,696],"product_tag":[],"class_list":{"0":"post-75658","1":"product","2":"type-product","3":"status-publish","4":"has-post-thumbnail","6":"product_brand-oakley","7":"product_cat-sportbrille","8":"product_cat-sport-laessig","9":"pa_geschikt-voor-frauen","10":"pa_geschikt-voor-manner","11":"pa_kleur-montuur-rot","12":"pa_kleur-montuur-schwarz","13":"pa_maat-montuur-extra-gros","14":"pa_maat-montuur-gross","15":"pa_soort-bril-op-sterkte-mit-sehstaerke","17":"first","18":"instock","19":"sale","20":"shipping-taxable","21":"purchasable","22":"product-type-variable"},"_links":{"self":[{"href":"https:\/\/www.specialspex.com\/de\/wp-json\/wp\/v2\/product\/75658","targetHints":{"allow":["GET"]}}],"collection":[{"href":"https:\/\/www.specialspex.com\/de\/wp-json\/wp\/v2\/product"}],"about":[{"href":"https:\/\/www.specialspex.com\/de\/wp-json\/wp\/v2\/types\/product"}],"wp:featuredmedia":[{"embeddable":true,"href":"https:\/\/www.specialspex.com\/de\/wp-json\/wp\/v2\/media\/67769"}],"wp:attachment":[{"href":"https:\/\/www.specialspex.com\/de\/wp-json\/wp\/v2\/media?parent=75658"}],"wp:term":[{"taxonomy":"product_brand","embeddable":true,"href":"https:\/\/www.specialspex.com\/de\/wp-json\/wp\/v2\/product_brand?post=75658"},{"taxonomy":"product_cat","embeddable":true,"href":"https:\/\/www.specialspex.com\/de\/wp-json\/wp\/v2\/product_cat?post=75658"},{"taxonomy":"product_tag","embeddable":true,"href":"https:\/\/www.specialspex.com\/de\/wp-json\/wp\/v2\/product_tag?post=75658"}],"curies":[{"name":"wp","href":"https:\/\/api.w.org\/{rel}","templated":true}]}}