{"id":75669,"date":"2025-11-28T09:51:02","date_gmt":"2025-11-28T08:51:02","guid":{"rendered":"https:\/\/specialspex.com\/product\/ruthian\/"},"modified":"2025-11-28T09:51:02","modified_gmt":"2025-11-28T08:51:02","slug":"ruthian","status":"publish","type":"product","link":"https:\/\/www.specialspex.com\/de\/sportbrille\/wassersport\/fisch\/specialspex-ruthian\/","title":{"rendered":"Ruthian"},"content":{"rendered":"<p data-start=\"132\" data-end=\"632\">Die Ruthian kombiniert eine sportliche Passform mit einem modernen, stylischen Look. Dank der speziellen, verstellbaren Grip-Pads auf der Nase und dem zus\u00e4tzlichen Halt an den Beinen bleibt diese Brille auch bei intensiver Bewegung oder N\u00e4sse immer fest und bequem. Das leichte Design macht die Ruthian ideal f\u00fcr Wassersport, Laufen und alle Situationen, in denen Stabilit\u00e4t und Komfort wichtig sind. Das Design ist sportlich, kann aber genauso gut als Alltagssonnenbrille getragen werden.   <\/p>\n<p data-start=\"634\" data-end=\"957\">- Sportlich-modisches, alltagstaugliches Design<br data-start=\"692\" data-end=\"695\">- Grippads an der Nase f\u00fcr einen individuellen, stabilen Sitz<br data-start=\"768\" data-end=\"771\">- Grippads an den Beinen f\u00fcr zus\u00e4tzliche Sicherheit bei Bewegung oder Feuchtigkeit<br data-start=\"838\" data-end=\"841\">- Ideal f\u00fcr Wassersport, Laufen und aktiven Gebrauch<\/p>\n<p data-start=\"959\" data-end=\"1142\">Korrekturgl\u00e4ser m\u00f6glich<br data-start=\"978\" data-end=\"981\">Die Ruthian kann mit der von dir gew\u00e4hlten T\u00f6nung, selbstt\u00f6nenden Gl\u00e4sern oder Sportgl\u00e4sern, die perfekt zur Fassung passen, hergestellt werden.<\/p>\n","protected":false},"excerpt":{"rendered":"<p data-start=\"132\" data-end=\"632\">Die Ruthian kombiniert eine sportliche Passform mit einem modernen, stylischen Look. Dank der speziellen, verstellbaren Grip-Pads auf der Nase und dem zus\u00e4tzlichen Halt an den Beinen bleibt diese Brille auch bei intensiver Bewegung oder N\u00e4sse immer fest und bequem. Das leichte Design macht die Ruthian ideal f\u00fcr Wassersport, Laufen und alle Situationen, in denen Stabilit\u00e4t und Komfort wichtig sind. Das Design ist sportlich, kann aber genauso gut als Alltagssonnenbrille getragen werden.   <\/p>\n<p data-start=\"634\" data-end=\"957\">- Sportlich-modisches, alltagstaugliches Design<br data-start=\"692\" data-end=\"695\">- Grippads an der Nase f\u00fcr einen individuellen, stabilen Sitz<br data-start=\"768\" data-end=\"771\">- Grippads an den Beinen f\u00fcr zus\u00e4tzliche Sicherheit bei Bewegung oder Feuchtigkeit<br data-start=\"838\" data-end=\"841\">- Ideal f\u00fcr Wassersport, Laufen und aktiven Gebrauch<\/p>\n<p data-start=\"959\" data-end=\"1142\">Korrekturgl\u00e4ser m\u00f6glich<br data-start=\"978\" data-end=\"981\">Die Ruthian kann mit der von dir gew\u00e4hlten T\u00f6nung, selbstt\u00f6nenden Gl\u00e4sern oder Sportgl\u00e4sern, die perfekt zur Fassung passen, hergestellt werden.<\/p>\n","protected":false},"featured_media":48718,"template":"","meta":[],"product_brand":[783],"product_cat":[695,560,591,593,663,587,588,661],"product_tag":[],"class_list":{"0":"post-75669","1":"product","2":"type-product","3":"status-publish","4":"has-post-thumbnail","6":"product_brand-specialspex","7":"product_cat-fisch","8":"product_cat-laufen","9":"product_cat-padel","10":"product_cat-racket-sportarten","11":"product_cat-segeln","12":"product_cat-squash","13":"product_cat-tennis","14":"product_cat-wandern","16":"first","17":"instock","18":"shipping-taxable","19":"purchasable","20":"product-type-simple"},"_links":{"self":[{"href":"https:\/\/www.specialspex.com\/de\/wp-json\/wp\/v2\/product\/75669","targetHints":{"allow":["GET"]}}],"collection":[{"href":"https:\/\/www.specialspex.com\/de\/wp-json\/wp\/v2\/product"}],"about":[{"href":"https:\/\/www.specialspex.com\/de\/wp-json\/wp\/v2\/types\/product"}],"wp:featuredmedia":[{"embeddable":true,"href":"https:\/\/www.specialspex.com\/de\/wp-json\/wp\/v2\/media\/48718"}],"wp:attachment":[{"href":"https:\/\/www.specialspex.com\/de\/wp-json\/wp\/v2\/media?parent=75669"}],"wp:term":[{"taxonomy":"product_brand","embeddable":true,"href":"https:\/\/www.specialspex.com\/de\/wp-json\/wp\/v2\/product_brand?post=75669"},{"taxonomy":"product_cat","embeddable":true,"href":"https:\/\/www.specialspex.com\/de\/wp-json\/wp\/v2\/product_cat?post=75669"},{"taxonomy":"product_tag","embeddable":true,"href":"https:\/\/www.specialspex.com\/de\/wp-json\/wp\/v2\/product_tag?post=75669"}],"curies":[{"name":"wp","href":"https:\/\/api.w.org\/{rel}","templated":true}]}}