{"id":75680,"date":"2025-11-28T09:26:35","date_gmt":"2025-11-28T08:26:35","guid":{"rendered":"https:\/\/specialspex.com\/product\/pete\/"},"modified":"2025-11-28T09:26:35","modified_gmt":"2025-11-28T08:26:35","slug":"pete","status":"publish","type":"product","link":"https:\/\/www.specialspex.com\/de\/sportbrille\/racket-sportarten\/padel\/specialspex-pete\/","title":{"rendered":"Pete"},"content":{"rendered":"<p data-start=\"206\" data-end=\"562\">Die Specialspex Pete wurde entwickelt, um die ideale Tennisbrille zu sein: ultraleicht, stabil und mit einem v\u00f6llig ungehinderten Sichtfeld. Die randlose Konstruktion erm\u00f6glicht es dir, den Ball, den Platz und deinen Gegner ohne visuelle Hindernisse zu sehen, was deine Reaktionszeit und Konzentration verbessert. Der Rahmen ist eng, aber bequem, ideal f\u00fcr schnelle Bewegungen und lange Matches.  <\/p>\n<p data-start=\"997\" data-end=\"1382\">- Ultraleichtes Design f\u00fcr maximalen Tragekomfort bei intensivem Tennis<br data-start=\"1069\" data-end=\"1072\">- Randlose Konstruktion f\u00fcr ein klares Sichtfeld ohne Rahmenbehinderung<br data-start=\"1144\" data-end=\"1147\">- Stabile Passform f\u00fcr schnelle, explosive Bewegungen auf dem Platz<br data-start=\"1211\" data-end=\"1214\">- Gemacht f\u00fcr Tennis, Padel und andere Ballsportarten mit schnellen Reaktionen<br data-start=\"1283\" data-end=\"1286\">Erh\u00e4ltlich mit Korrektionsgl\u00e4sern<br data-start=\"1403\" data-end=\"1406\">Die Specialspex Pete ist voll verschreibungspflichtig mit speziell gebogenen Gl\u00e4sern in der von dir gew\u00e4hlten T\u00f6nung, einschlie\u00dflich Co-T\u00f6nungsoptionen. W\u00e4hle zwischen Specialspex-Sondergl\u00e4sern oder hochwertigen Sportgl\u00e4sern, die perfekt zum randlosen Design passen. <\/p>\n","protected":false},"excerpt":{"rendered":"<p data-start=\"206\" data-end=\"562\">Die Specialspex Pete wurde entwickelt, um die ideale Tennisbrille zu sein: ultraleicht, stabil und mit einem v\u00f6llig ungehinderten Sichtfeld. Die randlose Konstruktion erm\u00f6glicht es dir, den Ball, den Platz und deinen Gegner ohne visuelle Hindernisse zu sehen, was deine Reaktionszeit und Konzentration verbessert. Der Rahmen ist eng, aber bequem, ideal f\u00fcr schnelle Bewegungen und lange Matches.  <\/p>\n<p data-start=\"997\" data-end=\"1382\">- Ultraleichtes Design f\u00fcr maximalen Tragekomfort bei intensivem Tennis<br data-start=\"1069\" data-end=\"1072\">- Randlose Konstruktion f\u00fcr ein klares Sichtfeld ohne Rahmenbehinderung<br data-start=\"1144\" data-end=\"1147\">- Stabile Passform f\u00fcr schnelle, explosive Bewegungen auf dem Platz<br data-start=\"1211\" data-end=\"1214\">- Gemacht f\u00fcr Tennis, Padel und andere Ballsportarten mit schnellen Reaktionen<br data-start=\"1283\" data-end=\"1286\">Erh\u00e4ltlich mit Korrektionsgl\u00e4sern<br data-start=\"1403\" data-end=\"1406\">Die Specialspex Pete ist voll verschreibungspflichtig mit speziell gebogenen Gl\u00e4sern in der von dir gew\u00e4hlten T\u00f6nung, einschlie\u00dflich Co-T\u00f6nungsoptionen. W\u00e4hle zwischen Specialspex-Sondergl\u00e4sern oder hochwertigen Sportgl\u00e4sern, die perfekt zum randlosen Design passen. <\/p>\n","protected":false},"featured_media":8681,"template":"","meta":[],"product_brand":[783],"product_cat":[593,591,696,587,588],"product_tag":[],"class_list":{"0":"post-75680","1":"product","2":"type-product","3":"status-publish","4":"has-post-thumbnail","6":"product_brand-specialspex","7":"product_cat-racket-sportarten","8":"product_cat-padel","9":"product_cat-sport-laessig","10":"product_cat-squash","11":"product_cat-tennis","12":"pa_geschikt-voor-frauen","13":"pa_geschikt-voor-manner","14":"pa_kleur-montuur-grau","15":"pa_maat-montuur-gross","16":"pa_maat-montuur-medium","17":"pa_soort-bril-op-sterkte-mit-sehstaerke","19":"first","20":"instock","21":"shipping-taxable","22":"purchasable","23":"product-type-simple"},"_links":{"self":[{"href":"https:\/\/www.specialspex.com\/de\/wp-json\/wp\/v2\/product\/75680","targetHints":{"allow":["GET"]}}],"collection":[{"href":"https:\/\/www.specialspex.com\/de\/wp-json\/wp\/v2\/product"}],"about":[{"href":"https:\/\/www.specialspex.com\/de\/wp-json\/wp\/v2\/types\/product"}],"wp:featuredmedia":[{"embeddable":true,"href":"https:\/\/www.specialspex.com\/de\/wp-json\/wp\/v2\/media\/8681"}],"wp:attachment":[{"href":"https:\/\/www.specialspex.com\/de\/wp-json\/wp\/v2\/media?parent=75680"}],"wp:term":[{"taxonomy":"product_brand","embeddable":true,"href":"https:\/\/www.specialspex.com\/de\/wp-json\/wp\/v2\/product_brand?post=75680"},{"taxonomy":"product_cat","embeddable":true,"href":"https:\/\/www.specialspex.com\/de\/wp-json\/wp\/v2\/product_cat?post=75680"},{"taxonomy":"product_tag","embeddable":true,"href":"https:\/\/www.specialspex.com\/de\/wp-json\/wp\/v2\/product_tag?post=75680"}],"curies":[{"name":"wp","href":"https:\/\/api.w.org\/{rel}","templated":true}]}}