{"id":75685,"date":"2025-11-27T16:54:50","date_gmt":"2025-11-27T15:54:50","guid":{"rendered":"https:\/\/specialspex.com\/product\/arcade\/"},"modified":"2025-11-27T16:54:50","modified_gmt":"2025-11-27T15:54:50","slug":"arcade","status":"publish","type":"product","link":"https:\/\/www.specialspex.com\/de\/sportbrille\/julbo-arcade\/","title":{"rendered":"Arcade"},"content":{"rendered":"<p data-start=\"115\" data-end=\"479\">Die ARCADE Sonnenbrille ist f\u00fcr Abenteurer im Alter von 6 bis 10 Jahren gedacht. Die robusten Kunststoffrahmen sind langlebig, w\u00e4hrend die geschwungene Form die Augen optimal vor der Sonne sch\u00fctzt. Leicht gebogene Beine sorgen f\u00fcr einen perfekten Sitz und die Innenseite ist mit verspielten geometrischen Mustern verziert. Ein sportliches Modell, das zeigt, dass Stil kein Alter kennt.   <\/p>\n<p data-start=\"481\" data-end=\"704\" data-is-last-node=\"\" data-is-only-node=\"\">- Stabiler Kunststoffrahmen<br data-start=\"507\" data-end=\"510\">- Geschwungene Form f\u00fcr optimalen Sonnenschutz<br data-start=\"553\" data-end=\"556\">- Leicht geschwungene Beine f\u00fcr guten Sitz<br data-start=\"598\" data-end=\"601\">- Verspielte geometrische Muster im Inneren<br data-start=\"641\" data-end=\"644\">- Sportlicher Look<br data-start=\"667\" data-end=\"670\">- Geeignet f\u00fcr Kinder von 6-10 Jahren<\/p>\n<p>&nbsp;<\/p>\n","protected":false},"excerpt":{"rendered":"<p data-start=\"115\" data-end=\"479\">Die ARCADE Sonnenbrille ist f\u00fcr Abenteurer im Alter von 6 bis 10 Jahren gedacht. Die robusten Kunststoffrahmen sind langlebig, w\u00e4hrend die geschwungene Form die Augen optimal vor der Sonne sch\u00fctzt. Leicht gebogene Beine sorgen f\u00fcr einen perfekten Sitz und die Innenseite ist mit verspielten geometrischen Mustern verziert. Ein sportliches Modell, das zeigt, dass Stil kein Alter kennt.   <\/p>\n<p data-start=\"481\" data-end=\"704\" data-is-last-node=\"\" data-is-only-node=\"\">- Stabiler Kunststoffrahmen<br data-start=\"507\" data-end=\"510\">- Geschwungene Form f\u00fcr optimalen Sonnenschutz<br data-start=\"553\" data-end=\"556\">- Leicht geschwungene Beine f\u00fcr guten Sitz<br data-start=\"598\" data-end=\"601\">- Verspielte geometrische Muster im Inneren<br data-start=\"641\" data-end=\"644\">- Sportlicher Look<br data-start=\"667\" data-end=\"670\">- Geeignet f\u00fcr Kinder von 6-10 Jahren<\/p>\n","protected":false},"featured_media":67638,"template":"","meta":[],"product_brand":[790],"product_cat":[584,594],"product_tag":[],"class_list":{"0":"post-75685","1":"product","2":"type-product","3":"status-publish","4":"has-post-thumbnail","6":"product_brand-julbo","7":"product_cat-sportbrille","8":"product_cat-sportbrillen-fuer-kinder","9":"pa_geschikt-voor-sportbrillen-fuer-kinder","10":"pa_kleur-montuur-blau","11":"pa_kleur-montuur-gelb","12":"pa_kleur-montuur-schwarz","13":"pa_maat-montuur-extra-klein","14":"pa_maat-montuur-kinder-6-10-jahre","15":"pa_soort-bril-op-sterkte-mit-sehstaerke","16":"pa_soort-bril-op-sterkte-ohne-sehstaerke","18":"first","19":"instock","20":"shipping-taxable","21":"purchasable","22":"product-type-variable"},"_links":{"self":[{"href":"https:\/\/www.specialspex.com\/de\/wp-json\/wp\/v2\/product\/75685","targetHints":{"allow":["GET"]}}],"collection":[{"href":"https:\/\/www.specialspex.com\/de\/wp-json\/wp\/v2\/product"}],"about":[{"href":"https:\/\/www.specialspex.com\/de\/wp-json\/wp\/v2\/types\/product"}],"wp:featuredmedia":[{"embeddable":true,"href":"https:\/\/www.specialspex.com\/de\/wp-json\/wp\/v2\/media\/67638"}],"wp:attachment":[{"href":"https:\/\/www.specialspex.com\/de\/wp-json\/wp\/v2\/media?parent=75685"}],"wp:term":[{"taxonomy":"product_brand","embeddable":true,"href":"https:\/\/www.specialspex.com\/de\/wp-json\/wp\/v2\/product_brand?post=75685"},{"taxonomy":"product_cat","embeddable":true,"href":"https:\/\/www.specialspex.com\/de\/wp-json\/wp\/v2\/product_cat?post=75685"},{"taxonomy":"product_tag","embeddable":true,"href":"https:\/\/www.specialspex.com\/de\/wp-json\/wp\/v2\/product_tag?post=75685"}],"curies":[{"name":"wp","href":"https:\/\/api.w.org\/{rel}","templated":true}]}}