{"id":75697,"date":"2025-11-27T11:00:32","date_gmt":"2025-11-27T10:00:32","guid":{"rendered":"https:\/\/specialspex.com\/product\/lfg\/"},"modified":"2025-11-27T11:00:32","modified_gmt":"2025-11-27T10:00:32","slug":"lfg","status":"publish","type":"product","link":"https:\/\/www.specialspex.com\/de\/sportbrille\/laufen\/goodr-lfg\/","title":{"rendered":"LFG"},"content":{"rendered":"<p data-start=\"182\" data-end=\"505\">Die Goodr Sportbrille ist ein klassisches Modell, das bei sportlichen Aktivit\u00e4ten oder im Alltag bequem sitzt. Dank ihres geringen Gewichts und der rutschfesten Nasenauflagen aus Gummi bleibt die Brille fest an ihrem Platz, ideal f\u00fcr L\u00e4ufer. Dieses Modell ist perfekt f\u00fcr einen schmaleren Kopf und kombiniert Stil mit Funktionalit\u00e4t.  <\/p>\n<p data-start=\"507\" data-end=\"861\" data-is-only-node=\"\">- Leicht und bequem<br data-start=\"536\" data-end=\"539\">- Gummierte, rutschfeste Nasenauflagen f\u00fcr optimalen Halt<br data-start=\"590\" data-end=\"593\">- Geeignet f\u00fcr Sport und Alltag<br data-start=\"635\" data-end=\"638\">- Kann mit einer Sportbrille in der gew\u00fcnschten Farbe oder farblich angepasst werden<br data-start=\"708\" data-end=\"711\">- Gl\u00e4ser vollst\u00e4ndig anpassbar<br data-start=\"755\" data-end=\"758\">- Standard-Klarsichtgl\u00e4ser im Lieferumfang enthalten<br data-start=\"794\" data-end=\"797\">- Zierliches Design, speziell f\u00fcr schmale K\u00f6pfe gemacht<\/p>\n","protected":false},"excerpt":{"rendered":"<p data-start=\"182\" data-end=\"505\">Die Goodr Sportbrille ist ein klassisches Modell, das bei sportlichen Aktivit\u00e4ten oder im Alltag bequem sitzt. Dank ihres geringen Gewichts und der rutschfesten Nasenauflagen aus Gummi bleibt die Brille fest an ihrem Platz, ideal f\u00fcr L\u00e4ufer. Dieses Modell ist perfekt f\u00fcr einen schmaleren Kopf und kombiniert Stil mit Funktionalit\u00e4t.  <\/p>\n<p data-start=\"507\" data-end=\"861\" data-is-only-node=\"\">- Leicht und bequem<br data-start=\"536\" data-end=\"539\">- Gummierte, rutschfeste Nasenauflagen f\u00fcr optimalen Halt<br data-start=\"590\" data-end=\"593\">- Geeignet f\u00fcr Sport und Alltag<br data-start=\"635\" data-end=\"638\">- Kann mit einer Sportbrille in der gew\u00fcnschten Farbe oder farblich angepasst werden<br data-start=\"708\" data-end=\"711\">- Gl\u00e4ser vollst\u00e4ndig anpassbar<br data-start=\"755\" data-end=\"758\">- Standard-Klarsichtgl\u00e4ser im Lieferumfang enthalten<br data-start=\"794\" data-end=\"797\">- Zierliches Design, speziell f\u00fcr schmale K\u00f6pfe gemacht<\/p>\n","protected":false},"featured_media":67398,"template":"","meta":[],"product_brand":[800],"product_cat":[584,560],"product_tag":[],"class_list":{"0":"post-75697","1":"product","2":"type-product","3":"status-publish","4":"has-post-thumbnail","6":"product_brand-goodr","7":"product_cat-sportbrille","8":"product_cat-laufen","9":"pa_geschikt-voor-frauen","10":"pa_geschikt-voor-manner","11":"pa_kleur-montuur-schwarz","12":"pa_maat-montuur-junge-erwachsene-10-16-jahre","13":"pa_maat-montuur-klein","14":"pa_soort-bril-op-sterkte-mit-sehstaerke","15":"pa_soort-bril-op-sterkte-ohne-sehstaerke","17":"first","18":"instock","19":"shipping-taxable","20":"purchasable","21":"product-type-simple"},"_links":{"self":[{"href":"https:\/\/www.specialspex.com\/de\/wp-json\/wp\/v2\/product\/75697","targetHints":{"allow":["GET"]}}],"collection":[{"href":"https:\/\/www.specialspex.com\/de\/wp-json\/wp\/v2\/product"}],"about":[{"href":"https:\/\/www.specialspex.com\/de\/wp-json\/wp\/v2\/types\/product"}],"wp:featuredmedia":[{"embeddable":true,"href":"https:\/\/www.specialspex.com\/de\/wp-json\/wp\/v2\/media\/67398"}],"wp:attachment":[{"href":"https:\/\/www.specialspex.com\/de\/wp-json\/wp\/v2\/media?parent=75697"}],"wp:term":[{"taxonomy":"product_brand","embeddable":true,"href":"https:\/\/www.specialspex.com\/de\/wp-json\/wp\/v2\/product_brand?post=75697"},{"taxonomy":"product_cat","embeddable":true,"href":"https:\/\/www.specialspex.com\/de\/wp-json\/wp\/v2\/product_cat?post=75697"},{"taxonomy":"product_tag","embeddable":true,"href":"https:\/\/www.specialspex.com\/de\/wp-json\/wp\/v2\/product_tag?post=75697"}],"curies":[{"name":"wp","href":"https:\/\/api.w.org\/{rel}","templated":true}]}}