{"id":75703,"date":"2025-11-27T10:08:34","date_gmt":"2025-11-27T09:08:34","guid":{"rendered":"https:\/\/specialspex.com\/product\/red-sands\/"},"modified":"2026-04-18T12:08:38","modified_gmt":"2026-04-18T10:08:38","slug":"red-sands","status":"publish","type":"product","link":"https:\/\/www.specialspex.com\/de\/sportbrille\/wassersport\/fisch\/maui-jim-red-sands\/","title":{"rendered":"Red Sands"},"content":{"rendered":"<p data-start=\"42\" data-end=\"608\">Die Red Sands ist eine moderne, leichte Sonnenbrille mit einem entspannten Hawaii-Look. Das Design kombiniert eine schlanke Form mit einem matten Finish, wodurch die Brille sowohl l\u00e4ssig als auch sportlich aussieht. Die PolarizedPlus2-Gl\u00e4ser verst\u00e4rken die Farben, erh\u00f6hen den Kontrast und entfernen Blendeffekte vollst\u00e4ndig. Damit ist die Red Sands ideal f\u00fcr den t\u00e4glichen Gebrauch, am Strand, beim Autofahren, auf dem Motorrad und sogar auf dem Golfplatz. Der Rahmen aus leichtem und flexiblem Grilamid ist bequem und bleibt auch bei warmen Temperaturen oder aktiveren Bewegungen stabil.   <\/p>\n<p data-start=\"610\" data-end=\"952\">- Leichter und flexibler Grilamid-Rahmen mit modernem, mattem Look<br data-start=\"669\" data-end=\"672\">- PolarizedPlus2 Technologie f\u00fcr Farbverst\u00e4rkung, Kontrast und Blendschutz<br data-start=\"740\" data-end=\"743\">- Universelle Passform, die auch bei l\u00e4ngerem Tragen unter einem Helm bequem ist<br data-start=\"879\" data-end=\"882\">- Perfekt f\u00fcr Strand, Wasser, Alltag, Motorradfahren und Golf<\/p>\n<p data-start=\"954\" data-end=\"1186\">Erh\u00e4ltlich mit verschreibungspflichtigen Gl\u00e4sern<br data-start=\"973\" data-end=\"976\">Du kannst die Maui Jim Red Sands mit verschreibungspflichtigen Gl\u00e4sern von Specialspex oder mit originalen Maui Jim RX-Gl\u00e4sern anfertigen lassen. Beide Optionen bieten hervorragende Klarheit, vollen UV-Schutz und hohen Tragekomfort. <\/p>\n<p data-start=\"1188\" data-end=\"1302\" data-is-last-node=\"\" data-is-only-node=\"\">Willst du mehr wissen? Lies unseren Blog \u00fcber die Originalbrillen von Maui Jim: <br data-start=\"1245\" data-end=\"1248\"><a class=\"decorated-link cursor-pointer\" target=\"_new\" rel=\"noopener\" data-start=\"1248\" data-end=\"1302\" data-is-last-node=\"\">https:\/\/specialspex.com\/blog\/maui-jim-originele-glazen<\/a><\/p>\n","protected":false},"excerpt":{"rendered":"<p data-start=\"42\" data-end=\"608\">Die Red Sands ist eine moderne, leichte Sonnenbrille mit einem entspannten Hawaii-Look. Das Design kombiniert eine schlanke Form mit einem matten Finish, wodurch die Brille sowohl l\u00e4ssig als auch sportlich aussieht. Die PolarizedPlus2-Gl\u00e4ser verst\u00e4rken die Farben, erh\u00f6hen den Kontrast und entfernen Blendeffekte vollst\u00e4ndig. Damit ist die Red Sands ideal f\u00fcr den t\u00e4glichen Gebrauch, am Strand, beim Autofahren, auf dem Motorrad und sogar auf dem Golfplatz. Der Rahmen aus leichtem und flexiblem Grilamid sitzt bequem und bleibt stabil, auch bei warmen Temperaturen oder aktiveren Bewegungen.   <\/p>\n<p data-start=\"610\" data-end=\"952\">- Leichter und flexibler Grilamid-Rahmen mit modernem, mattem Look<br data-start=\"669\" data-end=\"672\">- PolarizedPlus2 Technologie f\u00fcr Farbverst\u00e4rkung, Kontrast und Blendschutz<br data-start=\"740\" data-end=\"743\">- Universelle Passform, die auch bei l\u00e4ngerem Tragen unter einem Helm bequem ist<br data-start=\"879\" data-end=\"882\">- Perfekt f\u00fcr Strand, Wasser, Alltag, Motorradfahren und Golf<\/p>\n<p data-start=\"954\" data-end=\"1186\">Erh\u00e4ltlich mit verschreibungspflichtigen Gl\u00e4sern<br data-start=\"973\" data-end=\"976\">Du kannst die Maui Jim Red Sands mit verschreibungspflichtigen Gl\u00e4sern von Specialspex oder mit originalen Maui Jim RX-Gl\u00e4sern anfertigen lassen. Beide Optionen bieten hervorragende Klarheit, vollen UV-Schutz und hohen Tragekomfort. <\/p>\n<p data-start=\"1188\" data-end=\"1302\" data-is-last-node=\"\" data-is-only-node=\"\">Willst du mehr wissen? Lies unseren Blog \u00fcber die Originalbrillen von Maui Jim: <br data-start=\"1245\" data-end=\"1248\"><a class=\"decorated-link cursor-pointer\" target=\"_new\" rel=\"noopener\" data-start=\"1248\" data-end=\"1302\" data-is-last-node=\"\">https:\/\/specialspex.com\/blog\/maui-jim-originele-glazen<\/a><\/p>\n","protected":false},"featured_media":67137,"template":"","meta":[],"product_brand":[818],"product_cat":[688,695,660,659,663,588,666,661],"product_tag":[],"class_list":{"0":"post-75703","1":"product","2":"type-product","3":"status-publish","4":"has-post-thumbnail","6":"product_brand-maui-jim","7":"product_cat-wassersport","8":"product_cat-fisch","9":"product_cat-golfbrille","10":"product_cat-motorradbrille","11":"product_cat-segeln","12":"product_cat-tennis","13":"product_cat-tourenmotorrad","14":"product_cat-wandern","15":"pa_geschikt-voor-manner","16":"pa_kleur-montuur-schildkroete","17":"pa_kleur-montuur-schwarz","18":"pa_maat-montuur-gross","19":"pa_maat-montuur-medium","20":"pa_soort-bril-op-sterkte-mit-sehstaerke","21":"pa_soort-bril-op-sterkte-ohne-sehstaerke","23":"first","24":"instock","25":"shipping-taxable","26":"purchasable","27":"product-type-variable"},"_links":{"self":[{"href":"https:\/\/www.specialspex.com\/de\/wp-json\/wp\/v2\/product\/75703","targetHints":{"allow":["GET"]}}],"collection":[{"href":"https:\/\/www.specialspex.com\/de\/wp-json\/wp\/v2\/product"}],"about":[{"href":"https:\/\/www.specialspex.com\/de\/wp-json\/wp\/v2\/types\/product"}],"wp:featuredmedia":[{"embeddable":true,"href":"https:\/\/www.specialspex.com\/de\/wp-json\/wp\/v2\/media\/67137"}],"wp:attachment":[{"href":"https:\/\/www.specialspex.com\/de\/wp-json\/wp\/v2\/media?parent=75703"}],"wp:term":[{"taxonomy":"product_brand","embeddable":true,"href":"https:\/\/www.specialspex.com\/de\/wp-json\/wp\/v2\/product_brand?post=75703"},{"taxonomy":"product_cat","embeddable":true,"href":"https:\/\/www.specialspex.com\/de\/wp-json\/wp\/v2\/product_cat?post=75703"},{"taxonomy":"product_tag","embeddable":true,"href":"https:\/\/www.specialspex.com\/de\/wp-json\/wp\/v2\/product_tag?post=75703"}],"curies":[{"name":"wp","href":"https:\/\/api.w.org\/{rel}","templated":true}]}}