{"id":75705,"date":"2025-11-27T09:59:18","date_gmt":"2025-11-27T08:59:18","guid":{"rendered":"https:\/\/specialspex.com\/product\/banyans\/"},"modified":"2025-11-27T09:59:18","modified_gmt":"2025-11-27T08:59:18","slug":"banyans","status":"publish","type":"product","link":"https:\/\/www.specialspex.com\/de\/sportbrille\/wassersport\/fisch\/banyans\/","title":{"rendered":"Banyans"},"content":{"rendered":"<p data-start=\"42\" data-end=\"520\">Die Banyans ist eines der vielseitigsten Sport-Lifestyle-Modelle von Maui Jim. Das rahmenlose Design bietet dir eine weite, offene Sicht ohne zus\u00e4tzliches Gewicht, w\u00e4hrend die Wrap-Form Schutz vor Seitenlicht bietet. Die PolarizedPlus2-Gl\u00e4ser verst\u00e4rken die Farben, erh\u00f6hen den Kontrast und eliminieren Blendeffekte auf Wasser- und Stra\u00dfenoberfl\u00e4chen. Mit ihrem leichten Grilamid-Material und der stabilen Passform ist die Banyans ideal zum Wandern, Laufen, Angeln, Golfen und sogar f\u00fcr Motorradfahrten.   <\/p>\n<p data-start=\"522\" data-end=\"904\">- Rahmenloses Design f\u00fcr ein leichtes, klares und weites Sichtfeld<br data-start=\"584\" data-end=\"587\">- Grilamid-Rahmen: leicht, flexibel und resistent gegen Hitze und Salz<br data-start=\"654\" data-end=\"657\">- PolarizedPlus2-Technologie f\u00fcr Farbe, Kontrast und Blendschutz<br data-start=\"791\" data-end=\"794\">- Wrap-around-Passform f\u00fcr Stabilit\u00e4t beim Sport und Bewegung<br data-start=\"854\" data-end=\"857\">- Geeignet f\u00fcr Wasser, Outdoor, Motorrad und Golf<\/p>\n<p data-start=\"906\" data-end=\"1117\">Verschreibung m\u00f6glich<br data-start=\"925\" data-end=\"928\">Du kannst dir die Maui Jim Banyans mit Specialspex Custom-Gl\u00e4sern oder mit originalen Maui Jim RX-Gl\u00e4sern verschreiben lassen. Beide Optionen bieten hervorragende Klarheit und vollen UV-Schutz. <\/p>\n<p data-start=\"1119\" data-end=\"1214\" data-is-last-node=\"\" data-is-only-node=\"\">Willst du mehr wissen? Lies unseren Blog \u00fcber die Originalbrillen von Maui Jim: <br data-start=\"1176\" data-end=\"1179\"><a class=\"decorated-link cursor-pointer\" target=\"_new\" rel=\"noopener\" data-start=\"1179\" data-end=\"1214\" data-is-last-node=\"\">https:\/\/specialspex.com\/blog\/maui-j<\/a><\/p>\n","protected":false},"excerpt":{"rendered":"<p data-start=\"42\" data-end=\"520\">Die Banyans ist eines der vielseitigsten Sport-Lifestyle-Modelle von Maui Jim. Das rahmenlose Design bietet dir eine weite, offene Sicht ohne zus\u00e4tzliches Gewicht, w\u00e4hrend die Wrap-Form Schutz vor Seitenlicht bietet. Die PolarizedPlus2-Gl\u00e4ser verst\u00e4rken die Farben, erh\u00f6hen den Kontrast und eliminieren Blendungen auf Wasser- und Stra\u00dfenoberfl\u00e4chen. Mit ihrem leichten Grilamid-Material und der stabilen Passform ist die Banyans ideal zum Wandern, Laufen, Angeln, Golfen und sogar f\u00fcr Motorradfahrten.   <\/p>\n<p data-start=\"522\" data-end=\"904\">- Rahmenloses Design f\u00fcr ein leichtes, klares und weites Sichtfeld<br data-start=\"584\" data-end=\"587\">- Grilamid-Rahmen: leicht, flexibel und resistent gegen Hitze und Salz<br data-start=\"654\" data-end=\"657\">- PolarizedPlus2-Technologie f\u00fcr Farbe, Kontrast und Blendschutz<br data-start=\"791\" data-end=\"794\">- Wrap-around-Passform f\u00fcr Stabilit\u00e4t beim Sport und Bewegung<br data-start=\"854\" data-end=\"857\">- Geeignet f\u00fcr Wasser, Outdoor, Motorrad und Golf<\/p>\n<p data-start=\"906\" data-end=\"1117\">Verschreibung m\u00f6glich<br data-start=\"925\" data-end=\"928\">Du kannst dir die Maui Jim Banyans mit Specialspex Custom-Gl\u00e4sern oder mit originalen Maui Jim RX-Gl\u00e4sern verschreiben lassen. Beide Optionen bieten hervorragende Klarheit und vollen UV-Schutz. <\/p>\n<p data-start=\"1119\" data-end=\"1214\" data-is-last-node=\"\" data-is-only-node=\"\">Willst du mehr wissen? Lies unseren Blog \u00fcber die Originalbrillen von Maui Jim: <br data-start=\"1176\" data-end=\"1179\"><a class=\"decorated-link cursor-pointer\" target=\"_new\" rel=\"noopener\" data-start=\"1179\" data-end=\"1214\" data-is-last-node=\"\">https:\/\/specialspex.com\/blog\/maui-j<\/a><\/p>\n","protected":false},"featured_media":67128,"template":"","meta":[],"product_brand":[],"product_cat":[659,695,660,560,663,666,661,688],"product_tag":[],"class_list":{"0":"post-75705","1":"product","2":"type-product","3":"status-publish","4":"has-post-thumbnail","6":"product_cat-motorradbrille","7":"product_cat-fisch","8":"product_cat-golfbrille","9":"product_cat-laufen","10":"product_cat-segeln","11":"product_cat-tourenmotorrad","12":"product_cat-wandern","13":"product_cat-wassersport","14":"pa_geschikt-voor-frauen","15":"pa_geschikt-voor-manner","16":"pa_kleur-montuur-schildkroete","17":"pa_maat-montuur-klein","18":"pa_maat-montuur-medium","19":"pa_soort-bril-op-sterkte-mit-sehstaerke","20":"pa_soort-bril-op-sterkte-ohne-sehstaerke","22":"first","23":"instock","24":"shipping-taxable","25":"purchasable","26":"product-type-simple"},"_links":{"self":[{"href":"https:\/\/www.specialspex.com\/de\/wp-json\/wp\/v2\/product\/75705","targetHints":{"allow":["GET"]}}],"collection":[{"href":"https:\/\/www.specialspex.com\/de\/wp-json\/wp\/v2\/product"}],"about":[{"href":"https:\/\/www.specialspex.com\/de\/wp-json\/wp\/v2\/types\/product"}],"wp:featuredmedia":[{"embeddable":true,"href":"https:\/\/www.specialspex.com\/de\/wp-json\/wp\/v2\/media\/67128"}],"wp:attachment":[{"href":"https:\/\/www.specialspex.com\/de\/wp-json\/wp\/v2\/media?parent=75705"}],"wp:term":[{"taxonomy":"product_brand","embeddable":true,"href":"https:\/\/www.specialspex.com\/de\/wp-json\/wp\/v2\/product_brand?post=75705"},{"taxonomy":"product_cat","embeddable":true,"href":"https:\/\/www.specialspex.com\/de\/wp-json\/wp\/v2\/product_cat?post=75705"},{"taxonomy":"product_tag","embeddable":true,"href":"https:\/\/www.specialspex.com\/de\/wp-json\/wp\/v2\/product_tag?post=75705"}],"curies":[{"name":"wp","href":"https:\/\/api.w.org\/{rel}","templated":true}]}}