{"id":75745,"date":"2025-12-04T10:44:59","date_gmt":"2025-12-04T09:44:59","guid":{"rendered":"https:\/\/specialspex.com\/product\/ellipse\/"},"modified":"2025-12-04T10:44:59","modified_gmt":"2025-12-04T09:44:59","slug":"ellipse","status":"publish","type":"product","link":"https:\/\/www.specialspex.com\/de\/sportbrille\/wintersport\/ski-und-snowboardbrillen\/julbo-ellipse\/","title":{"rendered":"Ellipse"},"content":{"rendered":"<p data-start=\"142\" data-end=\"441\">Die Ellipse Skibrille f\u00fcr Frauen bietet dank der doppelten sph\u00e4rischen Scheibe ein breites Sichtfeld. Das Air Flow System und die bel\u00fcftete Scheibe sorgen f\u00fcr eine optimale Bel\u00fcftung und verhindern Beschlag. Das minimalistische und feminine Design mit flie\u00dfenden Linien macht diese Skibrille stilvoll und bequem.  <\/p>\n<p data-start=\"443\" data-end=\"775\" data-is-last-node=\"\" data-is-only-node=\"\">- Doppelte sph\u00e4rische Linse f\u00fcr ein weites Sichtfeld<br data-start=\"491\" data-end=\"494\">- Air Flow Bel\u00fcftung verhindert Kondensation<br data-start=\"539\" data-end=\"542\">- Minimalistisches und feminines Design<br data-start=\"648\" data-end=\"651\">- SPECTRON Linsen aus leichtem und unzerbrechlichem Polycarbonat<br data-start=\"707\" data-end=\"710\">- Geeignet f\u00fcr alle Wetterbedingungen und intensive Skitouren<\/p>\n","protected":false},"excerpt":{"rendered":"<p data-start=\"142\" data-end=\"441\">Die Ellipse Skibrille f\u00fcr Frauen bietet dank der doppelten sph\u00e4rischen Scheibe ein breites Sichtfeld. Das Air Flow System und die bel\u00fcftete Scheibe sorgen f\u00fcr eine optimale Bel\u00fcftung und verhindern Beschlag. Das minimalistische und feminine Design mit flie\u00dfenden Linien macht diese Skibrille stilvoll und bequem.  <\/p>\n<p data-start=\"443\" data-end=\"775\" data-is-last-node=\"\" data-is-only-node=\"\">- Doppelte sph\u00e4rische Linse f\u00fcr ein weites Sichtfeld<br data-start=\"491\" data-end=\"494\">- Air Flow Bel\u00fcftung verhindert Kondensation<br data-start=\"539\" data-end=\"542\">- Minimalistisches und feminines Design<br data-start=\"648\" data-end=\"651\">- SPECTRON Linsen aus leichtem und unzerbrechlichem Polycarbonat<br data-start=\"707\" data-end=\"710\">- Geeignet f\u00fcr alle Wetterbedingungen und intensive Skitouren<\/p>\n","protected":false},"featured_media":60043,"template":"","meta":[],"product_brand":[790],"product_cat":[700,698],"product_tag":[],"class_list":{"0":"post-75745","1":"product","2":"type-product","3":"status-publish","4":"has-post-thumbnail","6":"product_brand-julbo","7":"product_cat-wintersport","8":"product_cat-ski-und-snowboardbrillen","9":"pa_geschikt-voor-frauen","10":"pa_kleur-montuur-blau","11":"pa_kleur-montuur-rosa","12":"pa_maat-montuur-klein","13":"pa_maat-montuur-medium","14":"pa_soort-bril-op-sterkte-ohne-sehstaerke","15":"pa_soort-bril-op-sterkte-with-prescription-insert","17":"first","18":"instock","19":"shipping-taxable","20":"purchasable","21":"product-type-simple"},"_links":{"self":[{"href":"https:\/\/www.specialspex.com\/de\/wp-json\/wp\/v2\/product\/75745","targetHints":{"allow":["GET"]}}],"collection":[{"href":"https:\/\/www.specialspex.com\/de\/wp-json\/wp\/v2\/product"}],"about":[{"href":"https:\/\/www.specialspex.com\/de\/wp-json\/wp\/v2\/types\/product"}],"wp:featuredmedia":[{"embeddable":true,"href":"https:\/\/www.specialspex.com\/de\/wp-json\/wp\/v2\/media\/60043"}],"wp:attachment":[{"href":"https:\/\/www.specialspex.com\/de\/wp-json\/wp\/v2\/media?parent=75745"}],"wp:term":[{"taxonomy":"product_brand","embeddable":true,"href":"https:\/\/www.specialspex.com\/de\/wp-json\/wp\/v2\/product_brand?post=75745"},{"taxonomy":"product_cat","embeddable":true,"href":"https:\/\/www.specialspex.com\/de\/wp-json\/wp\/v2\/product_cat?post=75745"},{"taxonomy":"product_tag","embeddable":true,"href":"https:\/\/www.specialspex.com\/de\/wp-json\/wp\/v2\/product_tag?post=75745"}],"curies":[{"name":"wp","href":"https:\/\/api.w.org\/{rel}","templated":true}]}}