{"id":75752,"date":"2025-12-04T10:29:08","date_gmt":"2025-12-04T09:29:08","guid":{"rendered":"https:\/\/specialspex.com\/product\/cyrius\/"},"modified":"2025-12-04T10:29:08","modified_gmt":"2025-12-04T09:29:08","slug":"cyrius","status":"publish","type":"product","link":"https:\/\/www.specialspex.com\/de\/sportbrille\/wintersport\/ski-und-snowboardbrillen\/julbo-cyrius\/","title":{"rendered":"Cyrius"},"content":{"rendered":"<p data-start=\"55\" data-end=\"519\">Die Julbo CYRIUS REACTIV 0-4 High Contrast ist eine selbstt\u00f6nende Skibrille mit einer gro\u00dfen zylindrischen Scheibe in einer rahmenlosen Konstruktion f\u00fcr ein maximales und ungehindertes Sichtfeld an jedem Wintersporttag. Die photochromatischen REACTIV-Gl\u00e4ser passen sich kontinuierlich dem Licht an und sorgen so f\u00fcr optimalen Schutz und Fokus. <\/p>\n<p data-start=\"521\" data-end=\"645\">Das breite, nahtlos integrierte Band und das moderne, klare Design sorgen f\u00fcr eine hochwertige Verarbeitung und hohen Tragekomfort.<\/p>\n<p data-start=\"647\" data-end=\"972\"><br data-start=\"674\" data-end=\"677\">- Rahmenloses Design mit gro\u00dfer zylindrischer Linse<br data-start=\"724\" data-end=\"727\">- REACTIV Photochromic Linse f\u00fcr klare Sicht bei allen Bedingungen<br data-start=\"807\" data-end=\"810\">- Breites Sichtfeld f\u00fcr maximale Konzentration beim Skifahren und Snowboarden<br data-start=\"879\" data-end=\"882\">- Perfekt integriertes, breites Band f\u00fcr stabilen Sitz<br data-start=\"940\" data-end=\"943\">- Stylisches und modernes Design<\/p>\n","protected":false},"excerpt":{"rendered":"<p data-start=\"55\" data-end=\"519\">Die Julbo CYRIUS besteht aus einer gro\u00dfen zylindrischen Scheibe in einer rahmenlosen Konstruktion, die ein maximales und ungehindertes Sichtfeld an jedem Wintersporttag bietet. Die photochromatischen REACTIV-Gl\u00e4ser passen sich kontinuierlich dem Licht an und sorgen so f\u00fcr optimalen Schutz und Fokus. <\/p>\n<p data-start=\"521\" data-end=\"645\">Das breite, nahtlos integrierte Band und das moderne, klare Design sorgen f\u00fcr eine hochwertige Verarbeitung und hohen Tragekomfort.<\/p>\n<p data-start=\"647\" data-end=\"972\"><br data-start=\"674\" data-end=\"677\">- Rahmenloses Design mit gro\u00dfer zylindrischer Linse<br data-start=\"724\" data-end=\"727\">- REACTIV Photochromic Linse f\u00fcr klare Sicht bei allen Bedingungen<br data-start=\"807\" data-end=\"810\">- Breites Sichtfeld f\u00fcr maximale Konzentration beim Skifahren und Snowboarden<br data-start=\"879\" data-end=\"882\">- Perfekt integriertes, breites Band f\u00fcr stabilen Sitz<br data-start=\"940\" data-end=\"943\">- Stylisches und modernes Design<\/p>\n","protected":false},"featured_media":61339,"template":"","meta":[],"product_brand":[790],"product_cat":[700,698],"product_tag":[],"class_list":{"0":"post-75752","1":"product","2":"type-product","3":"status-publish","4":"has-post-thumbnail","6":"product_brand-julbo","7":"product_cat-wintersport","8":"product_cat-ski-und-snowboardbrillen","9":"pa_geschikt-voor-frauen","10":"pa_geschikt-voor-manner","11":"pa_kleur-montuur-schwarz","12":"pa_maat-montuur-gross","13":"pa_maat-montuur-medium","14":"pa_soort-bril-op-sterkte-ohne-sehstaerke","15":"pa_soort-bril-op-sterkte-with-prescription-insert","17":"first","18":"instock","19":"sale","20":"shipping-taxable","21":"purchasable","22":"product-type-simple"},"_links":{"self":[{"href":"https:\/\/www.specialspex.com\/de\/wp-json\/wp\/v2\/product\/75752","targetHints":{"allow":["GET"]}}],"collection":[{"href":"https:\/\/www.specialspex.com\/de\/wp-json\/wp\/v2\/product"}],"about":[{"href":"https:\/\/www.specialspex.com\/de\/wp-json\/wp\/v2\/types\/product"}],"wp:featuredmedia":[{"embeddable":true,"href":"https:\/\/www.specialspex.com\/de\/wp-json\/wp\/v2\/media\/61339"}],"wp:attachment":[{"href":"https:\/\/www.specialspex.com\/de\/wp-json\/wp\/v2\/media?parent=75752"}],"wp:term":[{"taxonomy":"product_brand","embeddable":true,"href":"https:\/\/www.specialspex.com\/de\/wp-json\/wp\/v2\/product_brand?post=75752"},{"taxonomy":"product_cat","embeddable":true,"href":"https:\/\/www.specialspex.com\/de\/wp-json\/wp\/v2\/product_cat?post=75752"},{"taxonomy":"product_tag","embeddable":true,"href":"https:\/\/www.specialspex.com\/de\/wp-json\/wp\/v2\/product_tag?post=75752"}],"curies":[{"name":"wp","href":"https:\/\/api.w.org\/{rel}","templated":true}]}}