{"id":75763,"date":"2025-12-03T22:23:06","date_gmt":"2025-12-03T21:23:06","guid":{"rendered":"https:\/\/specialspex.com\/product\/liry\/"},"modified":"2025-12-03T22:23:06","modified_gmt":"2025-12-03T21:23:06","slug":"liry","status":"publish","type":"product","link":"https:\/\/www.specialspex.com\/de\/sportbrille\/laufen\/julbo-liry\/","title":{"rendered":"Liry"},"content":{"rendered":"<p data-start=\"55\" data-end=\"336\">Die Julbo LIRY ist eine innovative Sportbrille, die Leistung mit einer RX-L\u00f6sung ohne Eins\u00e4tze kombiniert. Der umh\u00fcllende Rahmen mit doppeltem Floating-Glas, optimaler Bel\u00fcftung und breitem Sichtfeld bietet Komfort, Stabilit\u00e4t und Schutz bei intensiven Outdoor-Aktivit\u00e4ten. <\/p>\n<p data-start=\"338\" data-end=\"680\"><br data-start=\"365\" data-end=\"368\">- Doppeltes Floating-Glas f\u00fcr weite Sicht und optimalen Schutz<br data-start=\"432\" data-end=\"435\">- Robuster, umh\u00fcllender Rahmen mit integriertem Metallscharnier<br data-start=\"498\" data-end=\"501\">- Vordere Bel\u00fcftung f\u00fcr maximale Luftzirkulation<br data-start=\"547\" data-end=\"550\">- 3D Fit Nose Evo Nase und CustomFit Beine f\u00fcr perfekten Halt<br data-start=\"610\" data-end=\"613\">- Ideal f\u00fcr Trailrunning, Radfahren und andere Outdoor-Aktivit\u00e4ten<\/p>\n<p>&nbsp;<\/p>\n","protected":false},"excerpt":{"rendered":"<p data-start=\"55\" data-end=\"336\">Die Julbo LIRY ist eine innovative Sportbrille, die Leistung mit einer RX-L\u00f6sung ohne Eins\u00e4tze kombiniert. Der umh\u00fcllende Rahmen mit doppeltem Floating-Glas, optimaler Bel\u00fcftung und breitem Sichtfeld bietet Komfort, Stabilit\u00e4t und Schutz bei intensiven Outdoor-Aktivit\u00e4ten. <\/p>\n<p data-start=\"338\" data-end=\"680\"><br data-start=\"365\" data-end=\"368\">- Doppeltes Floating-Glas f\u00fcr weite Sicht und optimalen Schutz<br data-start=\"432\" data-end=\"435\">- Robuster, umh\u00fcllender Rahmen mit integriertem Metallscharnier<br data-start=\"498\" data-end=\"501\">- Vordere Bel\u00fcftung f\u00fcr maximale Luftzirkulation<br data-start=\"547\" data-end=\"550\">- 3D Fit Nose Evo Nase und CustomFit Beine f\u00fcr perfekten Halt<br data-start=\"610\" data-end=\"613\">- Ideal f\u00fcr Trailrunning, Radfahren und andere Outdoor-Aktivit\u00e4ten<\/p>\n","protected":false},"featured_media":71897,"template":"","meta":[],"product_brand":[790],"product_cat":[584,560,638,561,559],"product_tag":[],"class_list":{"0":"post-75763","1":"product","2":"type-product","3":"status-publish","4":"has-post-thumbnail","6":"product_brand-julbo","7":"product_cat-sportbrille","8":"product_cat-laufen","9":"product_cat-mountainbiking","10":"product_cat-radfahren","11":"product_cat-radfahrerbrille","12":"pa_geschikt-voor-frauen","13":"pa_geschikt-voor-manner","14":"pa_kleur-montuur-blau","15":"pa_kleur-montuur-braun","16":"pa_kleur-montuur-grau","17":"pa_kleur-montuur-grau-2","18":"pa_kleur-montuur-grun","19":"pa_kleur-montuur-gruen","20":"pa_kleur-montuur-lila","21":"pa_kleur-montuur-schwarz","22":"pa_maat-montuur-medium","23":"pa_soort-bril-op-sterkte-mit-sehstaerke","25":"first","26":"instock","27":"sale","28":"shipping-taxable","29":"purchasable","30":"product-type-variable"},"_links":{"self":[{"href":"https:\/\/www.specialspex.com\/de\/wp-json\/wp\/v2\/product\/75763","targetHints":{"allow":["GET"]}}],"collection":[{"href":"https:\/\/www.specialspex.com\/de\/wp-json\/wp\/v2\/product"}],"about":[{"href":"https:\/\/www.specialspex.com\/de\/wp-json\/wp\/v2\/types\/product"}],"wp:featuredmedia":[{"embeddable":true,"href":"https:\/\/www.specialspex.com\/de\/wp-json\/wp\/v2\/media\/71897"}],"wp:attachment":[{"href":"https:\/\/www.specialspex.com\/de\/wp-json\/wp\/v2\/media?parent=75763"}],"wp:term":[{"taxonomy":"product_brand","embeddable":true,"href":"https:\/\/www.specialspex.com\/de\/wp-json\/wp\/v2\/product_brand?post=75763"},{"taxonomy":"product_cat","embeddable":true,"href":"https:\/\/www.specialspex.com\/de\/wp-json\/wp\/v2\/product_cat?post=75763"},{"taxonomy":"product_tag","embeddable":true,"href":"https:\/\/www.specialspex.com\/de\/wp-json\/wp\/v2\/product_tag?post=75763"}],"curies":[{"name":"wp","href":"https:\/\/api.w.org\/{rel}","templated":true}]}}