{"id":75768,"date":"2025-12-03T21:26:20","date_gmt":"2025-12-03T20:26:20","guid":{"rendered":"https:\/\/specialspex.com\/product\/baylor\/"},"modified":"2025-12-03T21:26:20","modified_gmt":"2025-12-03T20:26:20","slug":"baylor","status":"publish","type":"product","link":"https:\/\/www.specialspex.com\/de\/sport-laessig\/julbo-baylor\/","title":{"rendered":"Baylor"},"content":{"rendered":"<p data-start=\"57\" data-end=\"275\">Die Julbo BAYLOR ist eine sportliche Brille, die perfekt f\u00fcr aktive Teenager ist. Der bequeme Rahmen, die verstellbaren, freiliegenden B\u00fcgel und die rutschfesten B\u00fcgelenden sorgen f\u00fcr einen stabilen Sitz bei allen Arten von Abenteuern. <\/p>\n<p data-start=\"277\" data-end=\"564\"><br data-start=\"304\" data-end=\"307\">- Sportlicher Look f\u00fcr aktive Teenager<br data-start=\"344\" data-end=\"347\">- Rechteckige Gl\u00e4ser mit komfortablem Spritzgussrahmen<br data-start=\"405\" data-end=\"408\">- Verstellbare, nach oben offene B\u00fcgel f\u00fcr optimalen Sitz<br data-start=\"462\" data-end=\"465\">- Rutschfeste Ohrst\u00f6psel f\u00fcr festen Halt<\/p>\n","protected":false},"excerpt":{"rendered":"<p data-start=\"57\" data-end=\"275\">Die Julbo BAYLOR ist eine sportliche Brille, die perfekt f\u00fcr aktive Teenager ist. Der bequeme Rahmen, die verstellbaren, freiliegenden B\u00fcgel und die rutschfesten B\u00fcgelenden sorgen f\u00fcr einen stabilen Sitz bei allen Arten von Abenteuern. <\/p>\n<p data-start=\"277\" data-end=\"564\"><br data-start=\"304\" data-end=\"307\">- Sportlicher Look f\u00fcr aktive Teenager<br data-start=\"344\" data-end=\"347\">- Rechteckige Gl\u00e4ser mit komfortablem Spritzgussrahmen<br data-start=\"405\" data-end=\"408\">- Verstellbare, nach oben offene B\u00fcgel f\u00fcr optimalen Sitz<br data-start=\"462\" data-end=\"465\">- Rutschfeste Ohrst\u00f6psel f\u00fcr festen Halt<\/p>\n","protected":false},"featured_media":71669,"template":"","meta":[],"product_brand":[790],"product_cat":[594,696],"product_tag":[],"class_list":{"0":"post-75768","1":"product","2":"type-product","3":"status-publish","4":"has-post-thumbnail","6":"product_brand-julbo","7":"product_cat-sportbrillen-fuer-kinder","8":"product_cat-sport-laessig","9":"pa_geschikt-voor-sportbrillen-fuer-kinder","10":"pa_kleur-montuur-gelb","11":"pa_kleur-montuur-schwarz","12":"pa_soort-bril-op-sterkte-mit-sehstaerke","14":"first","15":"instock","16":"shipping-taxable","17":"purchasable","18":"product-type-simple"},"_links":{"self":[{"href":"https:\/\/www.specialspex.com\/de\/wp-json\/wp\/v2\/product\/75768","targetHints":{"allow":["GET"]}}],"collection":[{"href":"https:\/\/www.specialspex.com\/de\/wp-json\/wp\/v2\/product"}],"about":[{"href":"https:\/\/www.specialspex.com\/de\/wp-json\/wp\/v2\/types\/product"}],"wp:featuredmedia":[{"embeddable":true,"href":"https:\/\/www.specialspex.com\/de\/wp-json\/wp\/v2\/media\/71669"}],"wp:attachment":[{"href":"https:\/\/www.specialspex.com\/de\/wp-json\/wp\/v2\/media?parent=75768"}],"wp:term":[{"taxonomy":"product_brand","embeddable":true,"href":"https:\/\/www.specialspex.com\/de\/wp-json\/wp\/v2\/product_brand?post=75768"},{"taxonomy":"product_cat","embeddable":true,"href":"https:\/\/www.specialspex.com\/de\/wp-json\/wp\/v2\/product_cat?post=75768"},{"taxonomy":"product_tag","embeddable":true,"href":"https:\/\/www.specialspex.com\/de\/wp-json\/wp\/v2\/product_tag?post=75768"}],"curies":[{"name":"wp","href":"https:\/\/api.w.org\/{rel}","templated":true}]}}