{"id":75776,"date":"2025-12-03T20:46:12","date_gmt":"2025-12-03T19:46:12","guid":{"rendered":"https:\/\/specialspex.com\/product\/split\/"},"modified":"2025-12-03T20:46:12","modified_gmt":"2025-12-03T19:46:12","slug":"split","status":"publish","type":"product","link":"https:\/\/www.specialspex.com\/de\/sport-laessig\/julbo-split\/","title":{"rendered":"Split"},"content":{"rendered":"<p data-start=\"56\" data-end=\"307\">Die Julbo SPLIT ist eine ultraleichte, leistungsstarke Brille f\u00fcr kleinere Gesichter. Das dynamische Design mit schwebenden Gl\u00e4sern und CustomFIT-Beinen bietet optimale Bel\u00fcftung, Komfort und Stabilit\u00e4t, auch unter einem Helm, auf dem Trail oder beim Radfahren. <\/p>\n<p data-start=\"309\" data-end=\"594\"><br data-start=\"336\" data-end=\"339\">- Ultrativer, leichter Rahmen mit dynamischen Linien<br data-start=\"394\" data-end=\"397\">- Schwimmende Gl\u00e4ser f\u00fcr zus\u00e4tzliche Leichtigkeit und Bel\u00fcftung<br data-start=\"449\" data-end=\"452\">- CustomFIT-Beine mit Grip Tech f\u00fcr perfekten Sitz<br data-start=\"505\" data-end=\"508\">- Komfortabel und stabil bei Helmnutzung<br data-start=\"552\" data-end=\"555\">- Ideal f\u00fcr Trailrunning und Radfahren<\/p>\n<p>&nbsp;<\/p>\n","protected":false},"excerpt":{"rendered":"<p data-start=\"56\" data-end=\"307\">Die Julbo SPLIT ist eine ultraleichte, leistungsstarke Brille f\u00fcr kleinere Gesichter. Das dynamische Design mit schwimmenden Gl\u00e4sern und CustomFIT-Beinen sorgt f\u00fcr optimale Bel\u00fcftung, Komfort und Stabilit\u00e4t, auch unter einem Helm, auf dem Trail oder beim Radfahren. <\/p>\n<p data-start=\"309\" data-end=\"594\"><br data-start=\"336\" data-end=\"339\">- Ultrativer, leichter Rahmen mit dynamischen Linien<br data-start=\"394\" data-end=\"397\">- Schwimmende Gl\u00e4ser f\u00fcr zus\u00e4tzliche Leichtigkeit und Bel\u00fcftung<br data-start=\"449\" data-end=\"452\">- CustomFIT-Beine mit Grip Tech f\u00fcr perfekten Sitz<br data-start=\"505\" data-end=\"508\">- Komfortabel und stabil bei Helmnutzung<br data-start=\"552\" data-end=\"555\">- Ideal f\u00fcr Trailrunning und Radfahren<\/p>\n","protected":false},"featured_media":61825,"template":"","meta":[],"product_brand":[790],"product_cat":[584,696],"product_tag":[],"class_list":{"0":"post-75776","1":"product","2":"type-product","3":"status-publish","4":"has-post-thumbnail","6":"product_brand-julbo","7":"product_cat-sportbrille","8":"product_cat-sport-laessig","9":"pa_geschikt-voor-frauen","10":"pa_geschikt-voor-manner","11":"pa_kleur-montuur-blau","12":"pa_kleur-montuur-rot","13":"pa_kleur-montuur-schwarz","14":"pa_maat-montuur-klein","15":"pa_maat-montuur-medium","16":"pa_soort-bril-op-sterkte-mit-sehstaerke","17":"pa_soort-bril-op-sterkte-ohne-sehstaerke","19":"first","20":"instock","21":"shipping-taxable","22":"purchasable","23":"product-type-variable"},"_links":{"self":[{"href":"https:\/\/www.specialspex.com\/de\/wp-json\/wp\/v2\/product\/75776","targetHints":{"allow":["GET"]}}],"collection":[{"href":"https:\/\/www.specialspex.com\/de\/wp-json\/wp\/v2\/product"}],"about":[{"href":"https:\/\/www.specialspex.com\/de\/wp-json\/wp\/v2\/types\/product"}],"wp:featuredmedia":[{"embeddable":true,"href":"https:\/\/www.specialspex.com\/de\/wp-json\/wp\/v2\/media\/61825"}],"wp:attachment":[{"href":"https:\/\/www.specialspex.com\/de\/wp-json\/wp\/v2\/media?parent=75776"}],"wp:term":[{"taxonomy":"product_brand","embeddable":true,"href":"https:\/\/www.specialspex.com\/de\/wp-json\/wp\/v2\/product_brand?post=75776"},{"taxonomy":"product_cat","embeddable":true,"href":"https:\/\/www.specialspex.com\/de\/wp-json\/wp\/v2\/product_cat?post=75776"},{"taxonomy":"product_tag","embeddable":true,"href":"https:\/\/www.specialspex.com\/de\/wp-json\/wp\/v2\/product_tag?post=75776"}],"curies":[{"name":"wp","href":"https:\/\/api.w.org\/{rel}","templated":true}]}}