{"id":75783,"date":"2025-12-03T20:31:42","date_gmt":"2025-12-03T19:31:42","guid":{"rendered":"https:\/\/specialspex.com\/product\/slack-cover\/"},"modified":"2025-12-03T20:31:42","modified_gmt":"2025-12-03T19:31:42","slug":"slack-cover","status":"publish","type":"product","link":"https:\/\/www.specialspex.com\/de\/sportbrille\/bergsteigerbrille\/julbo-slack-cover\/","title":{"rendered":"Slack Cover"},"content":{"rendered":"<p data-start=\"62\" data-end=\"414\">Die Julbo SLACK COVER beh\u00e4lt den mutigen und vielseitigen Charakter der SLACK bei, bietet aber zus\u00e4tzlichen Schutz und Funktionalit\u00e4t in den Bergen. Der leichte, komfortable Doppelbr\u00fcckenrahmen verwandelt sich dank der abnehmbaren Kappen an den Seiten und \u00fcber der Nase m\u00fchelos in ein Modell, das f\u00fcr H\u00f6henabenteuer bereit ist. <\/p>\n<p data-start=\"416\" data-end=\"720\"><br data-start=\"443\" data-end=\"446\">- Abnehmbare Kappen an den Seiten und auf der Nase f\u00fcr zus\u00e4tzlichen Schutz<br data-start=\"510\" data-end=\"513\">- Leichter und komfortabler Rahmen mit doppeltem Steg<br data-start=\"560\" data-end=\"563\">- Verbesserter Schutz vor Wind und grellem Licht<br data-start=\"611\" data-end=\"614\">- Vintage-Look kombiniert mit technischer Benutzerfreundlichkeit<br data-start=\"669\" data-end=\"672\">- Ideal zum Bergsteigen und f\u00fcr den t\u00e4glichen Gebrauch<\/p>\n<p>&nbsp;<\/p>\n","protected":false},"excerpt":{"rendered":"<p data-start=\"62\" data-end=\"414\">Die Julbo SLACK COVER beh\u00e4lt den mutigen und vielseitigen Charakter der SLACK bei, bietet aber zus\u00e4tzlichen Schutz und Funktionalit\u00e4t in den Bergen. Der leichte, komfortable Doppelbr\u00fcckenrahmen verwandelt sich dank der abnehmbaren Kappen an den Seiten und \u00fcber der Nase m\u00fchelos in ein Modell, das f\u00fcr H\u00f6henabenteuer bereit ist. <\/p>\n<p data-start=\"416\" data-end=\"720\"><br data-start=\"443\" data-end=\"446\">- Abnehmbare Kappen an den Seiten und auf der Nase f\u00fcr zus\u00e4tzlichen Schutz<br data-start=\"510\" data-end=\"513\">- Leichter und komfortabler Rahmen mit doppeltem Steg<br data-start=\"560\" data-end=\"563\">- Verbesserter Schutz vor Wind und grellem Licht<br data-start=\"611\" data-end=\"614\">- Vintage-Look kombiniert mit technischer Benutzerfreundlichkeit<br data-start=\"669\" data-end=\"672\">- Ideal zum Bergsteigen und f\u00fcr den t\u00e4glichen Gebrauch<\/p>\n","protected":false},"featured_media":71575,"template":"","meta":[],"product_brand":[790],"product_cat":[658,699,663,661],"product_tag":[],"class_list":{"0":"post-75783","1":"product","2":"type-product","3":"status-publish","4":"has-post-thumbnail","6":"product_brand-julbo","7":"product_cat-bergsteigerbrille","8":"product_cat-gletscher","9":"product_cat-segeln","10":"product_cat-wandern","11":"pa_geschikt-voor-frauen","12":"pa_geschikt-voor-manner","13":"pa_kleur-montuur-braun","14":"pa_kleur-montuur-schwarz","15":"pa_maat-montuur-gross","16":"pa_soort-bril-op-sterkte-mit-sehstaerke","17":"pa_soort-bril-op-sterkte-ohne-sehstaerke","19":"first","20":"instock","21":"shipping-taxable","22":"purchasable","23":"product-type-variable"},"_links":{"self":[{"href":"https:\/\/www.specialspex.com\/de\/wp-json\/wp\/v2\/product\/75783","targetHints":{"allow":["GET"]}}],"collection":[{"href":"https:\/\/www.specialspex.com\/de\/wp-json\/wp\/v2\/product"}],"about":[{"href":"https:\/\/www.specialspex.com\/de\/wp-json\/wp\/v2\/types\/product"}],"wp:featuredmedia":[{"embeddable":true,"href":"https:\/\/www.specialspex.com\/de\/wp-json\/wp\/v2\/media\/71575"}],"wp:attachment":[{"href":"https:\/\/www.specialspex.com\/de\/wp-json\/wp\/v2\/media?parent=75783"}],"wp:term":[{"taxonomy":"product_brand","embeddable":true,"href":"https:\/\/www.specialspex.com\/de\/wp-json\/wp\/v2\/product_brand?post=75783"},{"taxonomy":"product_cat","embeddable":true,"href":"https:\/\/www.specialspex.com\/de\/wp-json\/wp\/v2\/product_cat?post=75783"},{"taxonomy":"product_tag","embeddable":true,"href":"https:\/\/www.specialspex.com\/de\/wp-json\/wp\/v2\/product_tag?post=75783"}],"curies":[{"name":"wp","href":"https:\/\/api.w.org\/{rel}","templated":true}]}}