{"id":75858,"date":"2025-12-01T16:27:19","date_gmt":"2025-12-01T15:27:19","guid":{"rendered":"https:\/\/specialspex.com\/product\/kato\/"},"modified":"2025-12-01T16:27:19","modified_gmt":"2025-12-01T15:27:19","slug":"kato","status":"publish","type":"product","link":"https:\/\/www.specialspex.com\/de\/sportbrille\/radfahrerbrille\/gravelbiker-radfahren\/oakley-kato\/","title":{"rendered":"Kato\u2122"},"content":{"rendered":"<p data-start=\"166\" data-end=\"730\">Die Oakley Kato ist eine revolution\u00e4re Performance-Scheibe, die entwickelt wurde, um den Gesichtskonturen so nah wie m\u00f6glich zu folgen, um maximale Sicht und minimale Ablenkung zu gew\u00e4hrleisten. Das futuristische Schilddesign schmiegt sich eng an Nase und Wangen an, sodass die Scheibe wie eine flie\u00dfende Form mit dem Gesicht verschmilzt. Das sorgt f\u00fcr ein au\u00dfergew\u00f6hnlich breites Sichtfeld, optimalen Windschutz und maximale Stabilit\u00e4t bei intensiven sportlichen Momenten. Dank des verstellbaren Nasenstegs und des flexiblen Scheibendesigns passt sich die Kato genau an verschiedene Gesichtsformen an.   <\/p>\n<p data-start=\"732\" data-end=\"939\">Der leichte O Matter-Rahmen und die Unobtainium-Nasenpads und -Ohrst\u00f6psel sorgen f\u00fcr einen festen Halt, auch wenn du schwitzt. Die Kato wurde f\u00fcr Elite-Athleten entwickelt, die das \u00c4u\u00dferste von ihrer Ausr\u00fcstung verlangen. <\/p>\n<p data-start=\"941\" data-end=\"1471\">- Futuristisches Schilddesign, das sich eng an die Gesichtskonturen anpasst<br data-start=\"1012\" data-end=\"1015\">- Verstellbarer Nasensteg und flexible Scheibenkonstruktion f\u00fcr eine individuelle Passform<br data-start=\"1096\" data-end=\"1099\">- Leichte O-Matter-Struktur f\u00fcr Komfort bei l\u00e4ngerem Tragen<br data-start=\"1171\" data-end=\"1174\">- Unobtainium-Nasenpads und -Ohrst\u00f6psel f\u00fcr rutschfesten Halt beim Schwitzen<br data-start=\"1242\" data-end=\"1245\">- Geeignet f\u00fcr intensiven Gebrauch wie Laufen Radfahren und Multisport<br data-start=\"1320\" data-end=\"1323\">- Erh\u00e4ltlich mit Prizm-Gl\u00e4sern f\u00fcr bessere Kontraste und Details<br data-start=\"1398\" data-end=\"1401\">- Nicht mit Korrektionsgl\u00e4sern erh\u00e4ltlich<br data-start=\"1431\" data-end=\"1434\">- Inklusive Schutzetui<\/p>\n","protected":false},"excerpt":{"rendered":"<p data-start=\"166\" data-end=\"730\">Die Oakley Kato ist eine revolution\u00e4re Performance-Scheibe, die entwickelt wurde, um den Gesichtskonturen so nah wie m\u00f6glich zu folgen, um maximale Sicht und minimale Ablenkung zu gew\u00e4hrleisten. Das futuristische Schilddesign schmiegt sich eng an Nase und Wangen an, sodass die Scheibe wie eine flie\u00dfende Form mit dem Gesicht verschmilzt. Das sorgt f\u00fcr ein au\u00dfergew\u00f6hnlich breites Sichtfeld, optimalen Windschutz und maximale Stabilit\u00e4t bei intensiven sportlichen Momenten. Dank des verstellbaren Nasenstegs und des flexiblen Scheibendesigns passt sich die Kato genau an verschiedene Gesichtsformen an.   <\/p>\n<p data-start=\"732\" data-end=\"939\">Der leichte O Matter-Rahmen und die Unobtainium-Nasenpads und -Ohrst\u00f6psel sorgen f\u00fcr einen festen Halt, auch wenn du schwitzt. Die Kato wurde f\u00fcr Elite-Athleten entwickelt, die das \u00c4u\u00dferste von ihrer Ausr\u00fcstung verlangen. <\/p>\n<p data-start=\"941\" data-end=\"1471\">- Futuristisches Schilddesign, das sich eng an die Gesichtskonturen anpasst<br data-start=\"1012\" data-end=\"1015\">- Verstellbarer Nasensteg und flexible Scheibenkonstruktion f\u00fcr eine individuelle Passform<br data-start=\"1096\" data-end=\"1099\">- Leichte O-Matter-Struktur f\u00fcr Komfort bei l\u00e4ngerem Tragen<br data-start=\"1171\" data-end=\"1174\">- Unobtainium-Nasenpads und -Ohrst\u00f6psel f\u00fcr rutschfesten Halt beim Schwitzen<br data-start=\"1242\" data-end=\"1245\">- Geeignet f\u00fcr intensiven Gebrauch wie Laufen Radfahren und Multisport<br data-start=\"1320\" data-end=\"1323\">- Erh\u00e4ltlich mit Prizm-Gl\u00e4sern f\u00fcr bessere Kontraste und Details<br data-start=\"1398\" data-end=\"1401\">- Nicht mit Korrektionsgl\u00e4sern erh\u00e4ltlich<br data-start=\"1431\" data-end=\"1434\">- Inklusive Schutzetui<\/p>\n","protected":false},"featured_media":69605,"template":"","meta":[],"product_brand":[806],"product_cat":[584,639,638,561,559],"product_tag":[],"class_list":{"0":"post-75858","1":"product","2":"type-product","3":"status-publish","4":"has-post-thumbnail","6":"product_brand-oakley","7":"product_cat-sportbrille","8":"product_cat-gravelbiker-radfahren","9":"product_cat-mountainbiking","10":"product_cat-radfahren","11":"product_cat-radfahrerbrille","12":"pa_geschikt-voor-frauen","13":"pa_geschikt-voor-manner","14":"pa_kleur-montuur-schwarz-2","15":"pa_kleur-montuur-schwarz-3","16":"pa_kleur-montuur-schwarz","17":"pa_maat-montuur-extra-gros","18":"pa_maat-montuur-gross","19":"pa_soort-bril-op-sterkte-ohne-sehstaerke","21":"first","22":"instock","23":"sale","24":"shipping-taxable","25":"purchasable","26":"product-type-variable"},"_links":{"self":[{"href":"https:\/\/www.specialspex.com\/de\/wp-json\/wp\/v2\/product\/75858","targetHints":{"allow":["GET"]}}],"collection":[{"href":"https:\/\/www.specialspex.com\/de\/wp-json\/wp\/v2\/product"}],"about":[{"href":"https:\/\/www.specialspex.com\/de\/wp-json\/wp\/v2\/types\/product"}],"wp:featuredmedia":[{"embeddable":true,"href":"https:\/\/www.specialspex.com\/de\/wp-json\/wp\/v2\/media\/69605"}],"wp:attachment":[{"href":"https:\/\/www.specialspex.com\/de\/wp-json\/wp\/v2\/media?parent=75858"}],"wp:term":[{"taxonomy":"product_brand","embeddable":true,"href":"https:\/\/www.specialspex.com\/de\/wp-json\/wp\/v2\/product_brand?post=75858"},{"taxonomy":"product_cat","embeddable":true,"href":"https:\/\/www.specialspex.com\/de\/wp-json\/wp\/v2\/product_cat?post=75858"},{"taxonomy":"product_tag","embeddable":true,"href":"https:\/\/www.specialspex.com\/de\/wp-json\/wp\/v2\/product_tag?post=75858"}],"curies":[{"name":"wp","href":"https:\/\/api.w.org\/{rel}","templated":true}]}}