{"id":75868,"date":"2025-12-01T13:34:16","date_gmt":"2025-12-01T12:34:16","guid":{"rendered":"https:\/\/specialspex.com\/product\/jakl\/"},"modified":"2026-04-15T16:20:07","modified_gmt":"2026-04-15T14:20:07","slug":"jakl","status":"publish","type":"product","link":"https:\/\/www.specialspex.com\/de\/sportbrille\/golfbrille\/wiley-x-jakl\/","title":{"rendered":"Jakl"},"content":{"rendered":"<p data-start=\"355\" data-end=\"768\">Die Wiley X JAKL ist eine schlanke, leichte Motorradbrille, die maximale Stabilit\u00e4t und klare Sicht ohne Schaumstoffdichtung bietet. Die Wrap-around-Passform sch\u00fctzt effektiv vor Fahrtwind, hellem Licht und Turbulenzen, w\u00e4hrend das schlanke Design m\u00fchelos unter fast jeden Motorradhelm passt. Ideal f\u00fcr Fahrer, die sich eine sportliche Goggle w\u00fcnschen, die nicht zu gro\u00df aussieht, aber bei Geschwindigkeit und Kurvenfahrt sicher bleibt.<\/p>\n<p data-start=\"770\" data-end=\"1132\">Die Polycarbonat-Gl\u00e4ser sorgen f\u00fcr eine klare, verzerrungsfreie Optik und zuverl\u00e4ssige Sto\u00dffestigkeit. Die JAKL kombiniert minimalistischen Stil mit seri\u00f6ser Leistung - perfekt f\u00fcr den Alltag, Touren und das Fahren in der Stadt. Dank der komfortablen Federn und dem geringen Gewicht bleibt die Brille auch bei l\u00e4ngeren Fahrten bequem und ohne Druckstellen.<\/p>\n<p data-start=\"770\" data-end=\"1132\">Es gibt auch ein Multi-Linsen-System, bei dem du je nach Bedingungen einfach zwischen verschiedenen Linsenfarben wechseln kannst.<\/p>\n<p data-start=\"1134\" data-end=\"1540\">- Leichter und kompakter Rahmen, der perfekt unter Motorradhelmen funktioniert<br data-start=\"1196\" data-end=\"1199\" \/>- Sportlicher Wrap f\u00fcr Stabilit\u00e4t, Windschutz und reduzierte Turbulenzen<br data-start=\"1271\" data-end=\"1274\" \/>- Schlagfeste Polycarbonat-Gl\u00e4ser mit scharfer, klarer Optik<br data-start=\"1342\" data-end=\"1345\" \/>- Bequeme Passform f\u00fcr lange Fahrten und intensiven Gebrauch<br data-start=\"1406\" data-end=\"1409\" \/>- Dezentes und modernes Design f\u00fcr Motorrad, Outdoor und Alltag<br data-start=\"1476\" data-end=\"1479\" \/>Korrekturgl\u00e4ser m\u00f6glich<br data-start=\"1561\" data-end=\"1564\" \/>Die Wiley X JAKL ist voll verschreibungspflichtig mit gebogenen Sportgl\u00e4sern in der von dir gew\u00e4hlten T\u00f6nung oder Co-T\u00f6nung erh\u00e4ltlich. Erh\u00e4ltlich mit Specialspex Custom Gl\u00e4sern oder original Wiley X RX Gl\u00e4sern.<\/p>\n","protected":false},"excerpt":{"rendered":"<p data-start=\"355\" data-end=\"768\">Die Wiley X JAKL ist eine schlanke, leichte Motorradbrille, die maximale Stabilit\u00e4t und klare Sicht ohne Schaumstoffdichtung bietet. Die Wrap-around-Passform sch\u00fctzt effektiv vor Fahrtwind, hellem Licht und Turbulenzen, w\u00e4hrend das schlanke Design m\u00fchelos unter fast jeden Motorradhelm passt. Ideal f\u00fcr Fahrerinnen und Fahrer, die eine sportliche Brille wollen, die nicht zu gro\u00df aussieht, aber bei Geschwindigkeit und Kurvenfahrt sicher bleibt.<\/p>\n<p data-start=\"770\" data-end=\"1132\">Die Polycarbonat-Gl\u00e4ser bieten eine klare, verzerrungsfreie Optik und zuverl\u00e4ssige Sto\u00dffestigkeit. Die JAKL kombiniert minimalistischen Stil mit seri\u00f6ser Leistung - perfekt f\u00fcr den Alltag, Touren und das Fahren in der Stadt. Dank der komfortablen Federn und dem geringen Gewicht bleibt die Brille auch bei l\u00e4ngeren Fahrten bequem und ohne Druckstellen.<\/p>\n<p data-start=\"770\" data-end=\"1132\">Es gibt auch ein Multi-Linsen-System, bei dem du je nach Bedingungen einfach zwischen verschiedenen Linsenfarben wechseln kannst.<\/p>\n<p data-start=\"1134\" data-end=\"1540\">- Leichter und kompakter Rahmen, der perfekt unter Motorradhelmen funktioniert<br data-start=\"1196\" data-end=\"1199\" \/>- Sportlicher Wrap f\u00fcr Stabilit\u00e4t, Windschutz und reduzierte Turbulenzen<br data-start=\"1271\" data-end=\"1274\" \/>- Schlagfeste Polycarbonat-Gl\u00e4ser mit scharfer, klarer Optik<br data-start=\"1342\" data-end=\"1345\" \/>- Bequeme Passform f\u00fcr lange Fahrten und intensiven Gebrauch<br data-start=\"1406\" data-end=\"1409\" \/>- Dezentes und modernes Design f\u00fcr Motorrad, Outdoor und Alltag<br data-start=\"1476\" data-end=\"1479\" \/>Korrekturgl\u00e4ser m\u00f6glich<br data-start=\"1561\" data-end=\"1564\" \/>Die Wiley X JAKL ist voll verschreibungspflichtig mit gebogenen Sportgl\u00e4sern in der von dir gew\u00e4hlten T\u00f6nung oder Co-T\u00f6nung erh\u00e4ltlich. Erh\u00e4ltlich mit Specialspex Custom Gl\u00e4sern oder original Wiley X RX Gl\u00e4sern.<\/p>\n","protected":false},"featured_media":69547,"template":"","meta":[],"product_brand":[793],"product_cat":[659,660,639,559,663,584,666,661,688],"product_tag":[],"class_list":{"0":"post-75868","1":"product","2":"type-product","3":"status-publish","4":"has-post-thumbnail","6":"product_brand-wiley-x","7":"product_cat-motorradbrille","8":"product_cat-golfbrille","9":"product_cat-gravelbiker-radfahren","10":"product_cat-radfahrerbrille","11":"product_cat-segeln","12":"product_cat-sportbrille","13":"product_cat-tourenmotorrad","14":"product_cat-wandern","15":"product_cat-wassersport","16":"pa_geschikt-voor-frauen","17":"pa_geschikt-voor-manner","18":"pa_kleur-montuur-grun","19":"pa_kleur-montuur-rot","20":"pa_kleur-montuur-schwarz","21":"pa_kleur-montuur-schwarz-2","22":"pa_kleur-montuur-transparent-klar","23":"pa_kleur-montuur-weiss","24":"pa_maat-montuur-klein","25":"pa_maat-montuur-medium","27":"first","28":"instock","29":"sale","30":"shipping-taxable","31":"purchasable","32":"product-type-variable"},"_links":{"self":[{"href":"https:\/\/www.specialspex.com\/de\/wp-json\/wp\/v2\/product\/75868","targetHints":{"allow":["GET"]}}],"collection":[{"href":"https:\/\/www.specialspex.com\/de\/wp-json\/wp\/v2\/product"}],"about":[{"href":"https:\/\/www.specialspex.com\/de\/wp-json\/wp\/v2\/types\/product"}],"wp:featuredmedia":[{"embeddable":true,"href":"https:\/\/www.specialspex.com\/de\/wp-json\/wp\/v2\/media\/69547"}],"wp:attachment":[{"href":"https:\/\/www.specialspex.com\/de\/wp-json\/wp\/v2\/media?parent=75868"}],"wp:term":[{"taxonomy":"product_brand","embeddable":true,"href":"https:\/\/www.specialspex.com\/de\/wp-json\/wp\/v2\/product_brand?post=75868"},{"taxonomy":"product_cat","embeddable":true,"href":"https:\/\/www.specialspex.com\/de\/wp-json\/wp\/v2\/product_cat?post=75868"},{"taxonomy":"product_tag","embeddable":true,"href":"https:\/\/www.specialspex.com\/de\/wp-json\/wp\/v2\/product_tag?post=75868"}],"curies":[{"name":"wp","href":"https:\/\/api.w.org\/{rel}","templated":true}]}}