{"id":75870,"date":"2025-12-01T13:57:31","date_gmt":"2025-12-01T12:57:31","guid":{"rendered":"https:\/\/specialspex.com\/product\/heliostat\/"},"modified":"2025-12-01T13:57:31","modified_gmt":"2025-12-01T12:57:31","slug":"heliostat","status":"publish","type":"product","link":"https:\/\/www.specialspex.com\/de\/motorradbrille\/oakley-heliostat\/","title":{"rendered":"Heliostat"},"content":{"rendered":"<p data-start=\"237\" data-end=\"759\">Die Oakley Heliostat ist eine moderne und sportliche Sonnenbrille, die f\u00fcr klare Sicht, Stabilit\u00e4t und optimalen Schutz bei t\u00e4glichen Aktivit\u00e4ten und Outdoor-Sportarten entwickelt wurde. Das High-Wrap-Design bietet ein weites Sichtfeld und hervorragenden Schutz vor Sonne, Wind und Seitenlicht. Der Rahmen ist aus leichtem O Matter gefertigt, wodurch die Brille auch bei l\u00e4ngerem Tragen bequem bleibt. Dank des Drei-Punkt-Sitzes und der Unobtainium-Ohrst\u00f6psel bleibt die Heliostat fest an ihrem Platz, auch wenn du schwitzt.   <\/p>\n<p data-start=\"761\" data-end=\"942\">Mit ihren scharfen Linien, dem modernen Styling und der zuverl\u00e4ssigen Oakley-Technologie ist die Heliostat ideal f\u00fcr Sportler und aktive Nutzer, die eine Brille suchen, die \u00fcberallhin mitgenommen werden kann.<\/p>\n<p data-start=\"944\" data-end=\"1438\">- High-Wrap Design f\u00fcr weite Sicht und verbesserten Licht- und Windschutz<br data-start=\"1020\" data-end=\"1023\">- Leichter und strapazierf\u00e4higer O Matter-Rahmen f\u00fcr lang anhaltenden Komfort<br data-start=\"1094\" data-end=\"1097\">- Unobtainium-Ohrst\u00f6psel f\u00fcr festen, rutschfesten Halt beim Schwitzen<br data-start=\"1162\" data-end=\"1165\">- Drei-Punkt-Sitz f\u00fcr pr\u00e4zise und stabile Glasausrichtung<br data-start=\"1237\" data-end=\"1240\">- Erh\u00e4ltlich mit Prizm-Glas-Technologie f\u00fcr besseren Kontrast und mehr Details<br data-start=\"1315\" data-end=\"1318\">- Sowohl mit Specialspex-Gl\u00e4sern als auch mit Original-Oakley-Gl\u00e4sern erh\u00e4ltlich<br data-start=\"1398\" data-end=\"1401\">- Inklusive Schutzh\u00fclle<\/p>\n","protected":false},"excerpt":{"rendered":"<p data-start=\"237\" data-end=\"759\">Die Oakley Heliostat ist eine moderne und sportliche Sonnenbrille, die f\u00fcr klare Sicht, Stabilit\u00e4t und optimalen Schutz bei t\u00e4glichen Aktivit\u00e4ten und Outdoor-Sportarten entwickelt wurde. Das High-Wrap-Design bietet ein weites Sichtfeld und hervorragenden Schutz vor Sonne, Wind und Seitenlicht. Der Rahmen ist aus leichtem O Matter gefertigt, wodurch die Brille auch bei l\u00e4ngerem Tragen bequem bleibt. Dank des Drei-Punkt-Sitzes und der Unobtainium-Ohrst\u00f6psel bleibt die Heliostat fest an ihrem Platz, auch wenn du schwitzt.   <\/p>\n<p data-start=\"761\" data-end=\"942\">Mit ihren scharfen Linien, dem modernen Styling und der zuverl\u00e4ssigen Oakley-Technologie ist die Heliostat ideal f\u00fcr Sportler und aktive Nutzer, die eine Brille suchen, die \u00fcberallhin mitgenommen werden kann.<\/p>\n<p data-start=\"944\" data-end=\"1438\">- High-Wrap Design f\u00fcr weite Sicht und verbesserten Licht- und Windschutz<br data-start=\"1020\" data-end=\"1023\">- Leichter und strapazierf\u00e4higer O Matter-Rahmen f\u00fcr lang anhaltenden Komfort<br data-start=\"1094\" data-end=\"1097\">- Unobtainium-Ohrst\u00f6psel f\u00fcr festen, rutschfesten Halt beim Schwitzen<br data-start=\"1162\" data-end=\"1165\">- Drei-Punkt-Sitz f\u00fcr pr\u00e4zise und stabile Glasausrichtung<br data-start=\"1237\" data-end=\"1240\">- Erh\u00e4ltlich mit Prizm-Glas-Technologie f\u00fcr besseren Kontrast und mehr Details<br data-start=\"1315\" data-end=\"1318\">- Sowohl mit Specialspex-Gl\u00e4sern als auch mit Original-Oakley-Gl\u00e4sern erh\u00e4ltlich<br data-start=\"1398\" data-end=\"1401\">- Inklusive Schutzh\u00fclle<\/p>\n","protected":false},"featured_media":69219,"template":"","meta":[],"product_brand":[806],"product_cat":[659,584],"product_tag":[],"class_list":{"0":"post-75870","1":"product","2":"type-product","3":"status-publish","4":"has-post-thumbnail","6":"product_brand-oakley","7":"product_cat-motorradbrille","8":"product_cat-sportbrille","9":"pa_geschikt-voor-frauen","10":"pa_geschikt-voor-manner","11":"pa_kleur-montuur-schwarz","12":"pa_maat-montuur-extra-gros","13":"pa_maat-montuur-gross","14":"pa_soort-bril-op-sterkte-mit-sehstaerke","15":"pa_soort-bril-op-sterkte-ohne-sehstaerke","17":"first","18":"instock","19":"sale","20":"shipping-taxable","21":"purchasable","22":"product-type-simple"},"_links":{"self":[{"href":"https:\/\/www.specialspex.com\/de\/wp-json\/wp\/v2\/product\/75870","targetHints":{"allow":["GET"]}}],"collection":[{"href":"https:\/\/www.specialspex.com\/de\/wp-json\/wp\/v2\/product"}],"about":[{"href":"https:\/\/www.specialspex.com\/de\/wp-json\/wp\/v2\/types\/product"}],"wp:featuredmedia":[{"embeddable":true,"href":"https:\/\/www.specialspex.com\/de\/wp-json\/wp\/v2\/media\/69219"}],"wp:attachment":[{"href":"https:\/\/www.specialspex.com\/de\/wp-json\/wp\/v2\/media?parent=75870"}],"wp:term":[{"taxonomy":"product_brand","embeddable":true,"href":"https:\/\/www.specialspex.com\/de\/wp-json\/wp\/v2\/product_brand?post=75870"},{"taxonomy":"product_cat","embeddable":true,"href":"https:\/\/www.specialspex.com\/de\/wp-json\/wp\/v2\/product_cat?post=75870"},{"taxonomy":"product_tag","embeddable":true,"href":"https:\/\/www.specialspex.com\/de\/wp-json\/wp\/v2\/product_tag?post=75870"}],"curies":[{"name":"wp","href":"https:\/\/api.w.org\/{rel}","templated":true}]}}