{"id":75883,"date":"2025-12-01T13:47:20","date_gmt":"2025-12-01T12:47:20","guid":{"rendered":"https:\/\/specialspex.com\/product\/gibston-xl\/"},"modified":"2025-12-01T13:47:20","modified_gmt":"2025-12-01T12:47:20","slug":"gibston-xl","status":"publish","type":"product","link":"https:\/\/www.specialspex.com\/de\/sportbrille\/bergsteigerbrille\/oakley-gibston-xl\/","title":{"rendered":"Gibston XL"},"content":{"rendered":"<p data-start=\"229\" data-end=\"846\">Die Oakley Gibston XL ist die breitere Version der beliebten Gibston und bietet den gleichen sportlichen Schutz, aber mit einem gr\u00f6\u00dferen und breiteren Rahmen f\u00fcr zus\u00e4tzliche Abdeckung und einen bequemen Sitz f\u00fcr gr\u00f6\u00dfere Gesichtsformen. Dank des High-Wrap-Designs liegt die Brille eng am Gesicht an und bietet deinen Augen optimalen Schutz vor Sonne, Wind und Lichteinfall. Das leichte O Matter-Material sorgt f\u00fcr lang anhaltenden Komfort, w\u00e4hrend der Drei-Punkt-Sitz die Brille stabil und pr\u00e4zise ausrichtet. Au\u00dferdem ist die Gibston XL m\u00fctzenkompatibel und bietet auch in Kombination mit einer M\u00fctze ein weites peripheres Sichtfeld.   <\/p>\n<p data-start=\"848\" data-end=\"1350\">- XL-Rahmen f\u00fcr gr\u00f6\u00dfere Gesichtsformen und zus\u00e4tzlichen Schutz<br data-start=\"905\" data-end=\"908\">- High-Wrap-Design f\u00fcr optimalen Sonnen- und Windschutz<br data-start=\"971\" data-end=\"974\">- Cap-kompatibles Design mit Beinen, die die periphere Sicht frei halten<br data-start=\"1044\" data-end=\"1047\">- Drei-Punkt-Passform f\u00fcr stabile und bequeme Ausrichtung<br data-start=\"1106\" data-end=\"1109\">- Leichtes und strapazierf\u00e4higes O Matter-Material<br data-start=\"1154\" data-end=\"1157\">- Erh\u00e4ltlich mit Prizm-Gl\u00e4sern f\u00fcr besseren Kontrast und mehr Details<br data-start=\"1227\" data-end=\"1230\">- Kann sowohl mit Specialspex-Gl\u00e4sern als auch mit Original-Oakley-Gl\u00e4sern bestellt werden<br data-start=\"1310\" data-end=\"1313\">- Inklusive Schutzh\u00fclle<\/p>\n","protected":false},"excerpt":{"rendered":"<p data-start=\"229\" data-end=\"846\">Die Oakley Gibston XL ist die breitere Version der beliebten Gibston und bietet den gleichen sportlichen Schutz, aber mit einem gr\u00f6\u00dferen und breiteren Rahmen f\u00fcr zus\u00e4tzliche Abdeckung und einen bequemen Sitz f\u00fcr gr\u00f6\u00dfere Gesichtsformen. Dank des High-Wrap-Designs liegt die Brille eng am Gesicht an und bietet deinen Augen optimalen Schutz vor Sonne, Wind und Lichteinfall. Das leichte O Matter-Material sorgt f\u00fcr lang anhaltenden Komfort, w\u00e4hrend der Drei-Punkt-Sitz die Brille stabil und pr\u00e4zise ausrichtet. Au\u00dferdem ist die Gibston XL m\u00fctzenkompatibel und bietet auch in Kombination mit einer M\u00fctze ein weites peripheres Sichtfeld.   <\/p>\n<p data-start=\"848\" data-end=\"1350\">- XL-Rahmen f\u00fcr gr\u00f6\u00dfere Gesichtsformen und zus\u00e4tzlichen Schutz<br data-start=\"905\" data-end=\"908\">- High-Wrap-Design f\u00fcr optimalen Sonnen- und Windschutz<br data-start=\"971\" data-end=\"974\">- Cap-kompatibles Design mit Beinen, die die periphere Sicht frei halten<br data-start=\"1044\" data-end=\"1047\">- Drei-Punkt-Passform f\u00fcr stabile und bequeme Ausrichtung<br data-start=\"1106\" data-end=\"1109\">- Leichtes und strapazierf\u00e4higes O Matter-Material<br data-start=\"1154\" data-end=\"1157\">- Erh\u00e4ltlich mit Prizm-Gl\u00e4sern f\u00fcr besseren Kontrast und mehr Details<br data-start=\"1227\" data-end=\"1230\">- Kann sowohl mit Specialspex-Gl\u00e4sern als auch mit Original-Oakley-Gl\u00e4sern bestellt werden<br data-start=\"1310\" data-end=\"1313\">- Inklusive Schutzh\u00fclle<\/p>\n","protected":false},"featured_media":69160,"template":"","meta":[],"product_brand":[806],"product_cat":[584,658,695,660,659,559,663,688],"product_tag":[],"class_list":{"0":"post-75883","1":"product","2":"type-product","3":"status-publish","4":"has-post-thumbnail","6":"product_brand-oakley","7":"product_cat-sportbrille","8":"product_cat-bergsteigerbrille","9":"product_cat-fisch","10":"product_cat-golfbrille","11":"product_cat-motorradbrille","12":"product_cat-radfahrerbrille","13":"product_cat-segeln","14":"product_cat-wassersport","15":"pa_geschikt-voor-frauen","16":"pa_geschikt-voor-manner","17":"pa_kleur-montuur-grau","18":"pa_kleur-montuur-schwarz","19":"pa_kleur-montuur-transparent-klar","20":"pa_maat-montuur-extra-gros","21":"pa_maat-montuur-gross","22":"pa_soort-bril-op-sterkte-mit-sehstaerke","24":"first","25":"instock","26":"sale","27":"shipping-taxable","28":"purchasable","29":"product-type-variable"},"_links":{"self":[{"href":"https:\/\/www.specialspex.com\/de\/wp-json\/wp\/v2\/product\/75883","targetHints":{"allow":["GET"]}}],"collection":[{"href":"https:\/\/www.specialspex.com\/de\/wp-json\/wp\/v2\/product"}],"about":[{"href":"https:\/\/www.specialspex.com\/de\/wp-json\/wp\/v2\/types\/product"}],"wp:featuredmedia":[{"embeddable":true,"href":"https:\/\/www.specialspex.com\/de\/wp-json\/wp\/v2\/media\/69160"}],"wp:attachment":[{"href":"https:\/\/www.specialspex.com\/de\/wp-json\/wp\/v2\/media?parent=75883"}],"wp:term":[{"taxonomy":"product_brand","embeddable":true,"href":"https:\/\/www.specialspex.com\/de\/wp-json\/wp\/v2\/product_brand?post=75883"},{"taxonomy":"product_cat","embeddable":true,"href":"https:\/\/www.specialspex.com\/de\/wp-json\/wp\/v2\/product_cat?post=75883"},{"taxonomy":"product_tag","embeddable":true,"href":"https:\/\/www.specialspex.com\/de\/wp-json\/wp\/v2\/product_tag?post=75883"}],"curies":[{"name":"wp","href":"https:\/\/api.w.org\/{rel}","templated":true}]}}