{"id":75895,"date":"2025-12-01T11:44:59","date_gmt":"2025-12-01T10:44:59","guid":{"rendered":"https:\/\/specialspex.com\/product\/flight-tracker-m\/"},"modified":"2025-12-01T11:44:59","modified_gmt":"2025-12-01T10:44:59","slug":"flight-tracker-m","status":"publish","type":"product","link":"https:\/\/www.specialspex.com\/de\/sportbrille\/wintersport\/ski-und-snowboardbrillen\/oakley-flight-tracker-m\/","title":{"rendered":"Flight Tracker M"},"content":{"rendered":"<p data-start=\"214\" data-end=\"664\">Die Oakley Flight Tracker M ist eine moderne Ski- und Snowboardbrille mit einem gro\u00dfen, klassisch inspirierten Rahmen, der f\u00fcr ein maximales Sichtfeld sorgt. Die breite, runde Scheibenform bietet eine hervorragende Sicht in alle Richtungen und verschafft dir einen besseren \u00dcberblick auf der Piste und bei wechselnden Schneeverh\u00e4ltnissen. Dank der bel\u00fcfteten Konstruktion und der hochwertigen Anti-Fog-Beschichtung bleibt die Scheibe klar und das Beschlagen wird minimiert.  <\/p>\n<p data-start=\"666\" data-end=\"1010\">Die dreifache Schaumstoffschicht schmiegt sich bequem an das Gesicht an und schlie\u00dft Wind und Schnee sicher aus. Das helmkompatible, verstellbare Band sorgt f\u00fcr einen stabilen Sitz auf praktisch jedem Ski- oder Snowboardhelm. Der Flight Tracker M eignet sich sowohl f\u00fcr Anf\u00e4nger als auch f\u00fcr fortgeschrittene Wintersportler, die ihren Sichtkomfort maximieren wollen.  <\/p>\n<p data-start=\"1012\" data-end=\"1452\">- Gro\u00dfer Rahmen mit breiter Panoramasicht und klassischer Scheibenform<br data-start=\"1071\" data-end=\"1074\">- Bel\u00fcftete Scheibenkonstruktion gegen Kondenswasserbildung<br data-start=\"1125\" data-end=\"1128\">- Komfortable Dreifach-Schaumstoffschicht f\u00fcr perfekten Sitz auf dem Gesicht<br data-start=\"1204\" data-end=\"1207\">- Helmkompatibles Band mit Silikongriffleisten<br data-start=\"1255\" data-end=\"1258\">- Erh\u00e4ltlich mit Prizm Snow-Scheibentechnologie f\u00fcr besseren Kontrast und mehr Details<br data-start=\"1333\" data-end=\"1336\">- Erh\u00e4ltlich mit einem Specialspex-Skiclip mit Korrekturgl\u00e4sern<br data-start=\"1412\" data-end=\"1415\">- Inklusive Mikrofaserbrillenetui<\/p>\n","protected":false},"excerpt":{"rendered":"<p data-start=\"214\" data-end=\"664\">Die Oakley Flight Tracker M ist eine moderne Ski- und Snowboardbrille mit einem gro\u00dfen, klassisch inspirierten Rahmen, der f\u00fcr ein maximales Sichtfeld sorgt. Die breite, runde Scheibenform bietet eine hervorragende Sicht in alle Richtungen und verschafft dir einen besseren \u00dcberblick auf der Piste und bei wechselnden Schneeverh\u00e4ltnissen. Dank der bel\u00fcfteten Konstruktion und der hochwertigen Anti-Fog-Beschichtung bleibt die Scheibe klar und das Beschlagen wird minimiert.  <\/p>\n<p data-start=\"666\" data-end=\"1010\">Die dreifache Schaumstoffschicht schmiegt sich bequem an das Gesicht an und schlie\u00dft Wind und Schnee sicher aus. Das helmkompatible, verstellbare Band sorgt f\u00fcr einen stabilen Sitz auf praktisch jedem Ski- oder Snowboardhelm. Der Flight Tracker M eignet sich sowohl f\u00fcr Anf\u00e4nger als auch f\u00fcr fortgeschrittene Wintersportler, die ihren Sichtkomfort maximieren wollen.  <\/p>\n<p data-start=\"1012\" data-end=\"1452\">- Gro\u00dfer Rahmen mit breiter Panoramasicht und klassischer Scheibenform<br data-start=\"1071\" data-end=\"1074\">- Bel\u00fcftete Scheibenkonstruktion gegen Kondenswasserbildung<br data-start=\"1125\" data-end=\"1128\">- Komfortable Dreifach-Schaumstoffschicht f\u00fcr perfekten Sitz auf dem Gesicht<br data-start=\"1204\" data-end=\"1207\">- Helmkompatibles Band mit Silikongriffleisten<br data-start=\"1255\" data-end=\"1258\">- Erh\u00e4ltlich mit Prizm Snow-Scheibentechnologie f\u00fcr besseren Kontrast und mehr Details<br data-start=\"1333\" data-end=\"1336\">- Erh\u00e4ltlich mit einem Specialspex-Skiclip mit Korrekturgl\u00e4sern<br data-start=\"1412\" data-end=\"1415\">- Inklusive Mikrofaserbrillenetui<\/p>\n","protected":false},"featured_media":69092,"template":"","meta":[],"product_brand":[806],"product_cat":[700,698],"product_tag":[],"class_list":{"0":"post-75895","1":"product","2":"type-product","3":"status-publish","4":"has-post-thumbnail","6":"product_brand-oakley","7":"product_cat-wintersport","8":"product_cat-ski-und-snowboardbrillen","9":"pa_geschikt-voor-frauen","10":"pa_geschikt-voor-manner","11":"pa_kleur-montuur-grun","12":"pa_kleur-montuur-schwarz-2","13":"pa_kleur-montuur-schwarz","14":"pa_kleur-montuur-schwarz-3","15":"pa_kleur-montuur-weiss","16":"pa_kleur-montuur-weiss-3","17":"pa_maat-montuur-gross","18":"pa_maat-montuur-medium","19":"pa_soort-bril-op-sterkte-ohne-sehstaerke","20":"pa_soort-bril-op-sterkte-with-prescription-insert","22":"first","23":"instock","24":"shipping-taxable","25":"purchasable","26":"product-type-variable"},"_links":{"self":[{"href":"https:\/\/www.specialspex.com\/de\/wp-json\/wp\/v2\/product\/75895","targetHints":{"allow":["GET"]}}],"collection":[{"href":"https:\/\/www.specialspex.com\/de\/wp-json\/wp\/v2\/product"}],"about":[{"href":"https:\/\/www.specialspex.com\/de\/wp-json\/wp\/v2\/types\/product"}],"wp:featuredmedia":[{"embeddable":true,"href":"https:\/\/www.specialspex.com\/de\/wp-json\/wp\/v2\/media\/69092"}],"wp:attachment":[{"href":"https:\/\/www.specialspex.com\/de\/wp-json\/wp\/v2\/media?parent=75895"}],"wp:term":[{"taxonomy":"product_brand","embeddable":true,"href":"https:\/\/www.specialspex.com\/de\/wp-json\/wp\/v2\/product_brand?post=75895"},{"taxonomy":"product_cat","embeddable":true,"href":"https:\/\/www.specialspex.com\/de\/wp-json\/wp\/v2\/product_cat?post=75895"},{"taxonomy":"product_tag","embeddable":true,"href":"https:\/\/www.specialspex.com\/de\/wp-json\/wp\/v2\/product_tag?post=75895"}],"curies":[{"name":"wp","href":"https:\/\/api.w.org\/{rel}","templated":true}]}}