{"id":75919,"date":"2025-12-01T11:24:49","date_gmt":"2025-12-01T10:24:49","guid":{"rendered":"https:\/\/specialspex.com\/product\/grid\/"},"modified":"2026-04-18T12:08:21","modified_gmt":"2026-04-18T10:08:21","slug":"grid","status":"publish","type":"product","link":"https:\/\/www.specialspex.com\/de\/sportbrille\/schiessbrille\/airsoft\/wiley-x-grid\/","title":{"rendered":"Grid"},"content":{"rendered":"<p data-start=\"328\" data-end=\"739\">Die Wiley X Grid ist eine kompakte, sportliche Motorradbrille, die maximalen Schutz mit einem stabilen, bequemen Sitz kombiniert. Dank ihrer tiefen Wickelform und dem Facial Cavity\u2122 Seal liegt die Grid eng am Gesicht an und h\u00e4lt Fahrtwind, Staub, Insekten und Turbulenzen ab. Das macht sie ideal f\u00fcr Motorradfahrer, die mit offenem Visier fahren oder bei h\u00f6heren Geschwindigkeiten ruhige, tr\u00e4nenfreie Augen behalten wollen.  <\/p>\n<p data-start=\"741\" data-end=\"1051\">Die abnehmbare Schaumstoffdichtung gibt dir Flexibilit\u00e4t: Verwende sie f\u00fcr volle Winddichtigkeit auf dem Motorrad oder nimm sie f\u00fcr den t\u00e4glichen Gebrauch heraus. Der Rahmen ist leicht, robust und passt gut unter die meisten Motorradhelme, w\u00e4hrend die Polycarbonat-Gl\u00e4ser eine klare Optik und zuverl\u00e4ssigen Schutz bieten. <\/p>\n<p data-start=\"1053\" data-end=\"1493\">- Kompakter, leichter Rahmen, der perfekt unter Motorradhelmen passt<br data-start=\"1113\" data-end=\"1116\">- Wrap-around-Passform f\u00fcr Stabilit\u00e4t und starken Windschutz<br data-start=\"1180\" data-end=\"1183\">- Facial Cavity\u2122 Seal gegen Turbulenzen, Staub und Insekten; abnehmbar<br data-start=\"1252\" data-end=\"1255\">- Schlagfeste Polycarbonat-Gl\u00e4ser mit scharfer Optik<br data-start=\"1314\" data-end=\"1317\">- Ideal f\u00fcr Motorradfahren, Stadtfahrten, Touren und Outdoor<br data-start=\"1376\" data-end=\"1379\">- Klare und komfortable Sicht, auch wenn das Visier ge\u00f6ffnet ist<br data-start=\"1429\" data-end=\"1432\">- EN166-zertifiziert f\u00fcr pers\u00f6nlichen Augenschutz (nur ohne Sehst\u00e4rke erh\u00e4ltlich)<\/p>\n<p data-start=\"1495\" data-end=\"1700\">Erh\u00e4ltlich in verschreibungspflichtigen<br data-start=\"1514\" data-end=\"1517\">Die Wiley X Grid ist voll verschreibungspflichtig mit gebogenen Sportgl\u00e4sern in der von dir gew\u00e4hlten T\u00f6nung oder Co-T\u00f6nung.<\/p>\n","protected":false},"excerpt":{"rendered":"<p data-start=\"328\" data-end=\"739\">Die Wiley X Grid ist eine kompakte, sportliche Motorradbrille, die maximalen Schutz mit einem stabilen, bequemen Sitz kombiniert. Dank ihrer tiefen Wickelform und dem Facial Cavity\u2122 Seal liegt die Grid eng am Gesicht an und h\u00e4lt Fahrtwind, Staub, Insekten und Turbulenzen ab. Das macht sie ideal f\u00fcr Motorradfahrer, die mit offenem Visier fahren oder bei h\u00f6heren Geschwindigkeiten ruhige, tr\u00e4nenfreie Augen behalten wollen.  <\/p>\n<p data-start=\"741\" data-end=\"1051\">Die abnehmbare Schaumstoffdichtung gibt dir Flexibilit\u00e4t: Verwende sie f\u00fcr volle Winddichtigkeit auf dem Motorrad oder nimm sie f\u00fcr den t\u00e4glichen Gebrauch heraus. Der Rahmen ist leicht, robust und passt gut unter die meisten Motorradhelme, w\u00e4hrend die Polycarbonat-Gl\u00e4ser eine klare Optik und zuverl\u00e4ssigen Schutz bieten. <\/p>\n<p data-start=\"1053\" data-end=\"1493\">- Kompakter, leichter Rahmen, der perfekt unter Motorradhelmen passt<br data-start=\"1113\" data-end=\"1116\">- Wrap-around-Passform f\u00fcr Stabilit\u00e4t und starken Windschutz<br data-start=\"1180\" data-end=\"1183\">- Facial Cavity\u2122 Seal gegen Turbulenzen, Staub und Insekten; abnehmbar<br data-start=\"1252\" data-end=\"1255\">- Schlagfeste Polycarbonat-Gl\u00e4ser mit scharfer Optik<br data-start=\"1314\" data-end=\"1317\">- Ideal f\u00fcr Motorradfahren, Stadtfahrten, Touren und Outdoor<br data-start=\"1376\" data-end=\"1379\">- Klare und komfortable Sicht, auch wenn das Visier ge\u00f6ffnet ist<br data-start=\"1429\" data-end=\"1432\">- EN166-zertifiziert f\u00fcr pers\u00f6nlichen Augenschutz (nur ohne Sehst\u00e4rke erh\u00e4ltlich)<\/p>\n<p data-start=\"1495\" data-end=\"1700\">Erh\u00e4ltlich in verschreibungspflichtigen<br data-start=\"1514\" data-end=\"1517\">Die Wiley X Grid kann mit gekr\u00fcmmten Sportgl\u00e4sern in der von dir gew\u00e4hlten T\u00f6nung oder mit Co-T\u00f6nung ausgestattet werden.<\/p>\n","protected":false},"featured_media":68993,"template":"","meta":[],"product_brand":[793],"product_cat":[659,710,695,712,711,709,666],"product_tag":[],"class_list":{"0":"post-75919","1":"product","2":"type-product","3":"status-publish","4":"has-post-thumbnail","6":"product_brand-wiley-x","7":"product_cat-motorradbrille","8":"product_cat-airsoft","9":"product_cat-fisch","10":"product_cat-jagen","11":"product_cat-pistolenschiessen","12":"product_cat-schiessbrille","13":"product_cat-tourenmotorrad","14":"pa_geschikt-voor-frauen","15":"pa_geschikt-voor-manner","16":"pa_kleur-montuur-grun","17":"pa_kleur-montuur-schwarz-2","18":"pa_kleur-montuur-schwarz","19":"pa_maat-montuur-gross","20":"pa_maat-montuur-medium","21":"pa_soort-bril-op-sterkte-mit-sehstaerke","22":"pa_soort-bril-op-sterkte-ohne-sehstaerke","24":"first","25":"instock","26":"shipping-taxable","27":"purchasable","28":"product-type-variable"},"_links":{"self":[{"href":"https:\/\/www.specialspex.com\/de\/wp-json\/wp\/v2\/product\/75919","targetHints":{"allow":["GET"]}}],"collection":[{"href":"https:\/\/www.specialspex.com\/de\/wp-json\/wp\/v2\/product"}],"about":[{"href":"https:\/\/www.specialspex.com\/de\/wp-json\/wp\/v2\/types\/product"}],"wp:featuredmedia":[{"embeddable":true,"href":"https:\/\/www.specialspex.com\/de\/wp-json\/wp\/v2\/media\/68993"}],"wp:attachment":[{"href":"https:\/\/www.specialspex.com\/de\/wp-json\/wp\/v2\/media?parent=75919"}],"wp:term":[{"taxonomy":"product_brand","embeddable":true,"href":"https:\/\/www.specialspex.com\/de\/wp-json\/wp\/v2\/product_brand?post=75919"},{"taxonomy":"product_cat","embeddable":true,"href":"https:\/\/www.specialspex.com\/de\/wp-json\/wp\/v2\/product_cat?post=75919"},{"taxonomy":"product_tag","embeddable":true,"href":"https:\/\/www.specialspex.com\/de\/wp-json\/wp\/v2\/product_tag?post=75919"}],"curies":[{"name":"wp","href":"https:\/\/api.w.org\/{rel}","templated":true}]}}