{"id":75949,"date":"2025-11-25T14:24:17","date_gmt":"2025-11-25T13:24:17","guid":{"rendered":"https:\/\/specialspex.com\/product\/g24\/"},"modified":"2025-11-25T14:24:17","modified_gmt":"2025-11-25T13:24:17","slug":"g24","status":"publish","type":"product","link":"https:\/\/www.specialspex.com\/de\/motorradbrille\/gloryfy-g24\/","title":{"rendered":"G24"},"content":{"rendered":"<p data-start=\"166\" data-end=\"634\">Die Gloryfy G24 ist eine unzerbrechliche Sportbrille, die maximalen Schutz bei jeder sportlichen Herausforderung bietet. Dank des flexiblen und v\u00f6llig unzerbrechlichen Designs passt sich die Brille perfekt an das Gesicht an, mit einer perfekten seitlichen Abdichtung und einem stabilen Sitz, selbst bei intensivem Training. Die unzerbrechlichen Gl\u00e4ser sorgen f\u00fcr maximale Sicherheit und zuverl\u00e4ssige Leistung, sodass du dich in jeder Situation auf klare Sicht und optimalen Schutz verlassen kannst.  <\/p>\n<p data-start=\"636\" data-end=\"950\">Die Gloryfy G24 wird in Tirol (\u00d6sterreich) hergestellt, wo jede einzelne mit \u00e4u\u00dferster Pr\u00e4zision, Handarbeit und Fachwissen gefertigt wird. Das Ergebnis ist eine Sportbrille, die au\u00dfergew\u00f6hnlich bequem zu tragen ist, leicht ist und fast allen Einfl\u00fcssen beim Sport standh\u00e4lt. <\/p>\n<p data-start=\"952\" data-end=\"1365\">- V\u00f6llig unzerbrechliche Konstruktion f\u00fcr maximale Sicherheit<br data-start=\"1011\" data-end=\"1014\">- Hervorragende Seitendichtung f\u00fcr optimalen Schutz<br data-start=\"1076\" data-end=\"1079\">- Perfekter, stabiler Sitz bei intensiven sportlichen Aktivit\u00e4ten<br data-start=\"1144\" data-end=\"1147\">- Unzerbrechliche Gl\u00e4ser f\u00fcr klare Sicht und hohe Leistung<br data-start=\"1205\" data-end=\"1208\">- Hergestellt in Tirol (\u00d6sterreich) mit Pr\u00e4zision und Handwerkskunst<br data-start=\"1267\" data-end=\"1270\">- Erh\u00e4ltlich mit original Gloryfy Gl\u00e4sern f\u00fcr Korrektionsgl\u00e4ser<br data-start=\"1325\" data-end=\"1328\">- Inklusive Schutzetui<\/p>\n","protected":false},"excerpt":{"rendered":"<p data-start=\"166\" data-end=\"634\">Die Gloryfy G24 ist eine unzerbrechliche Sportbrille, die bei jeder sportlichen Herausforderung maximalen Schutz bietet. Dank des flexiblen und v\u00f6llig unzerbrechlichen Designs passt sich die Brille perfekt an das Gesicht an, mit einer perfekten seitlichen Abdichtung und einem stabilen Sitz auch bei intensivem Training. Die unzerbrechlichen Gl\u00e4ser sorgen f\u00fcr maximale Sicherheit und zuverl\u00e4ssige Leistung, sodass du dich in jeder Situation auf klare Sicht und optimalen Schutz verlassen kannst.  <\/p>\n<p data-start=\"636\" data-end=\"950\">Die Gloryfy G24 wird in Tirol (\u00d6sterreich) hergestellt, wo jede einzelne mit \u00e4u\u00dferster Pr\u00e4zision, Handarbeit und Fachwissen gefertigt wird. Das Ergebnis ist eine Sportbrille, die au\u00dfergew\u00f6hnlich bequem zu tragen ist, leicht ist und fast allen Einfl\u00fcssen beim Sport standh\u00e4lt. <\/p>\n<p data-start=\"952\" data-end=\"1365\">- V\u00f6llig unzerbrechliche Konstruktion f\u00fcr maximale Sicherheit<br data-start=\"1011\" data-end=\"1014\">- Hervorragende Seitendichtung f\u00fcr optimalen Schutz<br data-start=\"1076\" data-end=\"1079\">- Perfekter, stabiler Sitz bei intensiven sportlichen Aktivit\u00e4ten<br data-start=\"1144\" data-end=\"1147\">- Unzerbrechliche Gl\u00e4ser f\u00fcr klare Sicht und hohe Leistung<br data-start=\"1205\" data-end=\"1208\">- Hergestellt in Tirol (\u00d6sterreich) mit Pr\u00e4zision und Handwerkskunst<br data-start=\"1267\" data-end=\"1270\">- Erh\u00e4ltlich mit original Gloryfy Gl\u00e4sern f\u00fcr Korrektionsgl\u00e4ser<br data-start=\"1325\" data-end=\"1328\">- Inklusive Schutzetui<\/p>\n","protected":false},"featured_media":66361,"template":"","meta":[],"product_brand":[823],"product_cat":[659,584,688],"product_tag":[],"class_list":{"0":"post-75949","1":"product","2":"type-product","3":"status-publish","4":"has-post-thumbnail","6":"product_brand-gloryfy","7":"product_cat-motorradbrille","8":"product_cat-sportbrille","9":"product_cat-wassersport","10":"pa_geschikt-voor-frauen","11":"pa_geschikt-voor-manner","12":"pa_kleur-montuur-schwarz","13":"pa_maat-montuur-gross","14":"pa_maat-montuur-medium","15":"pa_soort-bril-op-sterkte-ohne-sehstaerke","17":"first","18":"instock","19":"shipping-taxable","20":"purchasable","21":"product-type-simple"},"_links":{"self":[{"href":"https:\/\/www.specialspex.com\/de\/wp-json\/wp\/v2\/product\/75949","targetHints":{"allow":["GET"]}}],"collection":[{"href":"https:\/\/www.specialspex.com\/de\/wp-json\/wp\/v2\/product"}],"about":[{"href":"https:\/\/www.specialspex.com\/de\/wp-json\/wp\/v2\/types\/product"}],"wp:featuredmedia":[{"embeddable":true,"href":"https:\/\/www.specialspex.com\/de\/wp-json\/wp\/v2\/media\/66361"}],"wp:attachment":[{"href":"https:\/\/www.specialspex.com\/de\/wp-json\/wp\/v2\/media?parent=75949"}],"wp:term":[{"taxonomy":"product_brand","embeddable":true,"href":"https:\/\/www.specialspex.com\/de\/wp-json\/wp\/v2\/product_brand?post=75949"},{"taxonomy":"product_cat","embeddable":true,"href":"https:\/\/www.specialspex.com\/de\/wp-json\/wp\/v2\/product_cat?post=75949"},{"taxonomy":"product_tag","embeddable":true,"href":"https:\/\/www.specialspex.com\/de\/wp-json\/wp\/v2\/product_tag?post=75949"}],"curies":[{"name":"wp","href":"https:\/\/api.w.org\/{rel}","templated":true}]}}