{"id":75953,"date":"2025-11-25T14:10:35","date_gmt":"2025-11-25T13:10:35","guid":{"rendered":"https:\/\/specialspex.com\/product\/g23\/"},"modified":"2025-11-25T14:10:35","modified_gmt":"2025-11-25T13:10:35","slug":"g23","status":"publish","type":"product","link":"https:\/\/www.specialspex.com\/de\/sportbrille\/radfahrerbrille\/gravelbiker-radfahren\/gloryfy-g23\/","title":{"rendered":"G23"},"content":{"rendered":"<p data-start=\"313\" data-end=\"750\">Die Gloryfy G23 ist eine unzerbrechliche, rahmenlose Sportbrille, die sich durch ihre ultraleichte Konstruktion, maximalen Schutz und au\u00dfergew\u00f6hnlichen Tragekomfort auszeichnet. Das rahmenlose Design bietet ein weites, ungehindertes Sichtfeld und optimale Bel\u00fcftung - ideal f\u00fcr den Einsatz auf dem Rennrad, Mountainbike oder beim Laufen. Die unzerbrechlichen Gl\u00e4ser garantieren hohe Leistung und zuverl\u00e4ssige Sicherheit auch unter anspruchsvollen Bedingungen.  <\/p>\n<p data-start=\"752\" data-end=\"1196\">Dank des flexiblen und nahezu unzerst\u00f6rbaren Materials bleiben sowohl das Visier als auch die Konstruktion bei St\u00f6\u00dfen, Biegungen und extremen Belastungen intakt. Die Brille bietet einen stabilen Sitz bei jeder Bewegung, w\u00e4hrend das geringe Gewicht f\u00fcr lang anhaltenden Komfort sorgt. Wie alle Gloryfy-Modelle wird auch die G23 in Tirol (\u00d6sterreich) hergestellt, wo Hightech-Fertigung und pr\u00e4zise Handarbeit zusammenkommen, um Brillen von au\u00dfergew\u00f6hnlicher Qualit\u00e4t zu produzieren.  <\/p>\n<p data-start=\"1198\" data-end=\"1685\">- Ultraleichtes, rahmenloses Design f\u00fcr ein weites und ungehindertes Sichtfeld<br data-start=\"1271\" data-end=\"1274\">- Unzerbrechliche Gl\u00e4ser und unzerbrechliche Konstruktion f\u00fcr maximale Sicherheit<br data-start=\"1346\" data-end=\"1349\">- Hervorragende Bel\u00fcftung, ideal zum Radfahren, Mountainbiken und Laufen<br data-start=\"1425\" data-end=\"1428\">- Stabiler und komfortabler Sitz, auch bei intensivem Sport<br data-start=\"1492\" data-end=\"1495\">- Kann mit originalen Gloryfy-Gl\u00e4sern im Visier ausgestattet werden<br data-start=\"1561\" data-end=\"1564\">- Hergestellt in Tirol (\u00d6sterreich) mit Hightech-Fertigung und pr\u00e4ziser Handwerkskunst<br data-start=\"1645\" data-end=\"1648\" data-is-only-node=\"\">- Inklusive Schutzetui<\/p>\n","protected":false},"excerpt":{"rendered":"<p data-start=\"313\" data-end=\"750\">Die Gloryfy G23 ist eine unzerbrechliche, rahmenlose Sportbrille, die sich durch ihre ultraleichte Konstruktion, maximalen Schutz und au\u00dfergew\u00f6hnlichen Tragekomfort auszeichnet. Das rahmenlose Design bietet ein weites, ungehindertes Sichtfeld und optimale Bel\u00fcftung - ideal f\u00fcr den Einsatz auf dem Rennrad, Mountainbike oder beim Laufen. Die unzerbrechlichen Gl\u00e4ser garantieren hohe Leistung und zuverl\u00e4ssige Sicherheit auch unter anspruchsvollen Bedingungen.  <\/p>\n<p data-start=\"752\" data-end=\"1196\">Dank des flexiblen und nahezu unzerst\u00f6rbaren Materials bleiben sowohl das Visier als auch die Konstruktion bei St\u00f6\u00dfen, Biegungen und extremen Belastungen intakt. Die Brille bietet einen stabilen Sitz bei jeder Bewegung, w\u00e4hrend das geringe Gewicht f\u00fcr lang anhaltenden Komfort sorgt. Wie alle Gloryfy-Modelle wird auch die G23 in Tirol (\u00d6sterreich) hergestellt, wo Hightech-Fertigung und pr\u00e4zise Handarbeit zusammenkommen, um Brillen von au\u00dfergew\u00f6hnlicher Qualit\u00e4t zu produzieren.  <\/p>\n<p data-start=\"1198\" data-end=\"1685\">- Ultraleichtes, rahmenloses Design f\u00fcr ein weites und ungehindertes Sichtfeld<br data-start=\"1271\" data-end=\"1274\">- Unzerbrechliche Gl\u00e4ser und unzerbrechliche Konstruktion f\u00fcr maximale Sicherheit<br data-start=\"1346\" data-end=\"1349\">- Hervorragende Bel\u00fcftung, ideal zum Radfahren, Mountainbiken und Laufen<br data-start=\"1425\" data-end=\"1428\">- Stabiler und komfortabler Sitz, auch bei intensivem Sport<br data-start=\"1492\" data-end=\"1495\">- Kann mit originalen Gloryfy-Gl\u00e4sern im Visier ausgestattet werden<br data-start=\"1561\" data-end=\"1564\">- Hergestellt in Tirol (\u00d6sterreich) mit Hightech-Fertigung und pr\u00e4ziser Handwerkskunst<br data-start=\"1645\" data-end=\"1648\" data-is-only-node=\"\">- Inklusive Schutzetui<\/p>\n","protected":false},"featured_media":66342,"template":"","meta":[],"product_brand":[823],"product_cat":[584,639,638,561,559],"product_tag":[],"class_list":{"0":"post-75953","1":"product","2":"type-product","3":"status-publish","4":"has-post-thumbnail","6":"product_brand-gloryfy","7":"product_cat-sportbrille","8":"product_cat-gravelbiker-radfahren","9":"product_cat-mountainbiking","10":"product_cat-radfahren","11":"product_cat-radfahrerbrille","12":"pa_geschikt-voor-frauen","13":"pa_geschikt-voor-manner","14":"pa_kleur-montuur-blau","15":"pa_kleur-montuur-schwarz","16":"pa_kleur-montuur-schwarz-3","17":"pa_maat-montuur-extra-gros","18":"pa_maat-montuur-gross","19":"pa_soort-bril-op-sterkte-mit-korrektionsglaesern-im-visier","20":"pa_soort-bril-op-sterkte-mit-sehstaerke","21":"pa_soort-bril-op-sterkte-ohne-sehstaerke","23":"first","24":"instock","25":"shipping-taxable","26":"purchasable","27":"product-type-variable"},"_links":{"self":[{"href":"https:\/\/www.specialspex.com\/de\/wp-json\/wp\/v2\/product\/75953","targetHints":{"allow":["GET"]}}],"collection":[{"href":"https:\/\/www.specialspex.com\/de\/wp-json\/wp\/v2\/product"}],"about":[{"href":"https:\/\/www.specialspex.com\/de\/wp-json\/wp\/v2\/types\/product"}],"wp:featuredmedia":[{"embeddable":true,"href":"https:\/\/www.specialspex.com\/de\/wp-json\/wp\/v2\/media\/66342"}],"wp:attachment":[{"href":"https:\/\/www.specialspex.com\/de\/wp-json\/wp\/v2\/media?parent=75953"}],"wp:term":[{"taxonomy":"product_brand","embeddable":true,"href":"https:\/\/www.specialspex.com\/de\/wp-json\/wp\/v2\/product_brand?post=75953"},{"taxonomy":"product_cat","embeddable":true,"href":"https:\/\/www.specialspex.com\/de\/wp-json\/wp\/v2\/product_cat?post=75953"},{"taxonomy":"product_tag","embeddable":true,"href":"https:\/\/www.specialspex.com\/de\/wp-json\/wp\/v2\/product_tag?post=75953"}],"curies":[{"name":"wp","href":"https:\/\/api.w.org\/{rel}","templated":true}]}}