{"id":75955,"date":"2025-11-25T10:49:03","date_gmt":"2025-11-25T09:49:03","guid":{"rendered":"https:\/\/specialspex.com\/product\/blockbusta-m\/"},"modified":"2025-11-25T10:49:03","modified_gmt":"2025-11-25T09:49:03","slug":"blockbusta-m","status":"publish","type":"product","link":"https:\/\/www.specialspex.com\/de\/sicherheit\/eyres-blockbusta-m\/","title":{"rendered":"Blockbusta M"},"content":{"rendered":"<p data-start=\"244\" data-end=\"763\">Die Eyres Blockbusta M ist eine vielseitige und robuste Schutzbrille, die f\u00fcr den intensiven Einsatz in industriellen und technischen Arbeitsumgebungen entwickelt wurde. Dank der M\u00f6glichkeit, zwischen einem elastischen Kopfband und regul\u00e4ren B\u00fcgeln zu wechseln, kann die Brille an verschiedene Arbeiten und pers\u00f6nliche Vorlieben angepasst werden. Die robuste Konstruktion und die umlaufende Form bieten einen hervorragenden Schutz gegen St\u00f6\u00dfe, Staub und umherfliegende Partikel, w\u00e4hrend das bequeme Design f\u00fcr lang anhaltenden Tragekomfort sorgt.  <\/p>\n<p data-start=\"765\" data-end=\"1141\">- Kann je nach Situation mit elastischem Kopfband oder mit F\u00fc\u00dfen getragen werden<br data-start=\"845\" data-end=\"848\">- Umschlie\u00dfende und robuste Konstruktion f\u00fcr maximalen Schutz<br data-start=\"911\" data-end=\"914\">- Sicherheitsgl\u00e4ser aus schlagfestem Material f\u00fcr zuverl\u00e4ssigen Aufprallschutz<br data-start=\"991\" data-end=\"994\">- Bequemer und stabiler Sitz, geeignet f\u00fcr den Langzeitgebrauch<br data-start=\"1061\" data-end=\"1064\">- Kann mit Korrektionsgl\u00e4sern gem\u00e4\u00df EN-166-Normung geliefert werden<br data-start=\"1112\" data-end=\"1115\">- Schutzh\u00fclle im Lieferumfang enthalten<\/p>\n","protected":false},"excerpt":{"rendered":"<p data-start=\"244\" data-end=\"763\">Die Eyres Blockbusta M ist eine vielseitige und robuste Schutzbrille, die f\u00fcr den intensiven Einsatz in industriellen und technischen Arbeitsumgebungen entwickelt wurde. Dank der M\u00f6glichkeit, zwischen einem elastischen Kopfband und regul\u00e4ren B\u00fcgeln zu wechseln, kann die Brille an verschiedene Arbeiten und pers\u00f6nliche Vorlieben angepasst werden. Die robuste Konstruktion und die umlaufende Form bieten einen hervorragenden Schutz gegen St\u00f6\u00dfe, Staub und umherfliegende Partikel, w\u00e4hrend das bequeme Design f\u00fcr lang anhaltenden Tragekomfort sorgt.  <\/p>\n<p data-start=\"765\" data-end=\"1141\">- Kann je nach Situation mit elastischem Kopfband oder mit F\u00fc\u00dfen getragen werden<br data-start=\"845\" data-end=\"848\">- Umschlie\u00dfende und robuste Konstruktion f\u00fcr maximalen Schutz<br data-start=\"911\" data-end=\"914\">- Sicherheitsgl\u00e4ser aus schlagfestem Material f\u00fcr zuverl\u00e4ssigen Aufprallschutz<br data-start=\"991\" data-end=\"994\">- Bequemer und stabiler Sitz, geeignet f\u00fcr den Langzeitgebrauch<br data-start=\"1061\" data-end=\"1064\">- Kann mit Korrektionsgl\u00e4sern gem\u00e4\u00df EN-166-Normung geliefert werden<br data-start=\"1112\" data-end=\"1115\">- Schutzh\u00fclle im Lieferumfang enthalten<\/p>\n","protected":false},"featured_media":66201,"template":"","meta":[],"product_brand":[791],"product_cat":[628],"product_tag":[],"class_list":{"0":"post-75955","1":"product","2":"type-product","3":"status-publish","4":"has-post-thumbnail","6":"product_brand-eyres","7":"product_cat-sicherheit","8":"pa_geschikt-voor-frauen","9":"pa_geschikt-voor-manner","10":"pa_kleur-montuur-grau","11":"pa_maat-montuur-gross","12":"pa_maat-montuur-medium","13":"pa_soort-bril-op-sterkte-mit-sehstaerke","15":"first","16":"instock","17":"shipping-taxable","18":"purchasable","19":"product-type-simple"},"_links":{"self":[{"href":"https:\/\/www.specialspex.com\/de\/wp-json\/wp\/v2\/product\/75955","targetHints":{"allow":["GET"]}}],"collection":[{"href":"https:\/\/www.specialspex.com\/de\/wp-json\/wp\/v2\/product"}],"about":[{"href":"https:\/\/www.specialspex.com\/de\/wp-json\/wp\/v2\/types\/product"}],"wp:featuredmedia":[{"embeddable":true,"href":"https:\/\/www.specialspex.com\/de\/wp-json\/wp\/v2\/media\/66201"}],"wp:attachment":[{"href":"https:\/\/www.specialspex.com\/de\/wp-json\/wp\/v2\/media?parent=75955"}],"wp:term":[{"taxonomy":"product_brand","embeddable":true,"href":"https:\/\/www.specialspex.com\/de\/wp-json\/wp\/v2\/product_brand?post=75955"},{"taxonomy":"product_cat","embeddable":true,"href":"https:\/\/www.specialspex.com\/de\/wp-json\/wp\/v2\/product_cat?post=75955"},{"taxonomy":"product_tag","embeddable":true,"href":"https:\/\/www.specialspex.com\/de\/wp-json\/wp\/v2\/product_tag?post=75955"}],"curies":[{"name":"wp","href":"https:\/\/api.w.org\/{rel}","templated":true}]}}