{"id":75956,"date":"2025-11-25T10:31:18","date_gmt":"2025-11-25T09:31:18","guid":{"rendered":"https:\/\/specialspex.com\/product\/hustler-rx\/"},"modified":"2025-11-25T10:31:18","modified_gmt":"2025-11-25T09:31:18","slug":"hustler-rx","status":"publish","type":"product","link":"https:\/\/www.specialspex.com\/de\/sicherheit\/bolle-safety-hustler-rx\/","title":{"rendered":"Hustler RX"},"content":{"rendered":"<p data-start=\"172\" data-end=\"462\">Diese Boll\u00e9-Schutzbrille ist EN-166-zertifiziert und bietet Schutz vor fliegenden festen und fl\u00fcssigen Partikeln sowie vor Staub. Das gew\u00f6lbte Design passt sich gut an das Gesicht an und sorgt f\u00fcr einen bequemen Sitz. Dieses Modell wird auf Bestellung mit speziell gebogenen Gl\u00e4sern hergestellt.  <\/p>\n<p data-start=\"464\" data-end=\"782\" data-is-last-node=\"\" data-is-only-node=\"\">- EN-166-zertifizierter Schutz<br data-start=\"500\" data-end=\"503\">- Geschwungener Rahmen f\u00fcr einen bequemen Sitz<br data-start=\"564\" data-end=\"567\">- Kann mit speziell gew\u00f6lbten Gl\u00e4sern an verschreibungspflichtige Gl\u00e4ser angepasst werden<br data-start=\"617\" data-end=\"620\">- Erh\u00e4ltlich in jeder Farbnuance<br data-start=\"661\" data-end=\"664\">- Option f\u00fcr selbstt\u00f6nende Gl\u00e4ser<br data-start=\"696\" data-end=\"699\">- Die Brille kann ganz nach deinen W\u00fcnschen angepasst werden<\/p>\n","protected":false},"excerpt":{"rendered":"<p data-start=\"172\" data-end=\"462\">Diese Boll\u00e9-Schutzbrille ist EN-166-zertifiziert und bietet Schutz vor fliegenden festen und fl\u00fcssigen Partikeln sowie vor Staub. Das gew\u00f6lbte Design passt sich gut an das Gesicht an und sorgt f\u00fcr einen bequemen Sitz. Dieses Modell wird auf Bestellung mit speziell gebogenen Gl\u00e4sern hergestellt.  <\/p>\n<p data-start=\"464\" data-end=\"782\" data-is-last-node=\"\" data-is-only-node=\"\">- EN-166-zertifizierter Schutz<br data-start=\"500\" data-end=\"503\">- Gew\u00f6lbter Rahmen f\u00fcr eine enge und bequeme Passform<br data-start=\"564\" data-end=\"567\">- Kann mit speziell gew\u00f6lbten Gl\u00e4sern auf Rezept angefertigt werden<br data-start=\"617\" data-end=\"620\">- Erh\u00e4ltlich in jeder Farbnuance<br data-start=\"661\" data-end=\"664\">- Option f\u00fcr selbstt\u00f6nende Gl\u00e4ser<br data-start=\"696\" data-end=\"699\">- Die Brille kann ganz nach deinen W\u00fcnschen angepasst werden<\/p>\n","protected":false},"featured_media":45097,"template":"","meta":[],"product_brand":[786],"product_cat":[628],"product_tag":[],"class_list":{"0":"post-75956","1":"product","2":"type-product","3":"status-publish","4":"has-post-thumbnail","6":"product_brand-bolle-safety","7":"product_cat-sicherheit","8":"pa_geschikt-voor-frauen","9":"pa_geschikt-voor-manner","10":"pa_kleur-montuur-schwarz","11":"pa_maat-montuur-gross","12":"pa_maat-montuur-medium","13":"pa_soort-bril-op-sterkte-mit-sehstaerke","15":"first","16":"instock","17":"shipping-taxable","18":"purchasable","19":"product-type-simple"},"_links":{"self":[{"href":"https:\/\/www.specialspex.com\/de\/wp-json\/wp\/v2\/product\/75956","targetHints":{"allow":["GET"]}}],"collection":[{"href":"https:\/\/www.specialspex.com\/de\/wp-json\/wp\/v2\/product"}],"about":[{"href":"https:\/\/www.specialspex.com\/de\/wp-json\/wp\/v2\/types\/product"}],"wp:featuredmedia":[{"embeddable":true,"href":"https:\/\/www.specialspex.com\/de\/wp-json\/wp\/v2\/media\/45097"}],"wp:attachment":[{"href":"https:\/\/www.specialspex.com\/de\/wp-json\/wp\/v2\/media?parent=75956"}],"wp:term":[{"taxonomy":"product_brand","embeddable":true,"href":"https:\/\/www.specialspex.com\/de\/wp-json\/wp\/v2\/product_brand?post=75956"},{"taxonomy":"product_cat","embeddable":true,"href":"https:\/\/www.specialspex.com\/de\/wp-json\/wp\/v2\/product_cat?post=75956"},{"taxonomy":"product_tag","embeddable":true,"href":"https:\/\/www.specialspex.com\/de\/wp-json\/wp\/v2\/product_tag?post=75956"}],"curies":[{"name":"wp","href":"https:\/\/api.w.org\/{rel}","templated":true}]}}