{"id":75961,"date":"2025-11-25T10:28:45","date_gmt":"2025-11-25T09:28:45","guid":{"rendered":"https:\/\/specialspex.com\/product\/hurricane\/"},"modified":"2026-04-18T12:09:01","modified_gmt":"2026-04-18T10:09:01","slug":"hurricane","status":"publish","type":"product","link":"https:\/\/www.specialspex.com\/de\/sicherheit\/eyres-hurricane\/","title":{"rendered":"Hurricane"},"content":{"rendered":"<p data-start=\"268\" data-end=\"836\">Die Eyres Hurricane 333 ist eine klassische und zuverl\u00e4ssige Schutzbrille, die f\u00fcr lang anhaltenden Tragekomfort und effektiven Schutz in anspruchsvollen Arbeitsumgebungen entwickelt wurde. Die Brille hat ein konventionelles, zeitloses Design und ist aus hochwertigem Polycarbonat und TR-Material in Kristallgrau gefertigt. Dank der flexiblen, UV-absorbierenden Seitenteile werden sowohl UV-Licht als auch umherfliegender Schmutz besser abgeblockt, was einen zus\u00e4tzlichen Schutz f\u00fcr die Augen bedeutet. Mit einem Gewicht von nur 29 Gramm ist die Hurricane 333 besonders leicht und daher ideal f\u00fcr den stundenlangen Einsatz.   <\/p>\n<p data-start=\"838\" data-end=\"1243\">- Klassisches und komfortables Design f\u00fcr den t\u00e4glichen professionellen Einsatz<br data-start=\"908\" data-end=\"911\">- Hergestellt aus hochwertigem Polycarbonat und TR-Material f\u00fcr zus\u00e4tzliche Langlebigkeit<br data-start=\"992\" data-end=\"995\">- Flexible UV-absorbierende Seitenteile, die vor UV-Licht und dem seitlichen Eindringen von Schmutz sch\u00fctzen<br data-start=\"1103\" data-end=\"1106\">- Sehr leicht (29 Gramm) f\u00fcr lang anhaltenden Tragekomfort<br data-start=\"1163\" data-end=\"1166\">- Kann gem\u00e4\u00df der EN-166-Normung verst\u00e4rkt werden<br data-start=\"1214\" data-end=\"1217\">- Schutzh\u00fclle im Lieferumfang enthalten<\/p>\n","protected":false},"excerpt":{"rendered":"<p data-start=\"268\" data-end=\"836\">Die Eyres Hurricane 333 ist eine klassische und zuverl\u00e4ssige Schutzbrille, die f\u00fcr lang anhaltenden Tragekomfort und effektiven Schutz in anspruchsvollen Arbeitsumgebungen entwickelt wurde. Die Brille hat ein konventionelles, zeitloses Design und ist aus hochwertigem Polycarbonat und TR-Material in Kristallgrau gefertigt. Dank der flexiblen, UV-absorbierenden Seitenteile werden sowohl UV-Licht als auch umherfliegender Schmutz besser abgeblockt, was einen zus\u00e4tzlichen Schutz f\u00fcr die Augen bedeutet. Mit einem Gewicht von nur 29 Gramm ist die Hurricane 333 besonders leicht und damit ideal f\u00fcr den stundenlangen Einsatz.   <\/p>\n<p data-start=\"838\" data-end=\"1243\">- Klassisches und komfortables Design f\u00fcr den t\u00e4glichen professionellen Einsatz<br data-start=\"908\" data-end=\"911\">- Hergestellt aus hochwertigem Polycarbonat und TR-Material f\u00fcr zus\u00e4tzliche Langlebigkeit<br data-start=\"992\" data-end=\"995\">- Flexible UV-absorbierende Seitenteile, die vor UV-Licht und dem seitlichen Eindringen von Schmutz sch\u00fctzen<br data-start=\"1103\" data-end=\"1106\">- Sehr leicht (29 Gramm) f\u00fcr lang anhaltenden Tragekomfort<br data-start=\"1163\" data-end=\"1166\">- Kann gem\u00e4\u00df der EN-166-Normung verst\u00e4rkt werden<br data-start=\"1214\" data-end=\"1217\">- Schutzh\u00fclle im Lieferumfang enthalten<\/p>\n","protected":false},"featured_media":66177,"template":"","meta":[],"product_brand":[791],"product_cat":[628],"product_tag":[],"class_list":{"0":"post-75961","1":"product","2":"type-product","3":"status-publish","4":"has-post-thumbnail","6":"product_brand-eyres","7":"product_cat-sicherheit","8":"pa_geschikt-voor-frauen","9":"pa_geschikt-voor-manner","10":"pa_kleur-montuur-grau","11":"pa_maat-montuur-gross","12":"pa_maat-montuur-medium","13":"pa_soort-bril-op-sterkte-mit-sehstaerke","15":"first","16":"instock","17":"shipping-taxable","18":"purchasable","19":"product-type-simple"},"_links":{"self":[{"href":"https:\/\/www.specialspex.com\/de\/wp-json\/wp\/v2\/product\/75961","targetHints":{"allow":["GET"]}}],"collection":[{"href":"https:\/\/www.specialspex.com\/de\/wp-json\/wp\/v2\/product"}],"about":[{"href":"https:\/\/www.specialspex.com\/de\/wp-json\/wp\/v2\/types\/product"}],"wp:featuredmedia":[{"embeddable":true,"href":"https:\/\/www.specialspex.com\/de\/wp-json\/wp\/v2\/media\/66177"}],"wp:attachment":[{"href":"https:\/\/www.specialspex.com\/de\/wp-json\/wp\/v2\/media?parent=75961"}],"wp:term":[{"taxonomy":"product_brand","embeddable":true,"href":"https:\/\/www.specialspex.com\/de\/wp-json\/wp\/v2\/product_brand?post=75961"},{"taxonomy":"product_cat","embeddable":true,"href":"https:\/\/www.specialspex.com\/de\/wp-json\/wp\/v2\/product_cat?post=75961"},{"taxonomy":"product_tag","embeddable":true,"href":"https:\/\/www.specialspex.com\/de\/wp-json\/wp\/v2\/product_tag?post=75961"}],"curies":[{"name":"wp","href":"https:\/\/api.w.org\/{rel}","templated":true}]}}