{"id":75968,"date":"2025-11-25T10:09:16","date_gmt":"2025-11-25T09:09:16","guid":{"rendered":"https:\/\/specialspex.com\/product\/oddie\/"},"modified":"2025-11-25T10:09:16","modified_gmt":"2025-11-25T09:09:16","slug":"oddie","status":"publish","type":"product","link":"https:\/\/www.specialspex.com\/de\/sportbrille\/schiessbrille\/airsoft\/eyres-oddie\/","title":{"rendered":"Oddie"},"content":{"rendered":"<p data-start=\"206\" data-end=\"807\">Die Eyres Oddie ist eine vielseitige und sch\u00fctzende Schutzbrille, die f\u00fcr anspruchsvolle Arbeitsumgebungen entwickelt wurde. Diese Brille hat ein gebogenes Design, das sich eng an das Gesicht anschmiegt und einen hervorragenden Schutz gegen Staub, Spritzer und fliegende Partikel bietet. Die Oddie wird mit beiden Beinen und einem elastischen Kopfband geliefert, so dass der Tr\u00e4ger leicht zwischen dem Tragen einer Brille oder einer Goggle wechseln kann. Die weiche Schaumstoffdichtung auf der R\u00fcckseite schmiegt sich nahtlos an die Haut an und reduziert das Eindringen von Luftstr\u00f6men, Wasserdampf und Feinstaub.   <\/p>\n<p data-start=\"809\" data-end=\"1219\">- Kurvenf\u00f6rmiges Design, das eng anliegt und optimalen Schutz bietet<br data-start=\"872\" data-end=\"875\">- Austauschbare Trageoptionen: elastisches Band oder Beine<br data-start=\"930\" data-end=\"933\">- Weiche Schaumstoffdichtung f\u00fcr zus\u00e4tzliche Abdichtung und Komfort<br data-start=\"1000\" data-end=\"1003\">- Schlagfeste Sicherheitsgl\u00e4ser f\u00fcr zuverl\u00e4ssigen Schutz gegen St\u00f6\u00dfe<br data-start=\"1074\" data-end=\"1077\">- Ideal f\u00fcr Industrie, Bauwesen, Maschinenbau und staubige Umgebungen<br data-start=\"1139\" data-end=\"1142\">- Kann mit Korrektionsgl\u00e4sern nach EN-166-Normung geliefert werden<br data-start=\"1190\" data-end=\"1193\">- Schutzh\u00fclle im Lieferumfang enthalten<\/p>\n","protected":false},"excerpt":{"rendered":"<p data-start=\"206\" data-end=\"807\">Die Eyres Oddie ist eine vielseitige und sch\u00fctzende Schutzbrille, die f\u00fcr anspruchsvolle Arbeitsumgebungen entwickelt wurde. Diese Brille hat ein gebogenes Design, das sich eng an das Gesicht anschmiegt und einen hervorragenden Schutz gegen Staub, Spritzer und fliegende Partikel bietet. Die Oddie wird mit beiden Beinen und einem elastischen Kopfband geliefert, so dass der Tr\u00e4ger leicht zwischen dem Tragen einer Brille oder einer Goggle wechseln kann. Die weiche Schaumstoffdichtung auf der R\u00fcckseite schmiegt sich nahtlos an die Haut an und reduziert das Eindringen von Luftstr\u00f6men, Wasserdampf und Feinstaub.   <\/p>\n<p data-start=\"809\" data-end=\"1219\">- Kurvenf\u00f6rmiges Design, das eng anliegt und optimalen Schutz bietet<br data-start=\"872\" data-end=\"875\">- Austauschbare Trageoptionen: elastisches Band oder Beine<br data-start=\"930\" data-end=\"933\">- Weiche Schaumstoffdichtung f\u00fcr zus\u00e4tzlichen Verschluss und Komfort<br data-start=\"1000\" data-end=\"1003\">- Schlagfeste Sicherheitsgl\u00e4ser f\u00fcr zuverl\u00e4ssigen Schutz vor St\u00f6\u00dfen<br data-start=\"1074\" data-end=\"1077\">- Ideal f\u00fcr Industrie, Bauwesen, Maschinenbau und staubige Umgebungen<br data-start=\"1139\" data-end=\"1142\">- Kann mit Korrektionsgl\u00e4sern gem\u00e4\u00df EN-166-Normung geliefert werden<br data-start=\"1190\" data-end=\"1193\">- Schutzh\u00fclle im Lieferumfang enthalten<\/p>\n","protected":false},"featured_media":64015,"template":"","meta":[],"product_brand":[791],"product_cat":[628,710,709],"product_tag":[],"class_list":{"0":"post-75968","1":"product","2":"type-product","3":"status-publish","4":"has-post-thumbnail","6":"product_brand-eyres","7":"product_cat-sicherheit","8":"product_cat-airsoft","9":"product_cat-schiessbrille","10":"pa_geschikt-voor-frauen","11":"pa_geschikt-voor-manner","12":"pa_kleur-montuur-schwarz","13":"pa_maat-montuur-gross","14":"pa_maat-montuur-medium","15":"pa_soort-bril-op-sterkte-mit-sehstaerke","17":"first","18":"instock","19":"shipping-taxable","20":"purchasable","21":"product-type-simple"},"_links":{"self":[{"href":"https:\/\/www.specialspex.com\/de\/wp-json\/wp\/v2\/product\/75968","targetHints":{"allow":["GET"]}}],"collection":[{"href":"https:\/\/www.specialspex.com\/de\/wp-json\/wp\/v2\/product"}],"about":[{"href":"https:\/\/www.specialspex.com\/de\/wp-json\/wp\/v2\/types\/product"}],"wp:featuredmedia":[{"embeddable":true,"href":"https:\/\/www.specialspex.com\/de\/wp-json\/wp\/v2\/media\/64015"}],"wp:attachment":[{"href":"https:\/\/www.specialspex.com\/de\/wp-json\/wp\/v2\/media?parent=75968"}],"wp:term":[{"taxonomy":"product_brand","embeddable":true,"href":"https:\/\/www.specialspex.com\/de\/wp-json\/wp\/v2\/product_brand?post=75968"},{"taxonomy":"product_cat","embeddable":true,"href":"https:\/\/www.specialspex.com\/de\/wp-json\/wp\/v2\/product_cat?post=75968"},{"taxonomy":"product_tag","embeddable":true,"href":"https:\/\/www.specialspex.com\/de\/wp-json\/wp\/v2\/product_tag?post=75968"}],"curies":[{"name":"wp","href":"https:\/\/api.w.org\/{rel}","templated":true}]}}