{"id":75972,"date":"2025-11-25T09:59:57","date_gmt":"2025-11-25T08:59:57","guid":{"rendered":"https:\/\/specialspex.com\/product\/classique\/"},"modified":"2025-11-25T09:59:57","modified_gmt":"2025-11-25T08:59:57","slug":"classique","status":"publish","type":"product","link":"https:\/\/www.specialspex.com\/de\/sicherheit\/eyres-classique\/","title":{"rendered":"Classique"},"content":{"rendered":"<p data-start=\"213\" data-end=\"689\">Die Eyres Classique ist eine traditionelle und zuverl\u00e4ssige Schutzbrille mit einem Metallrahmen, der Langlebigkeit und einen zeitlosen Look vereint. Durch ihr klassisches Design eignet sich diese Brille f\u00fcr eine Vielzahl von Arbeitsumgebungen, von technischen und industriellen Umgebungen bis hin zu Laboren und Inspektionsarbeiten. Dank der robusten Seitenschilde bietet die Classique einen hohen Seitenschutz, w\u00e4hrend die sto\u00dffesten Gl\u00e4ser f\u00fcr Sicherheit im Arbeitsalltag sorgen.  <\/p>\n<p data-start=\"691\" data-end=\"1052\">- Strapazierf\u00e4higer Metallrahmen mit klassischem, zeitlosem Look<br data-start=\"753\" data-end=\"756\">- Stabile Seitenkappen f\u00fcr effektiven Seitenschutz<br data-start=\"815\" data-end=\"818\">- Schlagfeste Sicherheitsgl\u00e4ser, die vor St\u00f6\u00dfen und umherfliegenden Partikeln sch\u00fctzen<br data-start=\"909\" data-end=\"912\">- Bequeme Passform f\u00fcr langes Tragen<br data-start=\"972\" data-end=\"975\">- Kann mit Korrektionsgl\u00e4sern nach EN-166 Normung geliefert werden<br data-start=\"1023\" data-end=\"1026\">- Schutzetui im Lieferumfang enthalten<\/p>\n","protected":false},"excerpt":{"rendered":"<p data-start=\"213\" data-end=\"689\">Die Eyres Classique ist eine traditionelle und zuverl\u00e4ssige Schutzbrille mit einem Metallrahmen, der Langlebigkeit und einen zeitlosen Look vereint. Durch ihr klassisches Design eignet sich diese Brille f\u00fcr eine Vielzahl von Arbeitsumgebungen, von technischen und industriellen Umgebungen bis hin zu Laboren und Inspektionsarbeiten. Dank der robusten Seitenschilde bietet die Classique einen hohen Seitenschutz, w\u00e4hrend die sto\u00dffesten Gl\u00e4ser f\u00fcr Sicherheit im Arbeitsalltag sorgen.  <\/p>\n<p data-start=\"691\" data-end=\"1052\">- Strapazierf\u00e4higer Metallrahmen mit klassischem, zeitlosem Look<br data-start=\"753\" data-end=\"756\">- Stabile Seitenkappen f\u00fcr effektiven Seitenschutz<br data-start=\"815\" data-end=\"818\">- Schlagfeste Sicherheitsgl\u00e4ser, die vor St\u00f6\u00dfen und umherfliegenden Partikeln sch\u00fctzen<br data-start=\"909\" data-end=\"912\">- Bequeme Passform f\u00fcr langes Tragen<br data-start=\"972\" data-end=\"975\">- Kann mit Korrektionsgl\u00e4sern nach EN-166 Normung geliefert werden<br data-start=\"1023\" data-end=\"1026\">- Schutzetui im Lieferumfang enthalten<\/p>\n","protected":false},"featured_media":66155,"template":"","meta":[],"product_brand":[791],"product_cat":[628],"product_tag":[],"class_list":{"0":"post-75972","1":"product","2":"type-product","3":"status-publish","4":"has-post-thumbnail","6":"product_brand-eyres","7":"product_cat-sicherheit","8":"pa_geschikt-voor-frauen","9":"pa_geschikt-voor-manner","10":"pa_kleur-montuur-braun","11":"pa_kleur-montuur-silber","12":"pa_maat-montuur-gross","13":"pa_maat-montuur-medium","14":"pa_soort-bril-op-sterkte-geeignet-fuer-hohe-staerken","15":"pa_soort-bril-op-sterkte-mit-sehstaerke","17":"first","18":"instock","19":"shipping-taxable","20":"purchasable","21":"product-type-simple"},"_links":{"self":[{"href":"https:\/\/www.specialspex.com\/de\/wp-json\/wp\/v2\/product\/75972","targetHints":{"allow":["GET"]}}],"collection":[{"href":"https:\/\/www.specialspex.com\/de\/wp-json\/wp\/v2\/product"}],"about":[{"href":"https:\/\/www.specialspex.com\/de\/wp-json\/wp\/v2\/types\/product"}],"wp:featuredmedia":[{"embeddable":true,"href":"https:\/\/www.specialspex.com\/de\/wp-json\/wp\/v2\/media\/66155"}],"wp:attachment":[{"href":"https:\/\/www.specialspex.com\/de\/wp-json\/wp\/v2\/media?parent=75972"}],"wp:term":[{"taxonomy":"product_brand","embeddable":true,"href":"https:\/\/www.specialspex.com\/de\/wp-json\/wp\/v2\/product_brand?post=75972"},{"taxonomy":"product_cat","embeddable":true,"href":"https:\/\/www.specialspex.com\/de\/wp-json\/wp\/v2\/product_cat?post=75972"},{"taxonomy":"product_tag","embeddable":true,"href":"https:\/\/www.specialspex.com\/de\/wp-json\/wp\/v2\/product_tag?post=75972"}],"curies":[{"name":"wp","href":"https:\/\/api.w.org\/{rel}","templated":true}]}}