{"id":75996,"date":"2025-11-24T17:12:47","date_gmt":"2025-11-24T16:12:47","guid":{"rendered":"https:\/\/specialspex.com\/product\/harper\/"},"modified":"2025-11-24T17:12:47","modified_gmt":"2025-11-24T16:12:47","slug":"harper","status":"publish","type":"product","link":"https:\/\/www.specialspex.com\/de\/sicherheit\/bolle-safety-harper\/","title":{"rendered":"Harper"},"content":{"rendered":"<p data-start=\"142\" data-end=\"506\">Die Harper Schutzbrille hat ein sportliches Design, farbige B\u00fcgel und bietet hervorragenden Schutz. Der stark gew\u00f6lbte Rahmen schmiegt sich eng an das Gesicht an und sorgt f\u00fcr maximalen Komfort. Dieses Modell ist standardm\u00e4\u00dfig EN-166-zertifiziert und sch\u00fctzt dank der integrierten Seitenschilde vor fliegenden Partikeln und Fl\u00fcssigkeiten.  <\/p>\n<p data-start=\"508\" data-end=\"807\" data-is-last-node=\"\" data-is-only-node=\"\">- EN-166-zertifizierter Schutz<br data-start=\"544\" data-end=\"547\">- Integrierte Seitenschilde f\u00fcr zus\u00e4tzliche Sicherheit<br data-start=\"594\" data-end=\"597\">- Stark gebogener Rahmen f\u00fcr optimalen Sitz und Komfort<br data-start=\"651\" data-end=\"654\">- Kann mit speziell gebogenen Gl\u00e4sern an Korrekturgl\u00e4ser angepasst werden<br data-start=\"704\" data-end=\"707\">- Die Brille kann komplett nach Wunsch zusammengebaut werden<\/p>\n","protected":false},"excerpt":{"rendered":"<p data-start=\"142\" data-end=\"506\">Die Harper Schutzbrille hat ein sportliches Design, farbige B\u00fcgel und bietet hervorragenden Schutz. Der stark gebogene Rahmen liegt eng am Gesicht an und sorgt f\u00fcr maximalen Komfort. Dieses Modell ist standardm\u00e4\u00dfig EN-166-zertifiziert und sch\u00fctzt dank der integrierten Seitenschilde vor fliegenden Partikeln und Fl\u00fcssigkeiten.  <\/p>\n<p data-start=\"508\" data-end=\"807\" data-is-last-node=\"\" data-is-only-node=\"\">- EN-166-zertifizierter Schutz<br data-start=\"544\" data-end=\"547\">- Integrierte Seitenschilde f\u00fcr zus\u00e4tzliche Sicherheit<br data-start=\"594\" data-end=\"597\">- Stark gebogener Rahmen f\u00fcr optimalen Sitz und Komfort<br data-start=\"651\" data-end=\"654\">- Kann mit speziell gebogenen Gl\u00e4sern an Korrekturgl\u00e4ser angepasst werden<br data-start=\"704\" data-end=\"707\">- Die Brille kann komplett nach Wunsch zusammengebaut werden<\/p>\n","protected":false},"featured_media":47509,"template":"","meta":[],"product_brand":[786],"product_cat":[628],"product_tag":[],"class_list":{"0":"post-75996","1":"product","2":"type-product","3":"status-publish","4":"has-post-thumbnail","6":"product_brand-bolle-safety","7":"product_cat-sicherheit","8":"pa_geschikt-voor-frauen","9":"pa_geschikt-voor-manner","10":"pa_kleur-montuur-blau","11":"pa_kleur-montuur-gelb","12":"pa_maat-montuur-gross","13":"pa_maat-montuur-medium","14":"pa_soort-bril-op-sterkte-mit-sehstaerke","16":"first","17":"instock","18":"shipping-taxable","19":"purchasable","20":"product-type-variable","21":"has-default-attributes"},"_links":{"self":[{"href":"https:\/\/www.specialspex.com\/de\/wp-json\/wp\/v2\/product\/75996","targetHints":{"allow":["GET"]}}],"collection":[{"href":"https:\/\/www.specialspex.com\/de\/wp-json\/wp\/v2\/product"}],"about":[{"href":"https:\/\/www.specialspex.com\/de\/wp-json\/wp\/v2\/types\/product"}],"wp:featuredmedia":[{"embeddable":true,"href":"https:\/\/www.specialspex.com\/de\/wp-json\/wp\/v2\/media\/47509"}],"wp:attachment":[{"href":"https:\/\/www.specialspex.com\/de\/wp-json\/wp\/v2\/media?parent=75996"}],"wp:term":[{"taxonomy":"product_brand","embeddable":true,"href":"https:\/\/www.specialspex.com\/de\/wp-json\/wp\/v2\/product_brand?post=75996"},{"taxonomy":"product_cat","embeddable":true,"href":"https:\/\/www.specialspex.com\/de\/wp-json\/wp\/v2\/product_cat?post=75996"},{"taxonomy":"product_tag","embeddable":true,"href":"https:\/\/www.specialspex.com\/de\/wp-json\/wp\/v2\/product_tag?post=75996"}],"curies":[{"name":"wp","href":"https:\/\/api.w.org\/{rel}","templated":true}]}}