{"id":75999,"date":"2025-11-24T16:13:14","date_gmt":"2025-11-24T15:13:14","guid":{"rendered":"https:\/\/specialspex.com\/product\/kick\/"},"modified":"2025-11-24T16:13:14","modified_gmt":"2025-11-24T15:13:14","slug":"kick","status":"publish","type":"product","link":"https:\/\/www.specialspex.com\/de\/sicherheit\/bolle-safety-kick\/","title":{"rendered":"Kick"},"content":{"rendered":"<p data-start=\"86\" data-end=\"371\">Diese Boll\u00e9 Schutzbrille bietet zuverl\u00e4ssigen Schutz in einer Vielzahl von Branchen, vom Bau bis zur Industrie. Dank der Seitenschilde hat das Modell eine h\u00f6here Sto\u00dffestigkeit. Die Kick ist EN-166-zertifiziert und sch\u00fctzt vor fliegenden festen und fl\u00fcssigen Partikeln sowie vor Staub.  <\/p>\n<p data-start=\"373\" data-end=\"627\" data-is-last-node=\"\" data-is-only-node=\"\">- EN-166-zertifizierter Schutz<br data-start=\"409\" data-end=\"412\">- Erh\u00f6hte Sto\u00dffestigkeit dank Seitenkappen<br data-start=\"454\" data-end=\"457\">- Kann in jeder T\u00f6nung auf Ma\u00df gefertigt werden<br data-start=\"500\" data-end=\"503\">- Auch mit selbstt\u00f6nenden Gl\u00e4sern erh\u00e4ltlich<br data-start=\"541\" data-end=\"544\">- Vollst\u00e4ndig anpassbare Gl\u00e4ser<br data-start=\"588\" data-end=\"591\">- Enth\u00e4lt standardm\u00e4\u00dfig klare Gl\u00e4ser<\/p>\n","protected":false},"excerpt":{"rendered":"<p data-start=\"86\" data-end=\"371\">Diese Boll\u00e9 Schutzbrille bietet zuverl\u00e4ssigen Schutz in einer Vielzahl von Branchen, vom Bau bis zur Industrie. Dank der Seitenschilde hat das Modell eine h\u00f6here Sto\u00dffestigkeit. Die Kick ist EN-166-zertifiziert und sch\u00fctzt vor fliegenden festen und fl\u00fcssigen Partikeln sowie vor Staub.  <\/p>\n<p data-start=\"373\" data-end=\"627\" data-is-last-node=\"\" data-is-only-node=\"\">- EN-166-zertifizierter Schutz<br data-start=\"409\" data-end=\"412\">- Erh\u00f6hte Sto\u00dffestigkeit dank Seitenkappen<br data-start=\"454\" data-end=\"457\">- Kann in jeder T\u00f6nung auf Ma\u00df gefertigt werden<br data-start=\"500\" data-end=\"503\">- Auch mit selbstt\u00f6nenden Gl\u00e4sern erh\u00e4ltlich<br data-start=\"541\" data-end=\"544\">- Vollst\u00e4ndig anpassbare Gl\u00e4ser<br data-start=\"588\" data-end=\"591\">- Enth\u00e4lt standardm\u00e4\u00dfig klare Gl\u00e4ser<\/p>\n","protected":false},"featured_media":45118,"template":"","meta":[],"product_brand":[786],"product_cat":[628],"product_tag":[],"class_list":{"0":"post-75999","1":"product","2":"type-product","3":"status-publish","4":"has-post-thumbnail","6":"product_brand-bolle-safety","7":"product_cat-sicherheit","8":"pa_geschikt-voor-frauen","9":"pa_geschikt-voor-manner","10":"pa_kleur-montuur-schildkroete","11":"pa_kleur-montuur-schwarz","12":"pa_maat-montuur-gross","13":"pa_maat-montuur-medium","14":"pa_soort-bril-op-sterkte-mit-sehstaerke","16":"first","17":"instock","18":"shipping-taxable","19":"purchasable","20":"product-type-variable","21":"has-default-attributes"},"_links":{"self":[{"href":"https:\/\/www.specialspex.com\/de\/wp-json\/wp\/v2\/product\/75999","targetHints":{"allow":["GET"]}}],"collection":[{"href":"https:\/\/www.specialspex.com\/de\/wp-json\/wp\/v2\/product"}],"about":[{"href":"https:\/\/www.specialspex.com\/de\/wp-json\/wp\/v2\/types\/product"}],"wp:featuredmedia":[{"embeddable":true,"href":"https:\/\/www.specialspex.com\/de\/wp-json\/wp\/v2\/media\/45118"}],"wp:attachment":[{"href":"https:\/\/www.specialspex.com\/de\/wp-json\/wp\/v2\/media?parent=75999"}],"wp:term":[{"taxonomy":"product_brand","embeddable":true,"href":"https:\/\/www.specialspex.com\/de\/wp-json\/wp\/v2\/product_brand?post=75999"},{"taxonomy":"product_cat","embeddable":true,"href":"https:\/\/www.specialspex.com\/de\/wp-json\/wp\/v2\/product_cat?post=75999"},{"taxonomy":"product_tag","embeddable":true,"href":"https:\/\/www.specialspex.com\/de\/wp-json\/wp\/v2\/product_tag?post=75999"}],"curies":[{"name":"wp","href":"https:\/\/api.w.org\/{rel}","templated":true}]}}