{"id":76001,"date":"2025-11-24T15:39:00","date_gmt":"2025-11-24T14:39:00","guid":{"rendered":"https:\/\/specialspex.com\/product\/spark\/"},"modified":"2026-04-18T12:09:06","modified_gmt":"2026-04-18T10:09:06","slug":"spark","status":"publish","type":"product","link":"https:\/\/www.specialspex.com\/de\/sportbrille\/wintersport\/ski-und-snowboardbrillen\/bliz-spark\/","title":{"rendered":"Spark"},"content":{"rendered":"<p data-start=\"154\" data-end=\"677\">Die Bliz Spark ist eine vielseitige und komfortable Skibrille f\u00fcr Skifahrer und Snowboarder, die eine klare Sicht, guten Schutz und eine zuverl\u00e4ssige Passform suchen. Die flexible Goggle-Konstruktion sitzt bequem auf dem Gesicht und l\u00e4sst sich gut mit einer Vielzahl von Helmen kombinieren. Dank der guten Bel\u00fcftung und der Anti-Fog-Beschichtung bleibt die Scheibe auch bei Schneefall, K\u00e4lte oder intensivem Gebrauch klar. Die Spark bietet ein breites Sichtfeld und stabile Sicht, ideal f\u00fcr Anf\u00e4nger und erfahrene Wintersportler.   <\/p>\n<p data-start=\"679\" data-end=\"1047\">- Bequeme Passform mit flexibler Brillenkonstruktion<br data-start=\"734\" data-end=\"737\">- Gut bel\u00fcftete Scheibe mit effektiven Anti-Beschlag-Eigenschaften<br data-start=\"799\" data-end=\"802\">- Weites Sichtfeld f\u00fcr stabile und klare Sicht auf der Piste<br data-start=\"863\" data-end=\"866\">- Helmkompatibles, elastisches Band mit festem Halt<br data-start=\"916\" data-end=\"919\">- Kann mit verschreibungspflichtigen Gl\u00e4sern durch Verwendung eines Einsatzclips erhalten werden<\/p>\n","protected":false},"excerpt":{"rendered":"<p data-start=\"154\" data-end=\"677\">Die Bliz Spark ist eine vielseitige und komfortable Skibrille f\u00fcr Skifahrer und Snowboarder, die eine klare Sicht, guten Schutz und eine zuverl\u00e4ssige Passform suchen. Die flexible Goggle-Konstruktion sitzt bequem auf dem Gesicht und l\u00e4sst sich gut mit einer Vielzahl von Helmen kombinieren. Dank der guten Bel\u00fcftung und der Anti-Fog-Beschichtung bleibt die Scheibe auch bei Schneefall, K\u00e4lte oder intensivem Gebrauch klar. Die Spark bietet ein breites Sichtfeld und stabile Sicht, ideal f\u00fcr Anf\u00e4nger und erfahrene Wintersportler.   <\/p>\n<p data-start=\"679\" data-end=\"1047\">- Bequeme Passform mit flexibler Brillenkonstruktion<br data-start=\"734\" data-end=\"737\">- Gut bel\u00fcftete Scheibe mit effektiven Anti-Beschlag-Eigenschaften<br data-start=\"799\" data-end=\"802\">- Weites Sichtfeld f\u00fcr stabile und klare Sicht auf der Piste<br data-start=\"863\" data-end=\"866\">- Helmkompatibles, elastisches Band mit festem Halt<br data-start=\"916\" data-end=\"919\">- Kann mit verschreibungspflichtigen Gl\u00e4sern durch Verwendung eines Einsatzclips erhalten werden<\/p>\n","protected":false},"featured_media":66035,"template":"","meta":[],"product_brand":[820],"product_cat":[584,698,700],"product_tag":[],"class_list":{"0":"post-76001","1":"product","2":"type-product","3":"status-publish","4":"has-post-thumbnail","6":"product_brand-bliz","7":"product_cat-sportbrille","8":"product_cat-ski-und-snowboardbrillen","9":"product_cat-wintersport","10":"pa_geschikt-voor-frauen","11":"pa_geschikt-voor-manner","12":"pa_kleur-montuur-blau","13":"pa_kleur-montuur-rosa","14":"pa_kleur-montuur-weiss","15":"pa_maat-montuur-gross","16":"pa_soort-bril-op-sterkte-ohne-sehstaerke","17":"pa_soort-bril-op-sterkte-with-prescription-insert","19":"first","20":"instock","21":"sale","22":"shipping-taxable","23":"purchasable","24":"product-type-variable"},"_links":{"self":[{"href":"https:\/\/www.specialspex.com\/de\/wp-json\/wp\/v2\/product\/76001","targetHints":{"allow":["GET"]}}],"collection":[{"href":"https:\/\/www.specialspex.com\/de\/wp-json\/wp\/v2\/product"}],"about":[{"href":"https:\/\/www.specialspex.com\/de\/wp-json\/wp\/v2\/types\/product"}],"wp:featuredmedia":[{"embeddable":true,"href":"https:\/\/www.specialspex.com\/de\/wp-json\/wp\/v2\/media\/66035"}],"wp:attachment":[{"href":"https:\/\/www.specialspex.com\/de\/wp-json\/wp\/v2\/media?parent=76001"}],"wp:term":[{"taxonomy":"product_brand","embeddable":true,"href":"https:\/\/www.specialspex.com\/de\/wp-json\/wp\/v2\/product_brand?post=76001"},{"taxonomy":"product_cat","embeddable":true,"href":"https:\/\/www.specialspex.com\/de\/wp-json\/wp\/v2\/product_cat?post=76001"},{"taxonomy":"product_tag","embeddable":true,"href":"https:\/\/www.specialspex.com\/de\/wp-json\/wp\/v2\/product_tag?post=76001"}],"curies":[{"name":"wp","href":"https:\/\/api.w.org\/{rel}","templated":true}]}}