{"id":76004,"date":"2025-11-24T16:08:49","date_gmt":"2025-11-24T15:08:49","guid":{"rendered":"https:\/\/specialspex.com\/product\/b713-s\/"},"modified":"2025-11-24T16:08:49","modified_gmt":"2025-11-24T15:08:49","slug":"b713-s","status":"publish","type":"product","link":"https:\/\/www.specialspex.com\/de\/sicherheit\/bolle-safety-b713-s\/","title":{"rendered":"B713 S"},"content":{"rendered":"<p data-start=\"48\" data-end=\"339\">Dieser elegante Rahmen ist leicht zu tragen und verleiht dir einen modernen, stilvollen Look. Die festen Kappen bieten Schutz an den Seiten, oben und unten, sodass du bei jeder Aufgabe bequem und sicher arbeiten kannst.  Dieses Modell f\u00e4llt kleiner aus und ist ideal f\u00fcr alle, die die Gr\u00f6\u00dfe S\/M tragen.<\/p>\n<p data-start=\"341\" data-end=\"487\" data-is-last-node=\"\" data-is-only-node=\"\">- Verstellbare Beine aus Acetat<br data-start=\"374\" data-end=\"377\">- Trendiger und leichter Rahmen<br data-start=\"409\" data-end=\"412\">- Kompaktes Modell in Gr\u00f6\u00dfe S\/M<br data-start=\"439\" data-end=\"442\">- Feste Kappen f\u00fcr optimalen 360\u00b0 Schutz<\/p>\n","protected":false},"excerpt":{"rendered":"<p data-start=\"48\" data-end=\"339\">Dieser elegante Rahmen ist leicht zu tragen und verleiht dir einen modernen, stilvollen Look. Die festen Kappen bieten Schutz an den Seiten, oben und unten, sodass du bei jeder Aufgabe bequem und sicher arbeiten kannst.  Dieses Modell f\u00e4llt kleiner aus und ist ideal f\u00fcr alle, die die Gr\u00f6\u00dfe S\/M tragen.<\/p>\n<p data-start=\"341\" data-end=\"487\" data-is-last-node=\"\" data-is-only-node=\"\">- Verstellbare Beine aus Acetat<br data-start=\"374\" data-end=\"377\">- Trendiger und leichter Rahmen<br data-start=\"409\" data-end=\"412\">- Kompaktes Modell in Gr\u00f6\u00dfe S\/M<br data-start=\"439\" data-end=\"442\">- Feste Kappen f\u00fcr optimalen 360\u00b0 Schutz<\/p>\n","protected":false},"featured_media":45115,"template":"","meta":[],"product_brand":[786],"product_cat":[628],"product_tag":[],"class_list":{"0":"post-76004","1":"product","2":"type-product","3":"status-publish","4":"has-post-thumbnail","6":"product_brand-bolle-safety","7":"product_cat-sicherheit","8":"pa_geschikt-voor-frauen","9":"pa_geschikt-voor-manner","10":"pa_kleur-montuur-grau","11":"pa_maat-montuur-klein","12":"pa_maat-montuur-medium","13":"pa_soort-bril-op-sterkte-geeignet-fuer-hohe-staerken","14":"pa_soort-bril-op-sterkte-mit-sehstaerke","16":"first","17":"instock","18":"shipping-taxable","19":"purchasable","20":"product-type-simple"},"_links":{"self":[{"href":"https:\/\/www.specialspex.com\/de\/wp-json\/wp\/v2\/product\/76004","targetHints":{"allow":["GET"]}}],"collection":[{"href":"https:\/\/www.specialspex.com\/de\/wp-json\/wp\/v2\/product"}],"about":[{"href":"https:\/\/www.specialspex.com\/de\/wp-json\/wp\/v2\/types\/product"}],"wp:featuredmedia":[{"embeddable":true,"href":"https:\/\/www.specialspex.com\/de\/wp-json\/wp\/v2\/media\/45115"}],"wp:attachment":[{"href":"https:\/\/www.specialspex.com\/de\/wp-json\/wp\/v2\/media?parent=76004"}],"wp:term":[{"taxonomy":"product_brand","embeddable":true,"href":"https:\/\/www.specialspex.com\/de\/wp-json\/wp\/v2\/product_brand?post=76004"},{"taxonomy":"product_cat","embeddable":true,"href":"https:\/\/www.specialspex.com\/de\/wp-json\/wp\/v2\/product_cat?post=76004"},{"taxonomy":"product_tag","embeddable":true,"href":"https:\/\/www.specialspex.com\/de\/wp-json\/wp\/v2\/product_tag?post=76004"}],"curies":[{"name":"wp","href":"https:\/\/api.w.org\/{rel}","templated":true}]}}