{"id":76005,"date":"2025-11-21T15:51:07","date_gmt":"2025-11-21T14:51:07","guid":{"rendered":"https:\/\/specialspex.com\/product\/solo-black-vzum-f-lens-beetle\/"},"modified":"2026-04-18T12:09:07","modified_gmt":"2026-04-18T10:09:07","slug":"solo-black-vzum-f-lens-beetle","status":"publish","type":"product","link":"https:\/\/www.specialspex.com\/de\/sportbrille\/bergsteigerbrille\/alba-optics-solo-black-vzum-f-lens-beetle\/","title":{"rendered":"Solo Black VZUM F-Lens Beetle"},"content":{"rendered":"<p>Die Alba Optics Solo Black \/ VZUM F-Lens Beetle wurde f\u00fcr Mountainbiker, Gravel-Fahrer und Radfahrer entwickelt, die eine leichte, offene und technisch fortschrittliche Sportbrille ben\u00f6tigen. Die Solo bietet ein breites und ungehindertes Sichtfeld, ideal f\u00fcr schnell wechselndes Terrain und hohe Geschwindigkeiten. Dank der offenen Konstruktion bleibt die Bel\u00fcftung hervorragend, sodass die Gl\u00e4ser bei intensiven Fahrten oder feuchtem Wetter nicht beschlagen. Die Herstellung in Italien ist ein grundlegender Wert f\u00fcr Alba Optics, was sich in der hochwertigen Verarbeitung und dem durchdachten Design widerspiegelt. Die VZUM F-Lens Beetle bietet einen hohen Kontrast, eine lebendige Farbwiedergabe und eine scharfe Sicht - perfekt f\u00fcr Trails, Schotterwege und lange Stra\u00dfenfahrten.    <\/p>\n<p>- Ultraleichtes und offenes Design f\u00fcr ein weites Sichtfeld und optimale Bel\u00fcftung<br \/>\n- VZUM F-Lens Beetle f\u00fcr hohen Kontrast, lebendige Farben und pr\u00e4zise Detailwiedergabe<br \/>\n- Italienische Handwerkskunst mit langlebigen Premium-Materialien<br \/>\n- Ergonomische Passform mit stabilem Halt bei Fahrten im Gel\u00e4nde und bei hohen Geschwindigkeiten<br \/>\n- Korrekturgl\u00e4ser k\u00f6nnen in den Rahmen eingearbeitet werden<br \/>\n- Schutzetui enthalten<\/p>\n","protected":false},"excerpt":{"rendered":"<p>Die Alba Optics Solo Black \/ VZUM F-Lens Beetle wurde f\u00fcr Mountainbiker, Gravel-Fahrer und Radfahrer entwickelt, die eine leichte, offene und technisch fortschrittliche Sportbrille ben\u00f6tigen. Die Solo bietet ein breites und ungehindertes Sichtfeld, ideal f\u00fcr schnell wechselndes Terrain und hohe Geschwindigkeiten. Dank der offenen Konstruktion bleibt die Bel\u00fcftung hervorragend, sodass die Gl\u00e4ser bei intensiven Fahrten oder feuchtem Wetter nicht beschlagen. Die Herstellung in Italien ist ein grundlegender Wert f\u00fcr Alba Optics, was sich in der hochwertigen Verarbeitung und dem durchdachten Design widerspiegelt. Die VZUM F-Lens Beetle bietet einen hohen Kontrast, eine lebendige Farbwiedergabe und eine scharfe Sicht - perfekt f\u00fcr Trails, Schotterwege und lange Stra\u00dfenfahrten.    <\/p>\n<p>- Ultraleichtes und offenes Design f\u00fcr ein weites Sichtfeld und optimale Bel\u00fcftung<br \/>\n- VZUM F-Lens Beetle f\u00fcr hohen Kontrast, lebendige Farben und pr\u00e4zise Detailwiedergabe<br \/>\n- Italienische Handwerkskunst mit langlebigen Premium-Materialien<br \/>\n- Ergonomische Passform mit stabilem Halt bei Fahrten im Gel\u00e4nde und bei hohen Geschwindigkeiten<br \/>\n- Korrekturgl\u00e4ser k\u00f6nnen in den Rahmen eingearbeitet werden<br \/>\n- Schutzetui enthalten<\/p>\n","protected":false},"featured_media":65954,"template":"","meta":[],"product_brand":[821],"product_cat":[584,658,639,638,561,559,661],"product_tag":[],"class_list":{"0":"post-76005","1":"product","2":"type-product","3":"status-publish","4":"has-post-thumbnail","6":"product_brand-alba-optics","7":"product_cat-sportbrille","8":"product_cat-bergsteigerbrille","9":"product_cat-gravelbiker-radfahren","10":"product_cat-mountainbiking","11":"product_cat-radfahren","12":"product_cat-radfahrerbrille","13":"product_cat-wandern","14":"pa_geschikt-voor-frauen","15":"pa_geschikt-voor-manner","16":"pa_kleur-montuur-schwarz","17":"pa_maat-montuur-extra-gros","18":"pa_maat-montuur-gross","19":"pa_soort-bril-op-sterkte-mit-sehstaerke","20":"pa_soort-bril-op-sterkte-ohne-sehstaerke","22":"first","23":"instock","24":"shipping-taxable","25":"purchasable","26":"product-type-simple"},"_links":{"self":[{"href":"https:\/\/www.specialspex.com\/de\/wp-json\/wp\/v2\/product\/76005","targetHints":{"allow":["GET"]}}],"collection":[{"href":"https:\/\/www.specialspex.com\/de\/wp-json\/wp\/v2\/product"}],"about":[{"href":"https:\/\/www.specialspex.com\/de\/wp-json\/wp\/v2\/types\/product"}],"wp:featuredmedia":[{"embeddable":true,"href":"https:\/\/www.specialspex.com\/de\/wp-json\/wp\/v2\/media\/65954"}],"wp:attachment":[{"href":"https:\/\/www.specialspex.com\/de\/wp-json\/wp\/v2\/media?parent=76005"}],"wp:term":[{"taxonomy":"product_brand","embeddable":true,"href":"https:\/\/www.specialspex.com\/de\/wp-json\/wp\/v2\/product_brand?post=76005"},{"taxonomy":"product_cat","embeddable":true,"href":"https:\/\/www.specialspex.com\/de\/wp-json\/wp\/v2\/product_cat?post=76005"},{"taxonomy":"product_tag","embeddable":true,"href":"https:\/\/www.specialspex.com\/de\/wp-json\/wp\/v2\/product_tag?post=76005"}],"curies":[{"name":"wp","href":"https:\/\/api.w.org\/{rel}","templated":true}]}}