{"id":76057,"date":"2025-11-27T09:47:40","date_gmt":"2025-11-27T08:47:40","guid":{"rendered":"https:\/\/specialspex.com\/product\/pitchman-r-carbon\/"},"modified":"2025-11-27T09:47:40","modified_gmt":"2025-11-27T08:47:40","slug":"pitchman-r-carbon","status":"publish","type":"product","link":"https:\/\/www.specialspex.com\/de\/sport-laessig\/oakley-pitchman-r-carbon\/","title":{"rendered":"Pitchman\u2122 R Carbon"},"content":{"rendered":"<p data-start=\"188\" data-end=\"763\">Die Oakley Pitchman\u2122 R Carbon ist eine moderne und elegante Brille, die Leichtigkeit, Haltbarkeit und Komfort in einem zeitlosen Design vereint. Die Vorderseite besteht aus dem starken und leichten O Matter-Material, w\u00e4hrend die Brillenb\u00fcgel aus ultraleichtem Carbon f\u00fcr maximale St\u00e4rke und Flexibilit\u00e4t gefertigt sind. Dank des Drei-Punkt-Sitzes und der Unobtainium-Ohrst\u00f6psel bleibt die Brille auch bei Bewegung oder hei\u00dfen Bedingungen stabil. Das abgerundete Design verleiht der Pitchman\u2122 R Carbon einen stilvollen Look, der sowohl f\u00fcr die Arbeit als auch f\u00fcr den Alltag geeignet ist.   <\/p>\n<p data-start=\"765\" data-end=\"1172\">- Vorderseite aus leichtem O Matter mit Carbon-Brillenfedern<br data-start=\"823\" data-end=\"826\">- Unobtainium-Ohrst\u00f6psel f\u00fcr zus\u00e4tzlichen Halt, auch wenn du schwitzt<br data-start=\"885\" data-end=\"888\">- Drei-Punkt-Sitz f\u00fcr optimale Stabilit\u00e4t und optische Ausrichtung<br data-start=\"954\" data-end=\"957\">- Modernes, rundes Design mit zeitlosem Look<br data-start=\"1003\" data-end=\"1006\">- Langlebige Konstruktion, geeignet f\u00fcr intensiven t\u00e4glichen Gebrauch<br data-start=\"1070\" data-end=\"1073\">- Kann mit hochwertigen Specialspex-Gl\u00e4sern ausgestattet werden<br data-start=\"1132\" data-end=\"1135\">- Schutzetui im Lieferumfang enthalten<\/p>\n","protected":false},"excerpt":{"rendered":"<p data-start=\"188\" data-end=\"763\">Die Oakley Pitchman\u2122 R Carbon ist eine moderne und elegante Brille, die Leichtigkeit, Haltbarkeit und Komfort in einem zeitlosen Design vereint. Die Vorderseite besteht aus dem starken und leichten O Matter-Material, w\u00e4hrend die Brillenb\u00fcgel aus ultraleichtem Carbon f\u00fcr maximale St\u00e4rke und Flexibilit\u00e4t gefertigt sind. Dank des Drei-Punkt-Sitzes und der Unobtainium-Ohrst\u00f6psel bleibt die Brille auch bei Bewegung oder hei\u00dfen Bedingungen stabil. Das abgerundete Design verleiht der Pitchman\u2122 R Carbon einen stilvollen Look, der sowohl f\u00fcr die Arbeit als auch f\u00fcr den Alltag geeignet ist.   <\/p>\n<p data-start=\"765\" data-end=\"1172\">- Vorderseite aus leichtem O Matter mit Carbon-Brillenfedern<br data-start=\"823\" data-end=\"826\">- Unobtainium-Ohrst\u00f6psel f\u00fcr zus\u00e4tzlichen Halt, auch wenn du schwitzt<br data-start=\"885\" data-end=\"888\">- Drei-Punkt-Sitz f\u00fcr optimale Stabilit\u00e4t und optische Ausrichtung<br data-start=\"954\" data-end=\"957\">- Modernes, rundes Design mit zeitlosem Look<br data-start=\"1003\" data-end=\"1006\">- Langlebige Konstruktion, geeignet f\u00fcr intensiven t\u00e4glichen Gebrauch<br data-start=\"1070\" data-end=\"1073\">- Kann mit hochwertigen Specialspex-Gl\u00e4sern ausgestattet werden<br data-start=\"1132\" data-end=\"1135\">- Schutzetui im Lieferumfang enthalten<\/p>\n","protected":false},"featured_media":67335,"template":"","meta":[],"product_brand":[806],"product_cat":[696],"product_tag":[],"class_list":{"0":"post-76057","1":"product","2":"type-product","3":"status-publish","4":"has-post-thumbnail","6":"product_brand-oakley","7":"product_cat-sport-laessig","8":"pa_geschikt-voor-frauen","9":"pa_geschikt-voor-manner","10":"pa_kleur-montuur-grau","11":"pa_kleur-montuur-transparent-klar","12":"pa_maat-montuur-gross","13":"pa_maat-montuur-medium","14":"pa_soort-bril-op-sterkte-mit-sehstaerke","16":"first","17":"instock","18":"sale","19":"shipping-taxable","20":"purchasable","21":"product-type-variable"},"_links":{"self":[{"href":"https:\/\/www.specialspex.com\/de\/wp-json\/wp\/v2\/product\/76057","targetHints":{"allow":["GET"]}}],"collection":[{"href":"https:\/\/www.specialspex.com\/de\/wp-json\/wp\/v2\/product"}],"about":[{"href":"https:\/\/www.specialspex.com\/de\/wp-json\/wp\/v2\/types\/product"}],"wp:featuredmedia":[{"embeddable":true,"href":"https:\/\/www.specialspex.com\/de\/wp-json\/wp\/v2\/media\/67335"}],"wp:attachment":[{"href":"https:\/\/www.specialspex.com\/de\/wp-json\/wp\/v2\/media?parent=76057"}],"wp:term":[{"taxonomy":"product_brand","embeddable":true,"href":"https:\/\/www.specialspex.com\/de\/wp-json\/wp\/v2\/product_brand?post=76057"},{"taxonomy":"product_cat","embeddable":true,"href":"https:\/\/www.specialspex.com\/de\/wp-json\/wp\/v2\/product_cat?post=76057"},{"taxonomy":"product_tag","embeddable":true,"href":"https:\/\/www.specialspex.com\/de\/wp-json\/wp\/v2\/product_tag?post=76057"}],"curies":[{"name":"wp","href":"https:\/\/api.w.org\/{rel}","templated":true}]}}