{"id":76063,"date":"2025-11-27T10:01:48","date_gmt":"2025-11-27T09:01:48","guid":{"rendered":"https:\/\/specialspex.com\/product\/pitchman-r\/"},"modified":"2025-11-27T10:01:48","modified_gmt":"2025-11-27T09:01:48","slug":"pitchman-r","status":"publish","type":"product","link":"https:\/\/www.specialspex.com\/de\/sport-laessig\/oakley-pitchman-r\/","title":{"rendered":"Pitchman\u2122 R"},"content":{"rendered":"<p data-start=\"181\" data-end=\"685\">Die Oakley Pitchman\u2122 R ist eine moderne und leichte Fassung, die eine zeitlose runde Form mit sportlicher Funktionalit\u00e4t kombiniert. Die Vorderseite besteht aus dem starken und flexiblen O Matter-Material, wodurch die Brille bequem ist und dem t\u00e4glichen Gebrauch standh\u00e4lt. Die Brillenb\u00fcgel aus rostfreiem Stahl verleihen dem Design einen schlanken, stilvollen Look und sorgen f\u00fcr zus\u00e4tzliche Haltbarkeit. Dank des Drei-Punkt-Sitzes und der Unobtainium-Ohrst\u00fccke bleibt die Brille auch bei Bewegung stabil und bequem.   <\/p>\n<p data-start=\"687\" data-end=\"1118\">- Leichte O Matter-Front mit schlanken Brillenfedern aus Edelstahl<br data-start=\"757\" data-end=\"760\">- Unobtainium-Ohrst\u00f6psel f\u00fcr zus\u00e4tzlichen Halt, auch wenn du schwitzt<br data-start=\"821\" data-end=\"824\">- Drei-Punkt-Sitz f\u00fcr stabile und pr\u00e4zise optische Ausrichtung<br data-start=\"890\" data-end=\"893\">- Zeitloses, rundes Design, geeignet f\u00fcr Arbeit und Alltag<br data-start=\"956\" data-end=\"959\">- Langlebig, flexibel und bequem f\u00fcr langes Tragen<br data-start=\"1016\" data-end=\"1019\">- Kann mit hochwertigen Specialspex-Gl\u00e4sern zu Korrektionsgl\u00e4sern aufger\u00fcstet werden<br data-start=\"1078\" data-end=\"1081\">- Schutzetui enthalten<\/p>\n","protected":false},"excerpt":{"rendered":"<p data-start=\"181\" data-end=\"685\">Die Oakley Pitchman\u2122 R ist eine moderne und leichte Fassung, die eine zeitlose runde Form mit sportlicher Funktionalit\u00e4t kombiniert. Die Vorderseite besteht aus dem starken und flexiblen O Matter-Material, wodurch die Brille bequem ist und dem t\u00e4glichen Gebrauch standh\u00e4lt. Die Brillenb\u00fcgel aus rostfreiem Stahl verleihen dem Design einen schlanken, stilvollen Look und sorgen f\u00fcr zus\u00e4tzliche Haltbarkeit. Dank des Drei-Punkt-Sitzes und der Unobtainium-Ohrst\u00fccke bleibt die Brille auch bei Bewegung stabil und bequem.   <\/p>\n<p data-start=\"687\" data-end=\"1118\">- Leichte O Matter-Front mit schlanken Brillenfedern aus Edelstahl<br data-start=\"757\" data-end=\"760\">- Unobtainium-Ohrst\u00f6psel f\u00fcr zus\u00e4tzlichen Halt, auch wenn du schwitzt<br data-start=\"821\" data-end=\"824\">- Drei-Punkt-Sitz f\u00fcr stabile und pr\u00e4zise optische Ausrichtung<br data-start=\"890\" data-end=\"893\">- Zeitloses, rundes Design, geeignet f\u00fcr Arbeit und Alltag<br data-start=\"956\" data-end=\"959\">- Langlebig, flexibel und bequem f\u00fcr langes Tragen<br data-start=\"1016\" data-end=\"1019\">- Kann mit hochwertigen Specialspex-Gl\u00e4sern zu Korrektionsgl\u00e4sern aufger\u00fcstet werden<br data-start=\"1078\" data-end=\"1081\">- Schutzetui enthalten<\/p>\n","protected":false},"featured_media":67348,"template":"","meta":[],"product_brand":[806],"product_cat":[696],"product_tag":[],"class_list":{"0":"post-76063","1":"product","2":"type-product","3":"status-publish","4":"has-post-thumbnail","6":"product_brand-oakley","7":"product_cat-sport-laessig","8":"pa_geschikt-voor-frauen","9":"pa_geschikt-voor-manner","10":"pa_kleur-montuur-grau","11":"pa_kleur-montuur-schwarz","12":"pa_maat-montuur-gross","13":"pa_maat-montuur-medium","14":"pa_soort-bril-op-sterkte-mit-sehstaerke","16":"first","17":"instock","18":"sale","19":"shipping-taxable","20":"purchasable","21":"product-type-variable"},"_links":{"self":[{"href":"https:\/\/www.specialspex.com\/de\/wp-json\/wp\/v2\/product\/76063","targetHints":{"allow":["GET"]}}],"collection":[{"href":"https:\/\/www.specialspex.com\/de\/wp-json\/wp\/v2\/product"}],"about":[{"href":"https:\/\/www.specialspex.com\/de\/wp-json\/wp\/v2\/types\/product"}],"wp:featuredmedia":[{"embeddable":true,"href":"https:\/\/www.specialspex.com\/de\/wp-json\/wp\/v2\/media\/67348"}],"wp:attachment":[{"href":"https:\/\/www.specialspex.com\/de\/wp-json\/wp\/v2\/media?parent=76063"}],"wp:term":[{"taxonomy":"product_brand","embeddable":true,"href":"https:\/\/www.specialspex.com\/de\/wp-json\/wp\/v2\/product_brand?post=76063"},{"taxonomy":"product_cat","embeddable":true,"href":"https:\/\/www.specialspex.com\/de\/wp-json\/wp\/v2\/product_cat?post=76063"},{"taxonomy":"product_tag","embeddable":true,"href":"https:\/\/www.specialspex.com\/de\/wp-json\/wp\/v2\/product_tag?post=76063"}],"curies":[{"name":"wp","href":"https:\/\/api.w.org\/{rel}","templated":true}]}}