{"id":76075,"date":"2025-11-27T09:50:41","date_gmt":"2025-11-27T08:50:41","guid":{"rendered":"https:\/\/specialspex.com\/product\/sandy-beach\/"},"modified":"2026-04-18T12:08:39","modified_gmt":"2026-04-18T10:08:39","slug":"sandy-beach","status":"publish","type":"product","link":"https:\/\/www.specialspex.com\/de\/sportbrille\/wassersport\/fisch\/maui-jim-sandy-beach\/","title":{"rendered":"Sandy Beach"},"content":{"rendered":"<p data-start=\"42\" data-end=\"574\">Die Sandy Beach ist ein echter Klassiker von Maui Jim: leicht, flexibel und f\u00fcr lange Tage im Freien gemacht. Das rahmenlose Design sorgt f\u00fcr eine offene, ger\u00e4umige Sicht ohne zus\u00e4tzliches Gewicht auf der Nase, w\u00e4hrend die PolarizedPlus2-Gl\u00e4ser f\u00fcr satte Farben, hohen Kontrast und blendfreie Klarheit sorgen. Perfekt f\u00fcr Wanderungen an der K\u00fcste, im Alltag, auf dem Motorrad und sogar auf dem Golfplatz, wo scharfe Sicht und Tiefenwahrnehmung wichtig sind. Der Rahmen f\u00fchlt sich geschmeidig an und bleibt auch bei hei\u00dfem Wetter oder aktiver Bewegung fest an seinem Platz.   <\/p>\n<p data-start=\"576\" data-end=\"902\">- Ultraleichtes, rahmenloses Design f\u00fcr freie und weite Sicht<br data-start=\"635\" data-end=\"638\">- SuperThin Glass oder MauiPure Linsenoptionen f\u00fcr hohe Klarheit und geringes Gewicht<br data-start=\"715\" data-end=\"718\">- PolarizedPlus2 Linsentechnologie gegen Blendung und f\u00fcr zus\u00e4tzliche Farbe und Kontrast<br data-start=\"800\" data-end=\"803\">- Bequeme Passform f\u00fcr lange Tage im Freien<br data-start=\"849\" data-end=\"852\">- Ideal f\u00fcr Strand, Wasser, Motorradfahren und Golf<\/p>\n<p data-start=\"904\" data-end=\"1141\">Korrekturgl\u00e4ser m\u00f6glich<br data-start=\"923\" data-end=\"926\">Du kannst die Maui Jim Sandy Beach Korrekturgl\u00e4ser mit Specialspex Custom-Gl\u00e4sern oder mit original Maui Jim RX-Gl\u00e4sern anfertigen lassen. Beide Optionen bieten hervorragende Klarheit, vollen UV-Schutz und optimalen Sehkomfort. <\/p>\n<p data-start=\"1143\" data-end=\"1208\" data-is-last-node=\"\" data-is-only-node=\"\">Willst du mehr wissen? Lies unseren Blog \u00fcber die Originalbrillen von Maui Jim:<br data-start=\"1200\" data-end=\"1203\">https <\/p>\n","protected":false},"excerpt":{"rendered":"<p data-start=\"42\" data-end=\"574\">Die Sandy Beach ist ein echter Klassiker von Maui Jim: leicht, flexibel und f\u00fcr lange Tage im Freien gemacht. Das rahmenlose Design sorgt f\u00fcr eine offene, ger\u00e4umige Sicht ohne zus\u00e4tzliches Gewicht auf der Nase, w\u00e4hrend die PolarizedPlus2-Gl\u00e4ser f\u00fcr satte Farben, hohen Kontrast und blendfreie Klarheit sorgen. Perfekt f\u00fcr Wanderungen an der K\u00fcste, im Alltag, auf dem Motorrad und sogar auf dem Golfplatz, wo scharfe Sicht und Tiefenwahrnehmung wichtig sind. Der Rahmen f\u00fchlt sich geschmeidig an und bleibt auch bei hei\u00dfem Wetter oder aktivem Sport fest an seinem Platz.   <\/p>\n<p data-start=\"576\" data-end=\"902\">- Ultraleichtes, rahmenloses Design f\u00fcr freie und weite Sicht<br data-start=\"635\" data-end=\"638\">- SuperThin Glass oder MauiPure Linsenoptionen f\u00fcr hohe Klarheit und geringes Gewicht<br data-start=\"715\" data-end=\"718\">- PolarizedPlus2 Linsentechnologie gegen Blendung und f\u00fcr zus\u00e4tzliche Farbe und Kontrast<br data-start=\"800\" data-end=\"803\">- Bequeme Passform f\u00fcr lange Tage im Freien<br data-start=\"849\" data-end=\"852\">- Ideal f\u00fcr Strand, Wasser, Motorradfahren und Golf<\/p>\n<p data-start=\"904\" data-end=\"1141\">Verschreibung m\u00f6glich<br data-start=\"923\" data-end=\"926\">Du kannst dir die Maui Jim Sandy Beach mit Specialspex Custom-Gl\u00e4sern oder mit original Maui Jim RX-Gl\u00e4sern verschreiben lassen. Beide Optionen bieten hervorragende Klarheit, vollen UV-Schutz und optimalen Sehkomfort. <\/p>\n<p data-start=\"1143\" data-end=\"1208\" data-is-last-node=\"\" data-is-only-node=\"\">Willst du mehr wissen? Lies unseren Blog \u00fcber die Originalbrillen von Maui Jim:<br data-start=\"1200\" data-end=\"1203\">https <\/p>\n","protected":false},"featured_media":67188,"template":"","meta":[],"product_brand":[818],"product_cat":[660,695,696],"product_tag":[],"class_list":{"0":"post-76075","1":"product","2":"type-product","3":"status-publish","4":"has-post-thumbnail","6":"product_brand-maui-jim","7":"product_cat-golfbrille","8":"product_cat-fisch","9":"product_cat-sport-laessig","10":"pa_geschikt-voor-frauen","11":"pa_kleur-montuur-braun","12":"pa_maat-montuur-extra-klein","13":"pa_soort-bril-op-sterkte-mit-sehstaerke","14":"pa_soort-bril-op-sterkte-ohne-sehstaerke","16":"first","17":"instock","18":"shipping-taxable","19":"purchasable","20":"product-type-simple"},"_links":{"self":[{"href":"https:\/\/www.specialspex.com\/de\/wp-json\/wp\/v2\/product\/76075","targetHints":{"allow":["GET"]}}],"collection":[{"href":"https:\/\/www.specialspex.com\/de\/wp-json\/wp\/v2\/product"}],"about":[{"href":"https:\/\/www.specialspex.com\/de\/wp-json\/wp\/v2\/types\/product"}],"wp:featuredmedia":[{"embeddable":true,"href":"https:\/\/www.specialspex.com\/de\/wp-json\/wp\/v2\/media\/67188"}],"wp:attachment":[{"href":"https:\/\/www.specialspex.com\/de\/wp-json\/wp\/v2\/media?parent=76075"}],"wp:term":[{"taxonomy":"product_brand","embeddable":true,"href":"https:\/\/www.specialspex.com\/de\/wp-json\/wp\/v2\/product_brand?post=76075"},{"taxonomy":"product_cat","embeddable":true,"href":"https:\/\/www.specialspex.com\/de\/wp-json\/wp\/v2\/product_cat?post=76075"},{"taxonomy":"product_tag","embeddable":true,"href":"https:\/\/www.specialspex.com\/de\/wp-json\/wp\/v2\/product_tag?post=76075"}],"curies":[{"name":"wp","href":"https:\/\/api.w.org\/{rel}","templated":true}]}}