{"id":76081,"date":"2025-11-26T17:16:42","date_gmt":"2025-11-26T16:16:42","guid":{"rendered":"https:\/\/specialspex.com\/product\/tincup\/"},"modified":"2026-04-18T12:08:40","modified_gmt":"2026-04-18T10:08:40","slug":"tincup","status":"publish","type":"product","link":"https:\/\/www.specialspex.com\/de\/sport-laessig\/oakley-tincup\/","title":{"rendered":"TinCup\u2122"},"content":{"rendered":"<p data-start=\"200\" data-end=\"677\">Die Oakley TinCup ist ein moderner Metallrahmen, der sportliche Technologie mit einem anspruchsvollen, gesch\u00e4ftsm\u00e4\u00dfigen Look kombiniert. Der Rahmen ist aus leichtem Edelstahl gefertigt und mit einer schlanken, klaren Linie gestaltet, die sich auch bei l\u00e4ngerem Tragen angenehm tr\u00e4gt. Dank der flexiblen Scharniere und der ergonomischen Form sitzt die TinCup bequem auf dem Gesicht, w\u00e4hrend der Drei-Punkt-Sitz f\u00fcr optimale Stabilit\u00e4t und eine pr\u00e4zise Ausrichtung der Gl\u00e4ser sorgt.  <\/p>\n<p data-start=\"679\" data-end=\"1143\">- Leichter Edelstahlrahmen f\u00fcr Langlebigkeit und Tragekomfort<br data-start=\"751\" data-end=\"754\">- Schlankes, modernes Design, das sich sowohl f\u00fcr die Arbeit als auch f\u00fcr den Alltag eignet<br data-start=\"831\" data-end=\"834\">- Drei-Punkt-Passform f\u00fcr optimalen Sitz und stabile Positionierung<br data-start=\"899\" data-end=\"902\">- Flexible und bequeme B\u00fcgel, die eng hinter den Ohren anliegen<br data-start=\"972\" data-end=\"975\">- Dezente Oakley-Details f\u00fcr einen sportlichen und dennoch stilvollen Look<br data-start=\"1041\" data-end=\"1044\">- Kann mit hochwertigen Specialspex-Gl\u00e4sern mit Sehst\u00e4rke bestellt werden<br data-start=\"1103\" data-end=\"1106\">- Schutzetui im Lieferumfang enthalten<\/p>\n","protected":false},"excerpt":{"rendered":"<p data-start=\"200\" data-end=\"677\">Die Oakley TinCup ist ein moderner Metallrahmen, der sportliche Technologie mit einem anspruchsvollen, gesch\u00e4ftsm\u00e4\u00dfigen Look kombiniert. Der Rahmen ist aus leichtem Edelstahl gefertigt und mit einer schlanken, klaren Linie gestaltet, die sich auch bei l\u00e4ngerem Tragen angenehm tr\u00e4gt. Dank der flexiblen Scharniere und der ergonomischen Form sitzt die TinCup bequem auf dem Gesicht, w\u00e4hrend der Drei-Punkt-Sitz f\u00fcr optimale Stabilit\u00e4t und eine pr\u00e4zise Ausrichtung der Gl\u00e4ser sorgt.  <\/p>\n<p data-start=\"679\" data-end=\"1143\">- Leichter Edelstahlrahmen f\u00fcr Langlebigkeit und Tragekomfort<br data-start=\"751\" data-end=\"754\">- Schlankes, modernes Design, das sich sowohl f\u00fcr die Arbeit als auch f\u00fcr den Alltag eignet<br data-start=\"831\" data-end=\"834\">- Drei-Punkt-Passform f\u00fcr optimalen Sitz und stabile Positionierung<br data-start=\"899\" data-end=\"902\">- Flexible und bequeme B\u00fcgel, die eng hinter den Ohren anliegen<br data-start=\"972\" data-end=\"975\">- Dezente Oakley-Details f\u00fcr einen sportlichen und dennoch stilvollen Look<br data-start=\"1041\" data-end=\"1044\">- Kann mit hochwertigen Specialspex-Gl\u00e4sern mit Sehst\u00e4rke bestellt werden<br data-start=\"1103\" data-end=\"1106\">- Schutzetui im Lieferumfang enthalten<\/p>\n","protected":false},"featured_media":67255,"template":"","meta":[],"product_brand":[806],"product_cat":[696],"product_tag":[],"class_list":{"0":"post-76081","1":"product","2":"type-product","3":"status-publish","4":"has-post-thumbnail","6":"product_brand-oakley","7":"product_cat-sport-laessig","8":"pa_geschikt-voor-frauen","9":"pa_geschikt-voor-manner","10":"pa_kleur-montuur-schwarz","11":"pa_kleur-montuur-schwarz-2","12":"pa_kleur-montuur-schwarz-3","13":"pa_maat-montuur-extra-gros","14":"pa_maat-montuur-gross","15":"pa_soort-bril-op-sterkte-mit-sehstaerke","17":"first","18":"instock","19":"sale","20":"shipping-taxable","21":"purchasable","22":"product-type-variable"},"_links":{"self":[{"href":"https:\/\/www.specialspex.com\/de\/wp-json\/wp\/v2\/product\/76081","targetHints":{"allow":["GET"]}}],"collection":[{"href":"https:\/\/www.specialspex.com\/de\/wp-json\/wp\/v2\/product"}],"about":[{"href":"https:\/\/www.specialspex.com\/de\/wp-json\/wp\/v2\/types\/product"}],"wp:featuredmedia":[{"embeddable":true,"href":"https:\/\/www.specialspex.com\/de\/wp-json\/wp\/v2\/media\/67255"}],"wp:attachment":[{"href":"https:\/\/www.specialspex.com\/de\/wp-json\/wp\/v2\/media?parent=76081"}],"wp:term":[{"taxonomy":"product_brand","embeddable":true,"href":"https:\/\/www.specialspex.com\/de\/wp-json\/wp\/v2\/product_brand?post=76081"},{"taxonomy":"product_cat","embeddable":true,"href":"https:\/\/www.specialspex.com\/de\/wp-json\/wp\/v2\/product_cat?post=76081"},{"taxonomy":"product_tag","embeddable":true,"href":"https:\/\/www.specialspex.com\/de\/wp-json\/wp\/v2\/product_tag?post=76081"}],"curies":[{"name":"wp","href":"https:\/\/api.w.org\/{rel}","templated":true}]}}