{"id":76092,"date":"2025-11-26T16:56:28","date_gmt":"2025-11-26T15:56:28","guid":{"rendered":"https:\/\/specialspex.com\/product\/keha\/"},"modified":"2025-11-26T16:56:28","modified_gmt":"2025-11-26T15:56:28","slug":"keha","status":"publish","type":"product","link":"https:\/\/www.specialspex.com\/de\/sportbrille\/wassersport\/fisch\/maui-jim-keha\/","title":{"rendered":"Keha"},"content":{"rendered":"<p data-start=\"42\" data-end=\"652\">Die Keha - hawaiianisch f\u00fcr &#8222;Stolz&#8220; - wurde f\u00fcr Angler und Outdoor-Enthusiasten entwickelt, die scharf, entspannt und klar sehen wollen. Diese 8-Basen-M\u00fctze liegt eng um dein Gesicht und bietet maximalen Schutz vor Seitenlicht. Bel\u00fcftungs\u00f6ffnungen und Schwei\u00dfkan\u00e4le verhindern ein Beschlagen und sorgen f\u00fcr klare Sicht \u00fcber und auf dem Wasser. Halterungsschlitze sorgen daf\u00fcr, dass deine Brille auch in aktiven Momenten fest an ihrem Platz bleibt. Dank der PolarizedPlus2-Technologie wirst du nicht durch l\u00e4stige Reflexionen vom Wasser oder der Stra\u00dfenoberfl\u00e4che gest\u00f6rt. Ideal f\u00fcr Angeln, Wassersport, Motorradfahren und sogar auf dem Golfplatz.     <\/p>\n<p data-start=\"654\" data-end=\"1046\">- 8-Base-Wrap f\u00fcr maximalen Seitenschutz und sportliche Stabilit\u00e4t<br data-start=\"721\" data-end=\"724\">- SuperThin Glass Gl\u00e4ser f\u00fcr ultrahohe Helligkeit und Kratzfestigkeit<br data-start=\"795\" data-end=\"798\">- PolarizedPlus2 Technologie f\u00fcr Farbverst\u00e4rkung, Kontrast und Blendschutz<br data-start=\"866\" data-end=\"869\">- Bel\u00fcftungs\u00f6ffnungen und Schwei\u00dfkan\u00e4le gegen Beschlagen<br data-start=\"924\" data-end=\"927\">- Halterungsschlitze f\u00fcr zus\u00e4tzliche Sicherheit bei Bewegung<br data-start=\"979\" data-end=\"982\">- Hervorragend geeignet f\u00fcr Angeln, Wasserumgebungen, Motorradfahren und Golf<\/p>\n<p data-start=\"1048\" data-end=\"1339\">Auf St\u00e4rke m\u00f6glich<\/p>\n<p data-start=\"882\" data-end=\"1116\">Du kannst die Maui Jim Keha mit Specialspex-Gl\u00e4sern oder mit originalen Maui Jim RX-Gl\u00e4sern anfertigen lassen. Beide Optionen bieten au\u00dfergew\u00f6hnliche Klarheit, vollen UV-Schutz und Tragekomfort f\u00fcr jeden Tag. <\/p>\n<p data-start=\"1118\" data-end=\"1232\" data-is-last-node=\"\" data-is-only-node=\"\">Willst du mehr wissen? Lies unseren Blog \u00fcber die Originalbrillen von Maui Jim: <br data-start=\"1175\" data-end=\"1178\"><a class=\"decorated-link cursor-pointer\" target=\"_new\" rel=\"noopener\" data-start=\"1178\" data-end=\"1232\" data-is-last-node=\"\">https:\/\/specialspex.com\/blog\/maui-jim-originele-glazen<\/a><\/p>\n","protected":false},"excerpt":{"rendered":"<p data-start=\"42\" data-end=\"652\">Die Keha - hawaiianisch f\u00fcr &#8222;Stolz&#8220; - wurde f\u00fcr Angler und Outdoor-Enthusiasten entwickelt, die scharf, entspannt und klar sehen wollen. Diese 8-Basen-M\u00fctze liegt eng um dein Gesicht und bietet maximalen Schutz vor Seitenlicht. Bel\u00fcftungs\u00f6ffnungen und Schwei\u00dfkan\u00e4le verhindern ein Beschlagen und sorgen f\u00fcr klare Sicht \u00fcber und auf dem Wasser. Halteschlitze sorgen daf\u00fcr, dass deine Brille auch in den aktivsten Momenten fest an ihrem Platz bleibt. Dank der PolarizedPlus2-Technologie wirst du nicht durch l\u00e4stige Reflexionen auf dem Wasser oder der Fahrbahnoberfl\u00e4che gest\u00f6rt. Ideal f\u00fcr Angeln, Wassersport, Motorradfahren und sogar auf dem Golfplatz.     <\/p>\n<p data-start=\"654\" data-end=\"1046\">- 8-Base-Wrap f\u00fcr maximalen Seitenschutz und sportliche Stabilit\u00e4t<br data-start=\"721\" data-end=\"724\">- SuperThin Glass Gl\u00e4ser f\u00fcr ultrahohe Helligkeit und Kratzfestigkeit<br data-start=\"795\" data-end=\"798\">- PolarizedPlus2 Technologie f\u00fcr Farbverst\u00e4rkung, Kontrast und Blendschutz<br data-start=\"866\" data-end=\"869\">- Bel\u00fcftungs\u00f6ffnungen und Schwei\u00dfkan\u00e4le gegen Beschlagen<br data-start=\"924\" data-end=\"927\">- Halterungsschlitze f\u00fcr zus\u00e4tzliche Sicherheit bei Bewegung<br data-start=\"979\" data-end=\"982\">- Hervorragend geeignet f\u00fcr Angeln, Wasserumgebungen, Motorradfahren und Golf<\/p>\n<p data-start=\"1048\" data-end=\"1339\">Auf St\u00e4rke m\u00f6glich<\/p>\n<p data-start=\"882\" data-end=\"1116\">Du kannst die Maui Jim Keha mit Specialspex-Gl\u00e4sern oder mit originalen Maui Jim RX-Gl\u00e4sern anfertigen lassen. Beide Optionen bieten au\u00dfergew\u00f6hnliche Klarheit, vollen UV-Schutz und Tragekomfort f\u00fcr jeden Tag. <\/p>\n<p data-start=\"1118\" data-end=\"1232\" data-is-last-node=\"\" data-is-only-node=\"\">Willst du mehr wissen? Lies unseren Blog \u00fcber die Originalbrillen von Maui Jim: <br data-start=\"1175\" data-end=\"1178\"><a class=\"decorated-link cursor-pointer\" target=\"_new\" rel=\"noopener\" data-start=\"1178\" data-end=\"1232\" data-is-last-node=\"\">https:\/\/specialspex.com\/blog\/maui-jim-originele-glazen<\/a><\/p>\n","protected":false},"featured_media":67104,"template":"","meta":[],"product_brand":[818],"product_cat":[695,660,663,666,661],"product_tag":[],"class_list":{"0":"post-76092","1":"product","2":"type-product","3":"status-publish","4":"has-post-thumbnail","6":"product_brand-maui-jim","7":"product_cat-fisch","8":"product_cat-golfbrille","9":"product_cat-segeln","10":"product_cat-tourenmotorrad","11":"product_cat-wandern","12":"pa_geschikt-voor-manner","13":"pa_kleur-montuur-grun","14":"pa_kleur-montuur-schildkroete","15":"pa_kleur-montuur-schwarz","16":"pa_maat-montuur-gross","17":"pa_soort-bril-op-sterkte-mit-sehstaerke","18":"pa_soort-bril-op-sterkte-ohne-sehstaerke","20":"first","21":"instock","22":"sale","23":"shipping-taxable","24":"purchasable","25":"product-type-variable"},"_links":{"self":[{"href":"https:\/\/www.specialspex.com\/de\/wp-json\/wp\/v2\/product\/76092","targetHints":{"allow":["GET"]}}],"collection":[{"href":"https:\/\/www.specialspex.com\/de\/wp-json\/wp\/v2\/product"}],"about":[{"href":"https:\/\/www.specialspex.com\/de\/wp-json\/wp\/v2\/types\/product"}],"wp:featuredmedia":[{"embeddable":true,"href":"https:\/\/www.specialspex.com\/de\/wp-json\/wp\/v2\/media\/67104"}],"wp:attachment":[{"href":"https:\/\/www.specialspex.com\/de\/wp-json\/wp\/v2\/media?parent=76092"}],"wp:term":[{"taxonomy":"product_brand","embeddable":true,"href":"https:\/\/www.specialspex.com\/de\/wp-json\/wp\/v2\/product_brand?post=76092"},{"taxonomy":"product_cat","embeddable":true,"href":"https:\/\/www.specialspex.com\/de\/wp-json\/wp\/v2\/product_cat?post=76092"},{"taxonomy":"product_tag","embeddable":true,"href":"https:\/\/www.specialspex.com\/de\/wp-json\/wp\/v2\/product_tag?post=76092"}],"curies":[{"name":"wp","href":"https:\/\/api.w.org\/{rel}","templated":true}]}}