{"id":76106,"date":"2025-11-26T16:54:25","date_gmt":"2025-11-26T15:54:25","guid":{"rendered":"https:\/\/specialspex.com\/product\/extender\/"},"modified":"2025-11-26T16:54:25","modified_gmt":"2025-11-26T15:54:25","slug":"extender","status":"publish","type":"product","link":"https:\/\/www.specialspex.com\/de\/sport-laessig\/oakley-extender\/","title":{"rendered":"Extender"},"content":{"rendered":"<p data-start=\"189\" data-end=\"686\">Die Oakley Extender kombiniert einen subtilen, ultrad\u00fcnnen Look mit komfortabler Funktionalit\u00e4t, was diese Brille ideal f\u00fcr den Alltag und die Arbeit macht. Der Rahmen besteht aus leichtem C-5-Metall, das kaum sp\u00fcrbar, aber dennoch haltbar und formschl\u00fcssig ist. Dank des Drei-Punkt-Sitzes und der verstellbaren Nasenpads sitzt die Extender den ganzen Tag \u00fcber stabil und pr\u00e4zise ausgerichtet. Das Design ist vom ber\u00fchmten Oakley Blender Stil inspiriert, aber in einem modernen und raffinierten Look.   <\/p>\n<p data-start=\"688\" data-end=\"1139\">- Ultrad\u00fcnnes, rechteckiges Design mit modernem und minimalistischem Look<br data-start=\"766\" data-end=\"769\">- Hergestellt aus leichtem C-5-Metall f\u00fcr lang anhaltenden Tragekomfort<br data-start=\"834\" data-end=\"837\">- Weiche Ohrensch\u00fctzer an den Beinen f\u00fcr zus\u00e4tzlichen Komfort beim Tragen<br data-start=\"906\" data-end=\"909\">- Drei-Punkt-Sitz f\u00fcr optimale Ausrichtung und Stabilit\u00e4t<br data-start=\"966\" data-end=\"969\">- Verstellbare Nasenpads f\u00fcr eine individuelle und bequeme Passform<br data-start=\"1037\" data-end=\"1040\">- Kann mit hochwertigen Specialspex-Gl\u00e4sern ausgestattet werden<br data-start=\"1099\" data-end=\"1102\">- Inklusive Schutzetui<\/p>\n","protected":false},"excerpt":{"rendered":"<p data-start=\"189\" data-end=\"686\">Die Oakley Extender kombiniert einen subtilen, ultrad\u00fcnnen Look mit komfortabler Funktionalit\u00e4t, was diese Brille ideal f\u00fcr den Alltag und die Arbeit macht. Der Rahmen besteht aus leichtem C-5-Metall, das kaum sp\u00fcrbar, aber dennoch haltbar und formschl\u00fcssig ist. Dank des Drei-Punkt-Sitzes und der verstellbaren Nasenpads sitzt die Extender den ganzen Tag \u00fcber stabil und pr\u00e4zise ausgerichtet. Das Design ist vom ber\u00fchmten Oakley Blender Stil inspiriert, aber in einem modernen und raffinierten Look.   <\/p>\n<p data-start=\"688\" data-end=\"1139\">- Ultrad\u00fcnnes, rechteckiges Design mit modernem und minimalistischem Look<br data-start=\"766\" data-end=\"769\">- Hergestellt aus leichtem C-5-Metall f\u00fcr lang anhaltenden Tragekomfort<br data-start=\"834\" data-end=\"837\">- Weiche Ohrensch\u00fctzer an den Beinen f\u00fcr zus\u00e4tzlichen Komfort beim Tragen<br data-start=\"906\" data-end=\"909\">- Drei-Punkt-Sitz f\u00fcr optimale Ausrichtung und Stabilit\u00e4t<br data-start=\"966\" data-end=\"969\">- Verstellbare Nasenpads f\u00fcr eine individuelle und bequeme Passform<br data-start=\"1037\" data-end=\"1040\">- Kann mit hochwertigen Specialspex-Gl\u00e4sern ausgestattet werden<br data-start=\"1099\" data-end=\"1102\">- Inklusive Schutzetui<\/p>\n","protected":false},"featured_media":62950,"template":"","meta":[],"product_brand":[806],"product_cat":[696],"product_tag":[],"class_list":{"0":"post-76106","1":"product","2":"type-product","3":"status-publish","4":"has-post-thumbnail","6":"product_brand-oakley","7":"product_cat-sport-laessig","8":"pa_geschikt-voor-frauen","9":"pa_geschikt-voor-manner","10":"pa_kleur-montuur-braun","11":"pa_kleur-montuur-schwarz","12":"pa_maat-montuur-gross","13":"pa_maat-montuur-medium","14":"pa_soort-bril-op-sterkte-mit-sehstaerke","16":"first","17":"instock","18":"sale","19":"shipping-taxable","20":"purchasable","21":"product-type-variable"},"_links":{"self":[{"href":"https:\/\/www.specialspex.com\/de\/wp-json\/wp\/v2\/product\/76106","targetHints":{"allow":["GET"]}}],"collection":[{"href":"https:\/\/www.specialspex.com\/de\/wp-json\/wp\/v2\/product"}],"about":[{"href":"https:\/\/www.specialspex.com\/de\/wp-json\/wp\/v2\/types\/product"}],"wp:featuredmedia":[{"embeddable":true,"href":"https:\/\/www.specialspex.com\/de\/wp-json\/wp\/v2\/media\/62950"}],"wp:attachment":[{"href":"https:\/\/www.specialspex.com\/de\/wp-json\/wp\/v2\/media?parent=76106"}],"wp:term":[{"taxonomy":"product_brand","embeddable":true,"href":"https:\/\/www.specialspex.com\/de\/wp-json\/wp\/v2\/product_brand?post=76106"},{"taxonomy":"product_cat","embeddable":true,"href":"https:\/\/www.specialspex.com\/de\/wp-json\/wp\/v2\/product_cat?post=76106"},{"taxonomy":"product_tag","embeddable":true,"href":"https:\/\/www.specialspex.com\/de\/wp-json\/wp\/v2\/product_tag?post=76106"}],"curies":[{"name":"wp","href":"https:\/\/api.w.org\/{rel}","templated":true}]}}