{"id":76120,"date":"2025-11-25T17:24:41","date_gmt":"2025-11-25T16:24:41","guid":{"rendered":"https:\/\/specialspex.com\/product\/shark\/"},"modified":"2026-04-18T12:08:49","modified_gmt":"2026-04-18T10:08:49","slug":"shark","status":"publish","type":"product","link":"https:\/\/www.specialspex.com\/de\/sport-laessig\/gloryfy-shark\/","title":{"rendered":"Shark"},"content":{"rendered":"<p data-start=\"232\" data-end=\"654\">Die Gloryfy Shark ist eine unzerbrechliche Kinderbrille (4-10 Jahre), die maximale Sicherheit mit einem leichten und bequemen Design kombiniert. Dank des flexiblen und nahezu unzerst\u00f6rbaren Materials bleiben sowohl der Rahmen als auch die Gl\u00e4ser intakt, wenn sie herunterfallen, angesto\u00dfen oder verbogen werden - ideal f\u00fcr aktive Kinder, die gerne drau\u00dfen spielen, Sport treiben oder sich viel bewegen. Der stabile Sitz sorgt daf\u00fcr, dass die Brille bei jeder Aktivit\u00e4t an ihrem Platz bleibt.  <\/p>\n<p data-start=\"656\" data-end=\"856\">Wie alle Gloryfy-Modelle wird auch die Shark in Tirol (\u00d6sterreich) produziert, wo Hightech-Fertigung und pr\u00e4zise Handarbeit zusammenkommen, um Brillen herzustellen, die viel aushalten und lange halten.<\/p>\n<p data-start=\"858\" data-end=\"1159\">- Unzerbrechliche Konstruktion und unzerbrechliche Gl\u00e4ser<br data-start=\"905\" data-end=\"908\">- Leichtes, flexibles Design f\u00fcr hohen Tragekomfort<br data-start=\"963\" data-end=\"966\">- Stabiler Sitz, ideal f\u00fcr aktive Kinder<br data-start=\"1014\" data-end=\"1017\">- Mit hochwertigen Specialspex-Gl\u00e4sern erh\u00e4ltlich<br data-start=\"1076\" data-end=\"1079\">- Perfekt f\u00fcr Spiel, Sport und Schule im Freien<br data-start=\"1123\" data-end=\"1126\">- Hergestellt in Tirol (\u00d6sterreich)<\/p>\n","protected":false},"excerpt":{"rendered":"<p data-start=\"232\" data-end=\"654\">Die Gloryfy Shark (4-10 Jahre) ist eine unzerbrechliche Kinderbrille, die maximale Sicherheit mit einem leichten und bequemen Design verbindet. Dank des flexiblen und nahezu unzerst\u00f6rbaren Materials bleiben sowohl der Rahmen als auch die Gl\u00e4ser intakt, wenn sie herunterfallen, angesto\u00dfen oder verbogen werden - ideal f\u00fcr aktive Kinder, die gerne drau\u00dfen spielen, Sport treiben oder sich viel bewegen. Der stabile Sitz sorgt daf\u00fcr, dass die Brille bei jeder Aktivit\u00e4t an ihrem Platz bleibt.  <\/p>\n<p data-start=\"656\" data-end=\"856\">Wie alle Gloryfy-Modelle wird auch die Shark in Tirol (\u00d6sterreich) hergestellt, wo Hightech-Fertigung und pr\u00e4zise Handarbeit zusammenkommen, um Brillen zu produzieren, die viel aushalten und lange halten.<\/p>\n<p data-start=\"858\" data-end=\"1159\">- Unzerbrechliche Konstruktion und unzerbrechliche Gl\u00e4ser<br data-start=\"905\" data-end=\"908\">- Leichtes, flexibles Design f\u00fcr hohen Tragekomfort<br data-start=\"963\" data-end=\"966\">- Stabiler Sitz, ideal f\u00fcr aktive Kinder<br data-start=\"1014\" data-end=\"1017\">- Mit hochwertigen Specialspex-Gl\u00e4sern erh\u00e4ltlich<br data-start=\"1076\" data-end=\"1079\">- Perfekt f\u00fcr Spiel, Sport und Schule im Freien<br data-start=\"1123\" data-end=\"1126\">- Hergestellt in Tirol (\u00d6sterreich)<\/p>\n","protected":false},"featured_media":66603,"template":"","meta":[],"product_brand":[823],"product_cat":[696,594],"product_tag":[],"class_list":{"0":"post-76120","1":"product","2":"type-product","3":"status-publish","4":"has-post-thumbnail","6":"product_brand-gloryfy","7":"product_cat-sport-laessig","8":"product_cat-sportbrillen-fuer-kinder","9":"pa_geschikt-voor-sportbrillen-fuer-kinder","10":"pa_kleur-montuur-blau","11":"pa_kleur-montuur-gelb","12":"pa_kleur-montuur-transparent-klar","13":"pa_maat-montuur-kinder-4-8-jahre","14":"pa_maat-montuur-kinder-6-10-jahre","15":"pa_soort-bril-op-sterkte-mit-sehstaerke","17":"first","18":"instock","19":"shipping-taxable","20":"purchasable","21":"product-type-variable"},"_links":{"self":[{"href":"https:\/\/www.specialspex.com\/de\/wp-json\/wp\/v2\/product\/76120","targetHints":{"allow":["GET"]}}],"collection":[{"href":"https:\/\/www.specialspex.com\/de\/wp-json\/wp\/v2\/product"}],"about":[{"href":"https:\/\/www.specialspex.com\/de\/wp-json\/wp\/v2\/types\/product"}],"wp:featuredmedia":[{"embeddable":true,"href":"https:\/\/www.specialspex.com\/de\/wp-json\/wp\/v2\/media\/66603"}],"wp:attachment":[{"href":"https:\/\/www.specialspex.com\/de\/wp-json\/wp\/v2\/media?parent=76120"}],"wp:term":[{"taxonomy":"product_brand","embeddable":true,"href":"https:\/\/www.specialspex.com\/de\/wp-json\/wp\/v2\/product_brand?post=76120"},{"taxonomy":"product_cat","embeddable":true,"href":"https:\/\/www.specialspex.com\/de\/wp-json\/wp\/v2\/product_cat?post=76120"},{"taxonomy":"product_tag","embeddable":true,"href":"https:\/\/www.specialspex.com\/de\/wp-json\/wp\/v2\/product_tag?post=76120"}],"curies":[{"name":"wp","href":"https:\/\/api.w.org\/{rel}","templated":true}]}}