{"id":76122,"date":"2025-11-25T17:55:42","date_gmt":"2025-11-25T16:55:42","guid":{"rendered":"https:\/\/specialspex.com\/product\/vistair-y\/"},"modified":"2025-11-25T17:55:42","modified_gmt":"2025-11-25T16:55:42","slug":"vistair-y","status":"publish","type":"product","link":"https:\/\/www.specialspex.com\/de\/sportbrille\/laufen\/evil-eye-vistair-y\/","title":{"rendered":"Vistair-y"},"content":{"rendered":"<p data-start=\"131\" data-end=\"631\">Die Vistair-Y ist eine ultraleichte Vier-Jahreszeiten-Sportbrille, die f\u00fcr Geschwindigkeit und Ausdauer gemacht ist. Der minimalistische Rahmen und die gro\u00dfe Scheibenform bieten dir eine weite, ungehinderte Sicht, w\u00e4hrend das geringe Gewicht daf\u00fcr sorgt, dass du die Brille kaum sp\u00fcrst. Sie ist ideal zum Radfahren, Skilanglauf und f\u00fcr jedes Training, bei dem du \u00fcber einen l\u00e4ngeren Zeitraum sowohl Komfort als auch Schutz brauchst. Die offene Konstruktion sorgt f\u00fcr gute Bel\u00fcftung und h\u00e4lt das Gesicht k\u00fchl, selbst bei intensiven Anstiegen oder schnellen Abfahrten.   <\/p>\n<p data-start=\"633\" data-end=\"1000\">- Superleichter Rahmen f\u00fcr lang anhaltenden Tragekomfort<br data-start=\"679\" data-end=\"682\">- Gro\u00dfe, offene Scheibenform mit weitem Sichtfeld<br data-start=\"727\" data-end=\"730\">- Stabiler Sitz durch rutschfeste Nasenpads und verstellbare F\u00fc\u00dfe<br data-start=\"794\" data-end=\"797\">- Gute Bel\u00fcftung f\u00fcr reduzierte Ablagerungen und ein k\u00fchles Gef\u00fchl<br data-start=\"854\" data-end=\"857\">- Geeignet f\u00fcr Radfahren, Skilanglauf und t\u00e4gliches Sporttraining<br data-start=\"920\" data-end=\"923\">- Kompatibel mit verschreibungspflichtigen Gl\u00e4sern oder einem Insert-Clip<\/p>\n","protected":false},"excerpt":{"rendered":"<p data-start=\"131\" data-end=\"631\">Die Vistair-Y ist eine ultraleichte Vier-Jahreszeiten-Sportbrille, die f\u00fcr<\/p>\n<p data-start=\"131\" data-end=\"631\">Geschwindigkeit und Ausdauer. Der minimalistische Rahmen und die gro\u00dfe Scheibenform bieten dir eine breite, ungehinderte Sicht, w\u00e4hrend das geringe Gewicht daf\u00fcr sorgt, dass du die Brille kaum sp\u00fcrst. Sie ist ideal f\u00fcr Radfahren, Skilanglauf und jedes Training, bei dem du \u00fcber einen l\u00e4ngeren Zeitraum sowohl Komfort als auch Schutz brauchst. Die offene Konstruktion sorgt f\u00fcr gute Bel\u00fcftung und h\u00e4lt das Gesicht k\u00fchl, selbst bei intensiven Anstiegen oder schnellen Abfahrten.   <\/p>\n<p data-start=\"633\" data-end=\"1000\">- Superleichter Rahmen f\u00fcr lang anhaltenden Tragekomfort<br data-start=\"679\" data-end=\"682\">- Gro\u00dfe, offene Scheibenform mit breitem Sichtfeld<br data-start=\"727\" data-end=\"730\">- Stabiler Sitz durch rutschfeste Nasenpads und verstellbare Beine<br data-start=\"794\" data-end=\"797\">- Gute Bel\u00fcftung f\u00fcr reduzierte Ablagerungen und ein k\u00fchles Gef\u00fchl<br data-start=\"854\" data-end=\"857\">- Geeignet f\u00fcr Radfahren, Skilanglauf und t\u00e4gliches Sporttraining<br data-start=\"920\" data-end=\"923\">- Kompatibel mit verschreibungspflichtigen Gl\u00e4sern im Visier.<\/p>\n[video width=\"1920\" height=\"1080\" mp4=\"https:\/\/specialspex.com\/wp-content\/uploads\/2025\/11\/short_clip_cycling_169.mp4\"][\/video]\n","protected":false},"featured_media":73408,"template":"","meta":[],"product_brand":[808],"product_cat":[560,561,559,662],"product_tag":[],"class_list":{"0":"post-76122","1":"product","2":"type-product","3":"status-publish","4":"has-post-thumbnail","6":"product_brand-evil-eye","7":"product_cat-laufen","8":"product_cat-radfahren","9":"product_cat-radfahrerbrille","10":"product_cat-trailrunning","11":"pa_geschikt-voor-manner","12":"pa_kleur-montuur-blau","13":"pa_maat-montuur-gross","14":"pa_maat-montuur-medium","15":"pa_soort-bril-op-sterkte-ohne-sehstaerke","16":"pa_soort-bril-op-sterkte-with-prescription-insert","18":"first","19":"instock","20":"sale","21":"shipping-taxable","22":"purchasable","23":"product-type-simple"},"_links":{"self":[{"href":"https:\/\/www.specialspex.com\/de\/wp-json\/wp\/v2\/product\/76122","targetHints":{"allow":["GET"]}}],"collection":[{"href":"https:\/\/www.specialspex.com\/de\/wp-json\/wp\/v2\/product"}],"about":[{"href":"https:\/\/www.specialspex.com\/de\/wp-json\/wp\/v2\/types\/product"}],"wp:featuredmedia":[{"embeddable":true,"href":"https:\/\/www.specialspex.com\/de\/wp-json\/wp\/v2\/media\/73408"}],"wp:attachment":[{"href":"https:\/\/www.specialspex.com\/de\/wp-json\/wp\/v2\/media?parent=76122"}],"wp:term":[{"taxonomy":"product_brand","embeddable":true,"href":"https:\/\/www.specialspex.com\/de\/wp-json\/wp\/v2\/product_brand?post=76122"},{"taxonomy":"product_cat","embeddable":true,"href":"https:\/\/www.specialspex.com\/de\/wp-json\/wp\/v2\/product_cat?post=76122"},{"taxonomy":"product_tag","embeddable":true,"href":"https:\/\/www.specialspex.com\/de\/wp-json\/wp\/v2\/product_tag?post=76122"}],"curies":[{"name":"wp","href":"https:\/\/api.w.org\/{rel}","templated":true}]}}