{"id":76124,"date":"2025-11-25T17:03:38","date_gmt":"2025-11-25T16:03:38","guid":{"rendered":"https:\/\/specialspex.com\/product\/gi15-st-pauli\/"},"modified":"2025-11-25T17:03:38","modified_gmt":"2025-11-25T16:03:38","slug":"gi15-st-pauli","status":"publish","type":"product","link":"https:\/\/www.specialspex.com\/de\/sportbrille\/gloryfy-gi15-st-pauli\/","title":{"rendered":"Gi15 St. Pauli"},"content":{"rendered":"<p data-start=\"231\" data-end=\"722\">Die Gloryfy Gi15 St Pauli ist eine unzerbrechliche Lifestyle- und Sportsonnenbrille, die maximalen Schutz mit einem stilvollen, zeitlosen Look kombiniert. Das flexible und nahezu unzerst\u00f6rbare Material sorgt daf\u00fcr, dass sowohl der Rahmen als auch die Gl\u00e4ser bei einem Aufprall oder einer Verformung intakt bleiben, was diese Brille ideal f\u00fcr den Alltag, Reisen und sportliche Aktivit\u00e4ten macht. Dank der kontrastverst\u00e4rkenden Premium-Gl\u00e4ser genie\u00dft du bei unterschiedlichen Lichtverh\u00e4ltnissen eine klare und scharfe Sicht.   <\/p>\n<p data-start=\"724\" data-end=\"940\">Der Gi15 St Pauli wird in Tirol (\u00d6sterreich) hergestellt, wo in der hauseigenen Gloryfy-Produktionsst\u00e4tte moderne Hightech-Technologie und pr\u00e4zise Handarbeit zusammenkommen - f\u00fcr kompromisslose Qualit\u00e4t und Langlebigkeit. <\/p>\n<p data-start=\"942\" data-end=\"1308\">- Unzerbrechliche Konstruktion und unzerbrechliche, kontrastverst\u00e4rkende Premium-Gl\u00e4ser<br data-start=\"1017\" data-end=\"1020\">- Leichtes Design mit hohem Tragekomfort<br data-start=\"1064\" data-end=\"1067\">- Stabiler und bequemer Sitz f\u00fcr Alltag und Freizeit<br data-start=\"1138\" data-end=\"1141\">- Kann mit verschreibungspflichtigen Gloryfy Original-Gl\u00e4sern, die in den Rahmen eingeschliffen sind, erworben werden<br data-start=\"1217\" data-end=\"1220\">- Perfekt f\u00fcr Lifestyle, Reisen und Sport<br data-start=\"1272\" data-end=\"1275\">- Hergestellt in Tirol (\u00d6sterreich)<\/p>\n","protected":false},"excerpt":{"rendered":"<p data-start=\"231\" data-end=\"722\">Die Gloryfy Gi15 St Pauli ist eine unzerbrechliche Lifestyle- und Sportsonnenbrille, die maximalen Schutz mit einem stilvollen, zeitlosen Look kombiniert. Das flexible und nahezu unzerst\u00f6rbare Material sorgt daf\u00fcr, dass sowohl der Rahmen als auch die Gl\u00e4ser bei einem Aufprall oder einer Verformung intakt bleiben, wodurch sich diese Brille ideal f\u00fcr den t\u00e4glichen Gebrauch, f\u00fcr Reisen und sportliche Aktivit\u00e4ten eignet. Dank der kontrastverst\u00e4rkenden Premium-Gl\u00e4ser genie\u00dft du bei unterschiedlichen Lichtverh\u00e4ltnissen eine klare und scharfe Sicht.   <\/p>\n<p data-start=\"724\" data-end=\"940\">Der Gi15 St Pauli wird in Tirol (\u00d6sterreich) hergestellt, wo in der hauseigenen Gloryfy-Produktionsst\u00e4tte moderne Hightech-Technologie und pr\u00e4zise Handarbeit zusammenkommen - f\u00fcr kompromisslose Qualit\u00e4t und Langlebigkeit. <\/p>\n<p data-start=\"942\" data-end=\"1308\">- Unzerbrechliche Konstruktion und unzerbrechliche, kontrastverst\u00e4rkende Premium-Gl\u00e4ser<br data-start=\"1017\" data-end=\"1020\">- Leichtes Design mit hohem Tragekomfort<br data-start=\"1064\" data-end=\"1067\">- Stabiler und bequemer Sitz f\u00fcr Alltag und Freizeit<br data-start=\"1138\" data-end=\"1141\">- Kann mit verschreibungspflichtigen Gloryfy Original-Gl\u00e4sern, die in den Rahmen eingeschliffen sind, erworben werden<br data-start=\"1217\" data-end=\"1220\">- Perfekt f\u00fcr Lifestyle, Reisen und Sport<br data-start=\"1272\" data-end=\"1275\">- Hergestellt in Tirol (\u00d6sterreich)<\/p>\n","protected":false},"featured_media":66578,"template":"","meta":[],"product_brand":[823],"product_cat":[584],"product_tag":[],"class_list":{"0":"post-76124","1":"product","2":"type-product","3":"status-publish","4":"has-post-thumbnail","6":"product_brand-gloryfy","7":"product_cat-sportbrille","8":"pa_geschikt-voor-frauen","9":"pa_geschikt-voor-manner","10":"pa_kleur-montuur-schwarz","11":"pa_kleur-montuur-schwarz-3","12":"pa_maat-montuur-extra-gros","13":"pa_maat-montuur-gross","14":"pa_soort-bril-op-sterkte-mit-sehstaerke","15":"pa_soort-bril-op-sterkte-ohne-sehstaerke","17":"first","18":"instock","19":"shipping-taxable","20":"purchasable","21":"product-type-variable"},"_links":{"self":[{"href":"https:\/\/www.specialspex.com\/de\/wp-json\/wp\/v2\/product\/76124","targetHints":{"allow":["GET"]}}],"collection":[{"href":"https:\/\/www.specialspex.com\/de\/wp-json\/wp\/v2\/product"}],"about":[{"href":"https:\/\/www.specialspex.com\/de\/wp-json\/wp\/v2\/types\/product"}],"wp:featuredmedia":[{"embeddable":true,"href":"https:\/\/www.specialspex.com\/de\/wp-json\/wp\/v2\/media\/66578"}],"wp:attachment":[{"href":"https:\/\/www.specialspex.com\/de\/wp-json\/wp\/v2\/media?parent=76124"}],"wp:term":[{"taxonomy":"product_brand","embeddable":true,"href":"https:\/\/www.specialspex.com\/de\/wp-json\/wp\/v2\/product_brand?post=76124"},{"taxonomy":"product_cat","embeddable":true,"href":"https:\/\/www.specialspex.com\/de\/wp-json\/wp\/v2\/product_cat?post=76124"},{"taxonomy":"product_tag","embeddable":true,"href":"https:\/\/www.specialspex.com\/de\/wp-json\/wp\/v2\/product_tag?post=76124"}],"curies":[{"name":"wp","href":"https:\/\/api.w.org\/{rel}","templated":true}]}}