{"id":76136,"date":"2025-11-25T16:07:06","date_gmt":"2025-11-25T15:07:06","guid":{"rendered":"https:\/\/specialspex.com\/product\/skiclip\/"},"modified":"2026-05-04T11:42:48","modified_gmt":"2026-05-04T09:42:48","slug":"skiclip","status":"publish","type":"product","link":"https:\/\/www.specialspex.com\/de\/optischer-clip\/specialspex-skiclip\/","title":{"rendered":"Universele Clip voor goggles of skibril"},"content":{"rendered":"<p data-start=\"154\" data-end=\"541\">Fahre sorglos Ski mit deiner eigenen Skibrille mit Sehst\u00e4rke. Mit einem speziellen Skiclip kannst du jede Skibrille ganz einfach in eine Korrektionsbrille verwandeln. Gib bei deiner Bestellung die Marke und den Typ deiner Skibrille an, damit wir den perfekten Skiclip f\u00fcr dich ausw\u00e4hlen k\u00f6nnen.<\/p>\n<p data-start=\"543\" data-end=\"838\" data-is-last-node=\"\" data-is-only-node=\"\">- Einfaches Anfertigen einer Skibrille mit Sehst\u00e4rke<br data-start=\"584\" data-end=\"587\" \/>- Geeignet f\u00fcr alle Skibrillentypen<br data-start=\"685\" data-end=\"688\" \/>- Inklusive verschreibungspflichtiger Einst\u00e4rkengl\u00e4ser<br data-start=\"730\" data-end=\"733\" \/>- M\u00f6glichkeit von Gleitsichtgl\u00e4sern (mit Leseteil)<br data-start=\"785\" data-end=\"788\" \/>- Optional mit Antibeschlagbeschichtung f\u00fcr klare Sicht<\/p>\n","protected":false},"excerpt":{"rendered":"<p data-start=\"154\" data-end=\"541\">Fahre sorglos Ski mit deiner eigenen Skibrille mit Sehst\u00e4rke. Mit einem speziellen Skiclip kannst du jede Skibrille ganz einfach in eine Korrektionsbrille verwandeln. Gib bei deiner Bestellung die Marke und den Typ deiner Skibrille an, damit wir den perfekten Skiclip f\u00fcr dich ausw\u00e4hlen k\u00f6nnen.<\/p>\n<p data-start=\"543\" data-end=\"838\" data-is-last-node=\"\" data-is-only-node=\"\">- Einfache Herstellung einer Skibrille mit Sehst\u00e4rke<br data-start=\"584\" data-end=\"587\" \/>- Geeignet f\u00fcr alle Skibrillentypen<br data-start=\"685\" data-end=\"688\" \/>- Inklusive verschreibungspflichtiger Einst\u00e4rkengl\u00e4ser<br data-start=\"730\" data-end=\"733\" \/>- M\u00f6glichkeit von Gleitsichtgl\u00e4sern (mit Leseteil)<br data-start=\"785\" data-end=\"788\" \/>- Optional mit Antibeschlagbeschichtung f\u00fcr klare Sicht<\/p>\n<p data-start=\"457\" data-end=\"796\" data-is-last-node=\"\" data-is-only-node=\"\">\n","protected":false},"featured_media":56410,"template":"","meta":[],"product_brand":[783],"product_cat":[682,698,700],"product_tag":[],"class_list":{"0":"post-76136","1":"product","2":"type-product","3":"status-publish","4":"has-post-thumbnail","6":"product_brand-specialspex","7":"product_cat-optischer-clip","8":"product_cat-ski-und-snowboardbrillen","9":"product_cat-wintersport","10":"pa_geschikt-voor-frauen","11":"pa_geschikt-voor-manner","12":"pa_kleur-montuur-transparent-klar","13":"pa_soort-bril-op-sterkte-geeignet-fuer-hohe-staerken","14":"pa_soort-bril-op-sterkte-mit-sehstaerke","16":"first","17":"instock","18":"shipping-taxable","19":"purchasable","20":"product-type-simple"},"_links":{"self":[{"href":"https:\/\/www.specialspex.com\/de\/wp-json\/wp\/v2\/product\/76136","targetHints":{"allow":["GET"]}}],"collection":[{"href":"https:\/\/www.specialspex.com\/de\/wp-json\/wp\/v2\/product"}],"about":[{"href":"https:\/\/www.specialspex.com\/de\/wp-json\/wp\/v2\/types\/product"}],"wp:featuredmedia":[{"embeddable":true,"href":"https:\/\/www.specialspex.com\/de\/wp-json\/wp\/v2\/media\/56410"}],"wp:attachment":[{"href":"https:\/\/www.specialspex.com\/de\/wp-json\/wp\/v2\/media?parent=76136"}],"wp:term":[{"taxonomy":"product_brand","embeddable":true,"href":"https:\/\/www.specialspex.com\/de\/wp-json\/wp\/v2\/product_brand?post=76136"},{"taxonomy":"product_cat","embeddable":true,"href":"https:\/\/www.specialspex.com\/de\/wp-json\/wp\/v2\/product_cat?post=76136"},{"taxonomy":"product_tag","embeddable":true,"href":"https:\/\/www.specialspex.com\/de\/wp-json\/wp\/v2\/product_tag?post=76136"}],"curies":[{"name":"wp","href":"https:\/\/api.w.org\/{rel}","templated":true}]}}