{"id":76142,"date":"2025-11-25T15:55:40","date_gmt":"2025-11-25T14:55:40","guid":{"rendered":"https:\/\/specialspex.com\/product\/g40\/"},"modified":"2025-11-25T15:55:40","modified_gmt":"2025-11-25T14:55:40","slug":"g40","status":"publish","type":"product","link":"https:\/\/www.specialspex.com\/de\/sportbrille\/radfahrerbrille\/gravelbiker-radfahren\/gloryfy-g40\/","title":{"rendered":"G40"},"content":{"rendered":"<p data-start=\"241\" data-end=\"663\">Die Gloryfy G40 ist eine ultraleichte und v\u00f6llig unzerbrechliche Sportbrille, die maximalen Schutz und ein breites, ungehindertes Sichtfeld bietet. Dank der optimalen Bel\u00fcftung bleibt deine Sicht beim Radfahren, Mountainbiken oder Laufen klar. Die unzerbrechlichen Gl\u00e4ser sorgen f\u00fcr hohe Leistung und zuverl\u00e4ssige Sicht, w\u00e4hrend die stabile Passform daf\u00fcr sorgt, dass die Brille auch bei intensiven Aktivit\u00e4ten perfekt sitzt.  <\/p>\n<p data-start=\"665\" data-end=\"887\">Diese Shield Sportbrille ist ideal f\u00fcr Sport, Alltag und Reisen. Die Produktion findet in Tirol (\u00d6sterreich) statt, wo Hightech-Fertigung und pr\u00e4zise Handarbeit zusammenkommen, um Brillen von au\u00dfergew\u00f6hnlicher Qualit\u00e4t herzustellen. <\/p>\n<p data-start=\"889\" data-end=\"1174\">- Unzerbrechliche Konstruktion und unzerbrechliche Gl\u00e4ser f\u00fcr maximale Sicherheit<br data-start=\"961\" data-end=\"964\">- Weites, ger\u00e4umiges Sichtfeld mit hervorragender Bel\u00fcftung<br data-start=\"1017\" data-end=\"1020\">- Perfekter, stabiler Sitz bei intensivem Sport<br data-start=\"1073\" data-end=\"1076\">- Hoher Komfort und klare Sicht, ideal f\u00fcr alle Outdoor-Sportarten<br data-start=\"1138\" data-end=\"1141\">- Hergestellt in Tirol (\u00d6sterreich)<\/p>\n","protected":false},"excerpt":{"rendered":"<p data-start=\"241\" data-end=\"663\">Die Gloryfy G40 ist eine ultraleichte und v\u00f6llig unzerbrechliche Sportbrille, die maximalen Schutz und ein breites, ungehindertes Sichtfeld bietet. Dank der optimalen Bel\u00fcftung bleibt deine Sicht beim Radfahren, Mountainbiken oder Laufen klar. Die unzerbrechlichen Gl\u00e4ser sorgen f\u00fcr hohe Leistung und zuverl\u00e4ssige Sicht, w\u00e4hrend die stabile Passform daf\u00fcr sorgt, dass die Brille auch bei intensiver Aktivit\u00e4t perfekt sitzt.  <\/p>\n<p data-start=\"665\" data-end=\"887\">Diese Shield Sportbrille ist ideal f\u00fcr Sport, Alltag und Reisen. Die Produktion findet in Tirol (\u00d6sterreich) statt, wo Hightech-Fertigung und pr\u00e4zise Handarbeit zusammenkommen, um Brillen von au\u00dfergew\u00f6hnlicher Qualit\u00e4t herzustellen. <\/p>\n<p data-start=\"889\" data-end=\"1174\">- Unzerbrechliche Konstruktion und unzerbrechliche Gl\u00e4ser f\u00fcr maximale Sicherheit<br data-start=\"961\" data-end=\"964\">- Weites, ger\u00e4umiges Sichtfeld mit hervorragender Bel\u00fcftung<br data-start=\"1017\" data-end=\"1020\">- Perfekter, stabiler Sitz bei intensivem Sport<br data-start=\"1073\" data-end=\"1076\">- Hoher Komfort und klare Sicht, ideal f\u00fcr alle Outdoor-Sportarten<br data-start=\"1138\" data-end=\"1141\">- Hergestellt in Tirol (\u00d6sterreich)<\/p>\n","protected":false},"featured_media":66480,"template":"","meta":[],"product_brand":[823],"product_cat":[584,639,638,561,559],"product_tag":[],"class_list":{"0":"post-76142","1":"product","2":"type-product","3":"status-publish","4":"has-post-thumbnail","6":"product_brand-gloryfy","7":"product_cat-sportbrille","8":"product_cat-gravelbiker-radfahren","9":"product_cat-mountainbiking","10":"product_cat-radfahren","11":"product_cat-radfahrerbrille","12":"pa_geschikt-voor-frauen","13":"pa_geschikt-voor-manner","14":"pa_kleur-montuur-grau","15":"pa_maat-montuur-extra-gros","16":"pa_maat-montuur-gross","17":"pa_soort-bril-op-sterkte-ohne-sehstaerke","19":"first","20":"instock","21":"shipping-taxable","22":"purchasable","23":"product-type-simple"},"_links":{"self":[{"href":"https:\/\/www.specialspex.com\/de\/wp-json\/wp\/v2\/product\/76142","targetHints":{"allow":["GET"]}}],"collection":[{"href":"https:\/\/www.specialspex.com\/de\/wp-json\/wp\/v2\/product"}],"about":[{"href":"https:\/\/www.specialspex.com\/de\/wp-json\/wp\/v2\/types\/product"}],"wp:featuredmedia":[{"embeddable":true,"href":"https:\/\/www.specialspex.com\/de\/wp-json\/wp\/v2\/media\/66480"}],"wp:attachment":[{"href":"https:\/\/www.specialspex.com\/de\/wp-json\/wp\/v2\/media?parent=76142"}],"wp:term":[{"taxonomy":"product_brand","embeddable":true,"href":"https:\/\/www.specialspex.com\/de\/wp-json\/wp\/v2\/product_brand?post=76142"},{"taxonomy":"product_cat","embeddable":true,"href":"https:\/\/www.specialspex.com\/de\/wp-json\/wp\/v2\/product_cat?post=76142"},{"taxonomy":"product_tag","embeddable":true,"href":"https:\/\/www.specialspex.com\/de\/wp-json\/wp\/v2\/product_tag?post=76142"}],"curies":[{"name":"wp","href":"https:\/\/api.w.org\/{rel}","templated":true}]}}