{"id":76146,"date":"2025-11-25T16:19:50","date_gmt":"2025-11-25T15:19:50","guid":{"rendered":"https:\/\/specialspex.com\/product\/stoked\/"},"modified":"2025-11-25T16:19:50","modified_gmt":"2025-11-25T15:19:50","slug":"stoked","status":"publish","type":"product","link":"https:\/\/www.specialspex.com\/de\/sportbrille\/wassersport\/fisch\/evil-eye-stoked\/","title":{"rendered":"Stoked"},"content":{"rendered":"<p data-start=\"179\" data-end=\"653\">Die Evil Eye Stoked ist eine Sportbrille, die f\u00fcr vielseitige Outdoor-Aktivit\u00e4ten entwickelt wurde, mit einer stabilen Passform und einer modernen, vollst\u00e4ndig umschlie\u00dfenden Scheibenform. Der leichte PPX-Rahmen bietet eine Kombination aus Flexibilit\u00e4t und Strapazierf\u00e4higkeit und sorgt daf\u00fcr, dass die Brille auch bei l\u00e4ngeren Fahrten auf dem Rad, beim Trailrunning oder beim t\u00e4glichen Sport bequem sitzt. Die Wrap-Around-Konstruktion bietet ein weites Sichtfeld und sch\u00fctzt effektiv vor Wind, Staub und hellem Licht.  <\/p>\n<p data-start=\"655\" data-end=\"1083\">Die Stoked verf\u00fcgt \u00fcber eine Bel\u00fcftungsstruktur in der Scheibe, die den Luftstrom verbessert und die Kondensation reduziert. Die verstellbaren Nasenpads und die griffigen Beine sorgen daf\u00fcr, dass die Brille auch bei intensivem Training oder hei\u00dfem Wetter immer stabil bleibt. Dank des Schnellwechselsystems f\u00fcr die Gl\u00e4ser kannst du ganz einfach zwischen verschiedenen Gl\u00e4serprogrammen wechseln, die f\u00fcr unterschiedliche Lichtverh\u00e4ltnisse geeignet sind.  <\/p>\n<p data-start=\"1085\" data-end=\"1393\">Mit Glasoptionen wie LST-Kontrastgl\u00e4sern, selbstt\u00f6nenden T\u00f6nungen oder verspiegelten Oberfl\u00e4chen bietet die Stoked zuverl\u00e4ssige Sicht bei einer Vielzahl von Sportarten. Die Scheibenform ist sportlich, scharf geschnitten und so gestaltet, dass sie eng am Gesicht entlang verl\u00e4uft. <\/p>\n<p data-start=\"1395\" data-end=\"1898\">- Wrap-around-Design mit weitem Sichtfeld<br data-start=\"1439\" data-end=\"1442\">- Leichter PPX-Rahmen f\u00fcr langanhaltenden Komfort und intensiven Gebrauch<br data-start=\"1503\" data-end=\"1506\">- Geeignet f\u00fcr mittlere bis breite Gesichter<br data-start=\"1601\" data-end=\"1604\">- Verstellbare Nasenpads und griffige Beine f\u00fcr eine stabile Fixierung<br data-start=\"1673\" data-end=\"1676\">- Erh\u00e4ltlich mit LST\u00ae-Kontrastgl\u00e4sern, verspiegelten oder selbstt\u00f6nenden Optionen<br data-start=\"1806\" data-end=\"1809\">- Entwickelt f\u00fcr den Einsatz auf dem Rad und intensive sportliche Aktivit\u00e4ten wie Radfahren, Laufen und Trail-Workouts<\/p>\n<p data-start=\"1900\" data-end=\"2101\">St\u00e4rkenoptionen: Die Stoked ist mit Korrekturgl\u00e4sern kompatibel.<\/p>\n","protected":false},"excerpt":{"rendered":"<p data-start=\"179\" data-end=\"653\">Die Evil Eye Stoked ist eine Sportbrille, die f\u00fcr vielseitige Outdoor-Aktivit\u00e4ten entwickelt wurde, mit einer stabilen Passform und einer modernen, vollst\u00e4ndig umschlie\u00dfenden Scheibenform. Der leichte PPX-Rahmen bietet eine Kombination aus Flexibilit\u00e4t und Strapazierf\u00e4higkeit und sorgt daf\u00fcr, dass die Brille auch bei l\u00e4ngeren Fahrten auf dem Bike, beim Trailrunning oder beim t\u00e4glichen Sport bequem sitzt. Die Wrap-Around-Konstruktion bietet ein weites Sichtfeld und sch\u00fctzt effektiv vor Wind, Staub und hellem Licht.  <\/p>\n<p data-start=\"655\" data-end=\"1083\">Die Stoked verf\u00fcgt \u00fcber eine Bel\u00fcftungsstruktur in der Scheibe, die die Luftzirkulation verbessert und die Kondensation reduziert. Die verstellbaren Nasenpads und die griffigen Beine sorgen daf\u00fcr, dass die Brille auch bei intensivem Sport oder hei\u00dfem Wetter immer stabil bleibt. Dank des Schnellwechselsystems f\u00fcr die Gl\u00e4ser kannst du ganz einfach zwischen verschiedenen Gl\u00e4serprogrammen wechseln, die f\u00fcr unterschiedliche Lichtverh\u00e4ltnisse geeignet sind.  <\/p>\n<p data-start=\"1085\" data-end=\"1393\">Mit Glasoptionen wie LST-Kontrastgl\u00e4sern, selbstt\u00f6nenden T\u00f6nungen oder verspiegelten Oberfl\u00e4chen bietet die Stoked zuverl\u00e4ssige Sicht bei einer Vielzahl von Sportarten. Die Scheibenform ist sportlich, scharf geschnitten und so gestaltet, dass sie eng am Gesicht entlang verl\u00e4uft. <\/p>\n<p data-start=\"1395\" data-end=\"1898\">- Wrap-around-Design mit weitem Sichtfeld<br data-start=\"1439\" data-end=\"1442\">- Leichter PPX-Rahmen f\u00fcr langanhaltenden Komfort und intensiven Gebrauch<br data-start=\"1503\" data-end=\"1506\">- Geeignet f\u00fcr mittlere bis breite Gesichter<br data-start=\"1601\" data-end=\"1604\">- Verstellbare Nasenpads und griffige Beine f\u00fcr eine stabile Fixierung<br data-start=\"1673\" data-end=\"1676\">- Erh\u00e4ltlich mit LST\u00ae-Kontrastgl\u00e4sern, verspiegelten oder selbstt\u00f6nenden Optionen<br data-start=\"1806\" data-end=\"1809\">- Entwickelt f\u00fcr den Einsatz auf dem Rad und intensive sportliche Aktivit\u00e4ten wie Radfahren, Laufen und Trail-Workouts<\/p>\n<p data-start=\"1900\" data-end=\"2101\">St\u00e4rkenoptionen: Die Stoked ist mit Korrekturgl\u00e4sern kompatibel.<\/p>\n","protected":false},"featured_media":66500,"template":"","meta":[],"product_brand":[808],"product_cat":[659,695,660,639,591,593,559,663,587,588,666],"product_tag":[],"class_list":{"0":"post-76146","1":"product","2":"type-product","3":"status-publish","4":"has-post-thumbnail","6":"product_brand-evil-eye","7":"product_cat-motorradbrille","8":"product_cat-fisch","9":"product_cat-golfbrille","10":"product_cat-gravelbiker-radfahren","11":"product_cat-padel","12":"product_cat-racket-sportarten","13":"product_cat-radfahrerbrille","14":"product_cat-segeln","15":"product_cat-squash","16":"product_cat-tennis","17":"product_cat-tourenmotorrad","18":"pa_geschikt-voor-frauen","19":"pa_geschikt-voor-manner","20":"pa_kleur-montuur-blau","21":"pa_kleur-montuur-schwarz","22":"pa_maat-montuur-gross","23":"pa_maat-montuur-medium","24":"pa_soort-bril-op-sterkte-mit-sehstaerke","25":"pa_soort-bril-op-sterkte-ohne-sehstaerke","27":"first","28":"instock","29":"sale","30":"shipping-taxable","31":"purchasable","32":"product-type-variable"},"_links":{"self":[{"href":"https:\/\/www.specialspex.com\/de\/wp-json\/wp\/v2\/product\/76146","targetHints":{"allow":["GET"]}}],"collection":[{"href":"https:\/\/www.specialspex.com\/de\/wp-json\/wp\/v2\/product"}],"about":[{"href":"https:\/\/www.specialspex.com\/de\/wp-json\/wp\/v2\/types\/product"}],"wp:featuredmedia":[{"embeddable":true,"href":"https:\/\/www.specialspex.com\/de\/wp-json\/wp\/v2\/media\/66500"}],"wp:attachment":[{"href":"https:\/\/www.specialspex.com\/de\/wp-json\/wp\/v2\/media?parent=76146"}],"wp:term":[{"taxonomy":"product_brand","embeddable":true,"href":"https:\/\/www.specialspex.com\/de\/wp-json\/wp\/v2\/product_brand?post=76146"},{"taxonomy":"product_cat","embeddable":true,"href":"https:\/\/www.specialspex.com\/de\/wp-json\/wp\/v2\/product_cat?post=76146"},{"taxonomy":"product_tag","embeddable":true,"href":"https:\/\/www.specialspex.com\/de\/wp-json\/wp\/v2\/product_tag?post=76146"}],"curies":[{"name":"wp","href":"https:\/\/api.w.org\/{rel}","templated":true}]}}