{"id":76163,"date":"2025-12-02T16:49:07","date_gmt":"2025-12-02T15:49:07","guid":{"rendered":"https:\/\/specialspex.com\/product\/explorer-2-0\/"},"modified":"2025-12-02T16:49:07","modified_gmt":"2025-12-02T15:49:07","slug":"explorer-2-0","status":"publish","type":"product","link":"https:\/\/www.specialspex.com\/de\/sportbrille\/bergsteigerbrille\/julbo-explorer-2-0\/","title":{"rendered":"Explorer 2.0"},"content":{"rendered":"<p data-start=\"43\" data-end=\"412\">Die Julbo Explorer 2.0 wurde f\u00fcr Bergsportler entwickelt, die maximalen Schutz und Komfort unter extremen Bedingungen suchen. Diese Brille eignet sich hervorragend f\u00fcr alpine Wanderungen, Gletschertouren und sonnige H\u00f6hentage. Das Design ist noch ergonomischer, leichter und besser bel\u00fcftet als das ihres Vorg\u00e4ngers, mit einem modernen, robusten Look, der voll funktional ist.  <\/p>\n<p data-start=\"414\" data-end=\"754\" data-is-last-node=\"\" data-is-only-node=\"\"><br data-start=\"437\" data-end=\"440\">- Leichter und robuster Rahmen mit ergonomischer Passform<br data-start=\"489\" data-end=\"492\" data-is-only-node=\"\">- Hochgradig sch\u00fctzende Gl\u00e4ser gegen grelles Licht und Wetterbedingungen<br data-start=\"552\" data-end=\"555\">- Sehst\u00e4rke \u00fcber Clip-in oder individuelle Gl\u00e4ser m\u00f6glich<br data-start=\"606\" data-end=\"609\">- Gute Bel\u00fcftung durch abnehmbare Seitenteile<br data-start=\"653\" data-end=\"656\">- 360\u00b0 verstellbare Beine f\u00fcr Helm oder Stirnband<br data-start=\"705\" data-end=\"708\">- Geeignet f\u00fcr Bergsteigen und Outdoor-Abenteuer<\/p>\n<p>&nbsp;<\/p>\n","protected":false},"excerpt":{"rendered":"<p data-start=\"43\" data-end=\"412\">Die Julbo Explorer 2.0 wurde f\u00fcr Bergsportler entwickelt, die maximalen Schutz und Komfort unter extremen Bedingungen suchen. Diese Brille eignet sich hervorragend f\u00fcr alpine Wanderungen, Gletschertouren und sonnige H\u00f6hentage. Das Design ist noch ergonomischer, leichter und besser bel\u00fcftet als das ihres Vorg\u00e4ngers, mit einem modernen, robusten Look, der voll funktional ist.  <\/p>\n<p data-start=\"414\" data-end=\"754\" data-is-last-node=\"\" data-is-only-node=\"\"><br data-start=\"437\" data-end=\"440\">- Leichter und robuster Rahmen mit ergonomischer Passform<br data-start=\"489\" data-end=\"492\" data-is-only-node=\"\">- Hochgradig sch\u00fctzende Gl\u00e4ser gegen grelles Licht und Wetterbedingungen<br data-start=\"552\" data-end=\"555\">- Sehst\u00e4rke \u00fcber Clip-in oder individuelle Gl\u00e4ser m\u00f6glich<br data-start=\"606\" data-end=\"609\">- Gute Bel\u00fcftung durch abnehmbare Seitenteile<br data-start=\"653\" data-end=\"656\">- 360\u00b0 verstellbare Beine f\u00fcr Helm oder Stirnband<br data-start=\"705\" data-end=\"708\">- Geeignet f\u00fcr Bergsteigen und Outdoor-Abenteuer<\/p>\n","protected":false},"featured_media":70339,"template":"","meta":[],"product_brand":[790],"product_cat":[658,699,663,688],"product_tag":[],"class_list":{"0":"post-76163","1":"product","2":"type-product","3":"status-publish","4":"has-post-thumbnail","6":"product_brand-julbo","7":"product_cat-bergsteigerbrille","8":"product_cat-gletscher","9":"product_cat-segeln","10":"product_cat-wassersport","11":"pa_geschikt-voor-frauen","12":"pa_geschikt-voor-manner","13":"pa_kleur-montuur-grau","14":"pa_kleur-montuur-schwarz","15":"pa_maat-montuur-gross","16":"pa_maat-montuur-medium","17":"pa_soort-bril-op-sterkte-mit-sehstaerke","18":"pa_soort-bril-op-sterkte-ohne-sehstaerke","20":"first","21":"instock","22":"shipping-taxable","23":"purchasable","24":"product-type-variable"},"_links":{"self":[{"href":"https:\/\/www.specialspex.com\/de\/wp-json\/wp\/v2\/product\/76163","targetHints":{"allow":["GET"]}}],"collection":[{"href":"https:\/\/www.specialspex.com\/de\/wp-json\/wp\/v2\/product"}],"about":[{"href":"https:\/\/www.specialspex.com\/de\/wp-json\/wp\/v2\/types\/product"}],"wp:featuredmedia":[{"embeddable":true,"href":"https:\/\/www.specialspex.com\/de\/wp-json\/wp\/v2\/media\/70339"}],"wp:attachment":[{"href":"https:\/\/www.specialspex.com\/de\/wp-json\/wp\/v2\/media?parent=76163"}],"wp:term":[{"taxonomy":"product_brand","embeddable":true,"href":"https:\/\/www.specialspex.com\/de\/wp-json\/wp\/v2\/product_brand?post=76163"},{"taxonomy":"product_cat","embeddable":true,"href":"https:\/\/www.specialspex.com\/de\/wp-json\/wp\/v2\/product_cat?post=76163"},{"taxonomy":"product_tag","embeddable":true,"href":"https:\/\/www.specialspex.com\/de\/wp-json\/wp\/v2\/product_tag?post=76163"}],"curies":[{"name":"wp","href":"https:\/\/api.w.org\/{rel}","templated":true}]}}